{"id":1159,"date":"2026-02-18T10:10:45","date_gmt":"2026-02-18T09:10:45","guid":{"rendered":"https:\/\/akademiki.kul.pl\/?page_id=1159"},"modified":"2026-02-18T11:01:03","modified_gmt":"2026-02-18T10:01:03","slug":"guests-rooms","status":"publish","type":"page","link":"https:\/\/akademiki.kul.pl\/?page_id=1159&lang=en","title":{"rendered":"Guest rooms"},"content":{"rendered":"\n<p><strong>You are welcome to use the guest rooms in the student residence halls of KUL<\/strong><\/p>\n\n\n\n<p>According to Order No. ROP-0101-142\/25 of the Rector of the John Paul II Catholic University of Lublin dated June 24, 2025, the fees for a place in guest rooms in KUL student dormitories are as follows:<\/p>\n\n\n\n<p>1) per day from students and doctoral students of KUL and UMCS, KUL, UM, UP, PL, WSPiA, WSSP, WSEI, WSNS:<\/p>\n\n\n\n<figure class=\"wp-block-table is-style-stripes\"><table><tbody><tr><td>student room<\/td><td><strong>&#8211;<\/strong> <strong>PLN 40<\/strong><\/td><\/tr><tr><td>2-bed lower standard guest room<\/td><td><strong>&#8211; PLN 60 per person<\/strong><\/td><\/tr><tr><td>1-bed guest room<\/td><td><strong>&#8211; PLN 80<\/strong><\/td><\/tr><tr><td>2-bed higher standard guest room<\/td><td><strong>&#8211; PLN 70 per person<\/strong><\/td><\/tr><tr><td>1-bed higher standard guest room<\/td><td><strong>&#8211; PLN 90<\/strong><\/td><\/tr><\/tbody><\/table><\/figure>\n\n\n\n<p>2) per day from other persons, rates as above + 8% VAT.<\/p>\n\n\n\n<p><strong>1. Student Residence Hall for Women &#8222;Konstantyna&#8221; in Lublin, Konstantyn\u00f3w 1D &#8211; bookings tel. 81 445 48 16<\/strong><\/p>\n\n\n\n<p><strong>2. Student Residence Hall for Men &#8222;Karol&#8221; in Lublin, Konstantyn\u00f3w 1B &#8211; bookings tel. 81 445 47 30<\/strong><\/p>\n\n\n\n<p><strong>3. Student Residence Hall for Men and Marriages &#8222;Idzi&#8221; in Lublin, Nieca\u0142a 8 &#8211; bookings tel. 81 445 30 03<\/strong><\/p>\n\n\n\n<p><strong>4. Student Residence Hall &#8222;Stella&#8221; in Stalowa Wola, Ofiar Katynia 6 &#8211; bookings tel. 81 454 55 26<\/strong><\/p>\n\n\n\n<p>It is possible to make long-term reservations for guest rooms \u2013 please contact the Administrators of individual student residences for more information.<\/p>\n","protected":false},"excerpt":{"rendered":"<p>You are welcome to use the guest rooms in the student residence halls of KUL According to Order No. ROP-0101-142\/25 of the Rector of the John Paul II Catholic University&#8230;<\/p>\n","protected":false},"author":7,"featured_media":0,"parent":0,"menu_order":0,"comment_status":"closed","ping_status":"closed","template":"","meta":{"footnotes":""},"class_list":["post-1159","page","type-page","status-publish","hentry"],"yoast_head":"<!-- This site is optimized with the Yoast SEO plugin v27.5 - https:\/\/yoast.com\/product\/yoast-seo-wordpress\/ -->\n<title>Guest rooms - Domy Studenckie KUL<\/title>\n<meta name=\"robots\" content=\"index, follow, max-snippet:-1, max-image-preview:large, max-video-preview:-1\" \/>\n<link rel=\"canonical\" href=\"https:\/\/akademiki.kul.pl\/?page_id=1159&lang=en\" \/>\n<meta property=\"og:locale\" content=\"pl_PL\" \/>\n<meta property=\"og:type\" content=\"article\" \/>\n<meta property=\"og:title\" content=\"Guest rooms - Domy Studenckie KUL\" \/>\n<meta property=\"og:description\" content=\"You are welcome to use the guest rooms in the student residence halls of KUL According to Order No. ROP-0101-142\/25 of the Rector of the John Paul II Catholic University...\" \/>\n<meta property=\"og:url\" content=\"https:\/\/akademiki.kul.pl\/?page_id=1159&amp;lang=en\" \/>\n<meta property=\"og:site_name\" content=\"Domy Studenckie KUL\" \/>\n<meta property=\"article:publisher\" content=\"https:\/\/www.facebook.com\/mdskulkonstantynow\/\" \/>\n<meta property=\"article:modified_time\" content=\"2026-02-18T10:01:03+00:00\" \/>\n<meta name=\"twitter:card\" content=\"summary_large_image\" \/>\n<meta name=\"twitter:label1\" content=\"Szacowany czas czytania\" \/>\n\t<meta name=\"twitter:data1\" content=\"2 minuty\" \/>\n<script type=\"application\/ld+json\" class=\"yoast-schema-graph\">{\"@context\":\"https:\\\/\\\/schema.org\",\"@graph\":[{\"@type\":\"WebPage\",\"@id\":\"https:\\\/\\\/akademiki.kul.pl\\\/?page_id=1159&lang=en\",\"url\":\"https:\\\/\\\/akademiki.kul.pl\\\/?page_id=1159&lang=en\",\"name\":\"Guest rooms - Domy Studenckie KUL\",\"isPartOf\":{\"@id\":\"https:\\\/\\\/akademiki.kul.pl\\\/#website\"},\"datePublished\":\"2026-02-18T09:10:45+00:00\",\"dateModified\":\"2026-02-18T10:01:03+00:00\",\"breadcrumb\":{\"@id\":\"https:\\\/\\\/akademiki.kul.pl\\\/?page_id=1159&lang=en#breadcrumb\"},\"inLanguage\":\"pl-PL\",\"potentialAction\":[{\"@type\":\"ReadAction\",\"target\":[\"https:\\\/\\\/akademiki.kul.pl\\\/?page_id=1159&lang=en\"]}]},{\"@type\":\"BreadcrumbList\",\"@id\":\"https:\\\/\\\/akademiki.kul.pl\\\/?page_id=1159&lang=en#breadcrumb\",\"itemListElement\":[{\"@type\":\"ListItem\",\"position\":1,\"name\":\"Strona g\u0142\u00f3wna\",\"item\":\"https:\\\/\\\/akademiki.kul.pl\\\/\"},{\"@type\":\"ListItem\",\"position\":2,\"name\":\"Guest rooms\"}]},{\"@type\":\"WebSite\",\"@id\":\"https:\\\/\\\/akademiki.kul.pl\\\/#website\",\"url\":\"https:\\\/\\\/akademiki.kul.pl\\\/\",\"name\":\"Domy Studenckie KUL\",\"description\":\"Akademiki z pe\u0142n\u0105 KULtur\u0105\",\"publisher\":{\"@id\":\"https:\\\/\\\/akademiki.kul.pl\\\/#organization\"},\"potentialAction\":[{\"@type\":\"SearchAction\",\"target\":{\"@type\":\"EntryPoint\",\"urlTemplate\":\"https:\\\/\\\/akademiki.kul.pl\\\/?s={search_term_string}\"},\"query-input\":{\"@type\":\"PropertyValueSpecification\",\"valueRequired\":true,\"valueName\":\"search_term_string\"}}],\"inLanguage\":\"pl-PL\"},{\"@type\":\"Organization\",\"@id\":\"https:\\\/\\\/akademiki.kul.pl\\\/#organization\",\"name\":\"Domy Studenckie KUL\",\"url\":\"https:\\\/\\\/akademiki.kul.pl\\\/\",\"logo\":{\"@type\":\"ImageObject\",\"inLanguage\":\"pl-PL\",\"@id\":\"https:\\\/\\\/akademiki.kul.pl\\\/#\\\/schema\\\/logo\\\/image\\\/\",\"url\":\"https:\\\/\\\/akademiki.kul.pl\\\/wp-content\\\/uploads\\\/2023\\\/06\\\/cropped-Korys-Piotr-logo-DS_KUL.png\",\"contentUrl\":\"https:\\\/\\\/akademiki.kul.pl\\\/wp-content\\\/uploads\\\/2023\\\/06\\\/cropped-Korys-Piotr-logo-DS_KUL.png\",\"width\":7462,\"height\":1408,\"caption\":\"Domy Studenckie KUL\"},\"image\":{\"@id\":\"https:\\\/\\\/akademiki.kul.pl\\\/#\\\/schema\\\/logo\\\/image\\\/\"},\"sameAs\":[\"https:\\\/\\\/www.facebook.com\\\/mdskulkonstantynow\\\/\",\"https:\\\/\\\/www.facebook.com\\\/zdskul\\\/\"]}]}<\/script>\n<!-- \/ Yoast SEO plugin. -->","yoast_head_json":{"title":"Guest rooms - Domy Studenckie KUL","robots":{"index":"index","follow":"follow","max-snippet":"max-snippet:-1","max-image-preview":"max-image-preview:large","max-video-preview":"max-video-preview:-1"},"canonical":"https:\/\/akademiki.kul.pl\/?page_id=1159&lang=en","og_locale":"pl_PL","og_type":"article","og_title":"Guest rooms - Domy Studenckie KUL","og_description":"You are welcome to use the guest rooms in the student residence halls of KUL According to Order No. ROP-0101-142\/25 of the Rector of the John Paul II Catholic University...","og_url":"https:\/\/akademiki.kul.pl\/?page_id=1159&lang=en","og_site_name":"Domy Studenckie KUL","article_publisher":"https:\/\/www.facebook.com\/mdskulkonstantynow\/","article_modified_time":"2026-02-18T10:01:03+00:00","twitter_card":"summary_large_image","twitter_misc":{"Szacowany czas czytania":"2 minuty"},"schema":{"@context":"https:\/\/schema.org","@graph":[{"@type":"WebPage","@id":"https:\/\/akademiki.kul.pl\/?page_id=1159&lang=en","url":"https:\/\/akademiki.kul.pl\/?page_id=1159&lang=en","name":"Guest rooms - Domy Studenckie KUL","isPartOf":{"@id":"https:\/\/akademiki.kul.pl\/#website"},"datePublished":"2026-02-18T09:10:45+00:00","dateModified":"2026-02-18T10:01:03+00:00","breadcrumb":{"@id":"https:\/\/akademiki.kul.pl\/?page_id=1159&lang=en#breadcrumb"},"inLanguage":"pl-PL","potentialAction":[{"@type":"ReadAction","target":["https:\/\/akademiki.kul.pl\/?page_id=1159&lang=en"]}]},{"@type":"BreadcrumbList","@id":"https:\/\/akademiki.kul.pl\/?page_id=1159&lang=en#breadcrumb","itemListElement":[{"@type":"ListItem","position":1,"name":"Strona g\u0142\u00f3wna","item":"https:\/\/akademiki.kul.pl\/"},{"@type":"ListItem","position":2,"name":"Guest rooms"}]},{"@type":"WebSite","@id":"https:\/\/akademiki.kul.pl\/#website","url":"https:\/\/akademiki.kul.pl\/","name":"Domy Studenckie KUL","description":"Akademiki z pe\u0142n\u0105 KULtur\u0105","publisher":{"@id":"https:\/\/akademiki.kul.pl\/#organization"},"potentialAction":[{"@type":"SearchAction","target":{"@type":"EntryPoint","urlTemplate":"https:\/\/akademiki.kul.pl\/?s={search_term_string}"},"query-input":{"@type":"PropertyValueSpecification","valueRequired":true,"valueName":"search_term_string"}}],"inLanguage":"pl-PL"},{"@type":"Organization","@id":"https:\/\/akademiki.kul.pl\/#organization","name":"Domy Studenckie KUL","url":"https:\/\/akademiki.kul.pl\/","logo":{"@type":"ImageObject","inLanguage":"pl-PL","@id":"https:\/\/akademiki.kul.pl\/#\/schema\/logo\/image\/","url":"https:\/\/akademiki.kul.pl\/wp-content\/uploads\/2023\/06\/cropped-Korys-Piotr-logo-DS_KUL.png","contentUrl":"https:\/\/akademiki.kul.pl\/wp-content\/uploads\/2023\/06\/cropped-Korys-Piotr-logo-DS_KUL.png","width":7462,"height":1408,"caption":"Domy Studenckie KUL"},"image":{"@id":"https:\/\/akademiki.kul.pl\/#\/schema\/logo\/image\/"},"sameAs":["https:\/\/www.facebook.com\/mdskulkonstantynow\/","https:\/\/www.facebook.com\/zdskul\/"]}]}},"_links":{"self":[{"href":"https:\/\/akademiki.kul.pl\/index.php?rest_route=\/wp\/v2\/pages\/1159","targetHints":{"allow":["GET"]}}],"collection":[{"href":"https:\/\/akademiki.kul.pl\/index.php?rest_route=\/wp\/v2\/pages"}],"about":[{"href":"https:\/\/akademiki.kul.pl\/index.php?rest_route=\/wp\/v2\/types\/page"}],"author":[{"embeddable":true,"href":"https:\/\/akademiki.kul.pl\/index.php?rest_route=\/wp\/v2\/users\/7"}],"replies":[{"embeddable":true,"href":"https:\/\/akademiki.kul.pl\/index.php?rest_route=%2Fwp%2Fv2%2Fcomments&post=1159"}],"version-history":[{"count":11,"href":"https:\/\/akademiki.kul.pl\/index.php?rest_route=\/wp\/v2\/pages\/1159\/revisions"}],"predecessor-version":[{"id":4793,"href":"https:\/\/akademiki.kul.pl\/index.php?rest_route=\/wp\/v2\/pages\/1159\/revisions\/4793"}],"wp:attachment":[{"href":"https:\/\/akademiki.kul.pl\/index.php?rest_route=%2Fwp%2Fv2%2Fmedia&parent=1159"}],"curies":[{"name":"wp","href":"https:\/\/api.w.org\/{rel}","templated":true}]}}