{"id":1163,"date":"2022-11-24T12:13:48","date_gmt":"2022-11-24T11:13:48","guid":{"rendered":"https:\/\/akademiki.kul.pl\/?page_id=1163"},"modified":"2026-02-17T14:19:29","modified_gmt":"2026-02-17T13:19:29","slug":"office-and-stuff","status":"publish","type":"page","link":"https:\/\/akademiki.kul.pl\/?page_id=1163&lang=en","title":{"rendered":"Contact"},"content":{"rendered":"\n<h2 class=\"wp-block-heading\">Administrative Division of Student Residence Halls of the Catholic University of Lublin<\/h2>\n\n\n\n<p><strong>Contact\/Staff<\/strong><\/p>\n\n\n\n<p><strong>Administrative Division of Student Residence Halls of the Catholic University of Lublin<\/strong><\/p>\n\n\n\n<p>Head of Department: dr Piotr Szelest<br>office: Reception of the Student Residence Hall for Men, Konstantyn\u00f3w 1B, ground floor, room no. 6<br>tel.: (81) 445 47 31<br>e-mail: <a href=\"mailto:dads@kul.pl\">dads@kul.pl<\/a>, <a href=\"mailto:piotr.szelest@kul.pl\">piotr.szelest@kul.pl<\/a><\/p>\n\n\n\n<p>Section of Student Residence Halls for Women of the Catholic University of Lublin:<\/p>\n\n\n\n<ul class=\"wp-block-list\">\n<li>Student Residence Hall for Women \u201cKonstantyna\u201d, Konstantyn\u00f3w 1D, 20-708 Lublin<br>ul. Konstantyn\u00f3w 1D<br>20-708 Lublin<br>tel. (81) 445 48 16, 502 986 033<br>e-mail: <a href=\"mailto:zds@kul.pl\">zds@kul.pl<\/a><\/li>\n<\/ul>\n\n\n\n<p>Head of the Section of Student Residence Halls for Women: sister mgr Gra\u017cyna Koneczna<br>Senior Clerk: mgr Monika Rze\u017anik<br>office: ground floor, room no. 19<br>tel.: (81) 445 48 19\/20<br>e-mail: <a href=\"mailto:grazyna.koneczna@kul.pl\">grazyna.koneczna@kul.pl<\/a>, <a href=\"mailto:monika.rzeznik@kul.pl\">monika.rzeznik@kul.pl<\/a><\/p>\n\n\n\n<p>Section of Student Residence Halls for Men and Married Couples of the Catholic University of Lublin<\/p>\n\n\n\n<ul class=\"wp-block-list\">\n<li>Student Residence Halls for Men and Married Couples \u201cIdzi\u201d, Nieca\u0142a 8, 20-080 Lublin<br>ul. Nieca\u0142a 8<br>20-080 Lublin<br>tel.: (81) 445 30 03<br>e-mail: <a href=\"mailto:mdsniecala@kul.pl\">mdsniecala@kul.pl<\/a><\/li>\n<\/ul>\n\n\n\n<p>Head of the Section of Student Residence Halls for Men and Married Couples mgr Tomasz Ko\u0142odziejczyk<\/p>\n\n\n\n<p>Senior Specialist: mgr S\u0142awomir Piszczek<br>office: ground floor next to the reception<br>tel.: (81) 445 3004\/5<br>e-mail: , <a href=\"mailto:tomasz.kolodziejczyk@kul.pl\">tomasz.kolodziejczyk@kul.pl<\/a>, <a href=\"mailto:slawomir.piszczek@kul.pl\">slawomir.piszczek@kul.pl<\/a><\/p>\n\n\n\n<ul class=\"wp-block-list\">\n<li>Student Residence Hall for Men \u201cKarol\u201d and \u201cStefan\u201d, Konstantyn\u00f3w 1A\/B<br>ul. Konstantyn\u00f3w 1B<br>20-708 Lublin<br>tel.: (0-81) 445 47 30<br>e-mail: mds@kul.pl<\/li>\n<\/ul>\n\n\n\n<p>office: MDS Konstantyn\u00f3w 1B, ground floor, room no. 6<br>tel.: (81) 445 47 31<br>Student Residence Hall \u201cStella\u201d in Stalowa Wola<br>ul. Ofiar Katynia 6<br>37-450 Stalowa Wola<br>tel.: (81) 454 55 26<br>e-mail: <a href=\"mailto:dsstalowawola@kul.pl\">dsstalowawola@kul.pl<\/a><\/p>\n\n\n\n<p>Senior Clerk: Marzena Antonik<br>office: ground floor, room no. 22<br>tel.: (81) 454 55 22<br>e-mail: <a href=\"mailto:mazena.antonik%40kul.pl\">mazena.antonik@kul.pl<\/a><br><\/p>\n","protected":false},"excerpt":{"rendered":"<p>Administrative Division of Student Residence Halls of the Catholic University of Lublin Contact\/Staff Administrative Division of Student Residence Halls of the Catholic University of Lublin Head of Department: dr Piotr&#8230;<\/p>\n","protected":false},"author":1,"featured_media":0,"parent":0,"menu_order":0,"comment_status":"closed","ping_status":"closed","template":"","meta":{"footnotes":""},"class_list":["post-1163","page","type-page","status-publish","hentry"],"yoast_head":"<!-- This site is optimized with the Yoast SEO plugin v27.5 - https:\/\/yoast.com\/product\/yoast-seo-wordpress\/ -->\n<title>Contact - Domy Studenckie KUL<\/title>\n<meta name=\"robots\" content=\"index, follow, max-snippet:-1, max-image-preview:large, max-video-preview:-1\" \/>\n<link rel=\"canonical\" href=\"https:\/\/akademiki.kul.pl\/?page_id=1163&lang=en\" \/>\n<meta property=\"og:locale\" content=\"pl_PL\" \/>\n<meta property=\"og:type\" content=\"article\" \/>\n<meta property=\"og:title\" content=\"Contact - Domy Studenckie KUL\" \/>\n<meta property=\"og:description\" content=\"Administrative Division of Student Residence Halls of the Catholic University of Lublin Contact\/Staff Administrative Division of Student Residence Halls of the Catholic University of Lublin Head of Department: dr Piotr...\" \/>\n<meta property=\"og:url\" content=\"https:\/\/akademiki.kul.pl\/?page_id=1163&amp;lang=en\" \/>\n<meta property=\"og:site_name\" content=\"Domy Studenckie KUL\" \/>\n<meta property=\"article:publisher\" content=\"https:\/\/www.facebook.com\/mdskulkonstantynow\/\" \/>\n<meta property=\"article:modified_time\" content=\"2026-02-17T13:19:29+00:00\" \/>\n<meta name=\"twitter:card\" content=\"summary_large_image\" \/>\n<meta name=\"twitter:label1\" content=\"Szacowany czas czytania\" \/>\n\t<meta name=\"twitter:data1\" content=\"2 minuty\" \/>\n<script type=\"application\/ld+json\" class=\"yoast-schema-graph\">{\"@context\":\"https:\\\/\\\/schema.org\",\"@graph\":[{\"@type\":\"WebPage\",\"@id\":\"https:\\\/\\\/akademiki.kul.pl\\\/?page_id=1163&lang=en\",\"url\":\"https:\\\/\\\/akademiki.kul.pl\\\/?page_id=1163&lang=en\",\"name\":\"Contact - Domy Studenckie KUL\",\"isPartOf\":{\"@id\":\"https:\\\/\\\/akademiki.kul.pl\\\/#website\"},\"datePublished\":\"2022-11-24T11:13:48+00:00\",\"dateModified\":\"2026-02-17T13:19:29+00:00\",\"breadcrumb\":{\"@id\":\"https:\\\/\\\/akademiki.kul.pl\\\/?page_id=1163&lang=en#breadcrumb\"},\"inLanguage\":\"pl-PL\",\"potentialAction\":[{\"@type\":\"ReadAction\",\"target\":[\"https:\\\/\\\/akademiki.kul.pl\\\/?page_id=1163&lang=en\"]}]},{\"@type\":\"BreadcrumbList\",\"@id\":\"https:\\\/\\\/akademiki.kul.pl\\\/?page_id=1163&lang=en#breadcrumb\",\"itemListElement\":[{\"@type\":\"ListItem\",\"position\":1,\"name\":\"Strona g\u0142\u00f3wna\",\"item\":\"https:\\\/\\\/akademiki.kul.pl\\\/\"},{\"@type\":\"ListItem\",\"position\":2,\"name\":\"Contact\"}]},{\"@type\":\"WebSite\",\"@id\":\"https:\\\/\\\/akademiki.kul.pl\\\/#website\",\"url\":\"https:\\\/\\\/akademiki.kul.pl\\\/\",\"name\":\"Domy Studenckie KUL\",\"description\":\"Akademiki z pe\u0142n\u0105 KULtur\u0105\",\"publisher\":{\"@id\":\"https:\\\/\\\/akademiki.kul.pl\\\/#organization\"},\"potentialAction\":[{\"@type\":\"SearchAction\",\"target\":{\"@type\":\"EntryPoint\",\"urlTemplate\":\"https:\\\/\\\/akademiki.kul.pl\\\/?s={search_term_string}\"},\"query-input\":{\"@type\":\"PropertyValueSpecification\",\"valueRequired\":true,\"valueName\":\"search_term_string\"}}],\"inLanguage\":\"pl-PL\"},{\"@type\":\"Organization\",\"@id\":\"https:\\\/\\\/akademiki.kul.pl\\\/#organization\",\"name\":\"Domy Studenckie KUL\",\"url\":\"https:\\\/\\\/akademiki.kul.pl\\\/\",\"logo\":{\"@type\":\"ImageObject\",\"inLanguage\":\"pl-PL\",\"@id\":\"https:\\\/\\\/akademiki.kul.pl\\\/#\\\/schema\\\/logo\\\/image\\\/\",\"url\":\"https:\\\/\\\/akademiki.kul.pl\\\/wp-content\\\/uploads\\\/2023\\\/06\\\/cropped-Korys-Piotr-logo-DS_KUL.png\",\"contentUrl\":\"https:\\\/\\\/akademiki.kul.pl\\\/wp-content\\\/uploads\\\/2023\\\/06\\\/cropped-Korys-Piotr-logo-DS_KUL.png\",\"width\":7462,\"height\":1408,\"caption\":\"Domy Studenckie KUL\"},\"image\":{\"@id\":\"https:\\\/\\\/akademiki.kul.pl\\\/#\\\/schema\\\/logo\\\/image\\\/\"},\"sameAs\":[\"https:\\\/\\\/www.facebook.com\\\/mdskulkonstantynow\\\/\",\"https:\\\/\\\/www.facebook.com\\\/zdskul\\\/\"]}]}<\/script>\n<!-- \/ Yoast SEO plugin. -->","yoast_head_json":{"title":"Contact - Domy Studenckie KUL","robots":{"index":"index","follow":"follow","max-snippet":"max-snippet:-1","max-image-preview":"max-image-preview:large","max-video-preview":"max-video-preview:-1"},"canonical":"https:\/\/akademiki.kul.pl\/?page_id=1163&lang=en","og_locale":"pl_PL","og_type":"article","og_title":"Contact - Domy Studenckie KUL","og_description":"Administrative Division of Student Residence Halls of the Catholic University of Lublin Contact\/Staff Administrative Division of Student Residence Halls of the Catholic University of Lublin Head of Department: dr Piotr...","og_url":"https:\/\/akademiki.kul.pl\/?page_id=1163&lang=en","og_site_name":"Domy Studenckie KUL","article_publisher":"https:\/\/www.facebook.com\/mdskulkonstantynow\/","article_modified_time":"2026-02-17T13:19:29+00:00","twitter_card":"summary_large_image","twitter_misc":{"Szacowany czas czytania":"2 minuty"},"schema":{"@context":"https:\/\/schema.org","@graph":[{"@type":"WebPage","@id":"https:\/\/akademiki.kul.pl\/?page_id=1163&lang=en","url":"https:\/\/akademiki.kul.pl\/?page_id=1163&lang=en","name":"Contact - Domy Studenckie KUL","isPartOf":{"@id":"https:\/\/akademiki.kul.pl\/#website"},"datePublished":"2022-11-24T11:13:48+00:00","dateModified":"2026-02-17T13:19:29+00:00","breadcrumb":{"@id":"https:\/\/akademiki.kul.pl\/?page_id=1163&lang=en#breadcrumb"},"inLanguage":"pl-PL","potentialAction":[{"@type":"ReadAction","target":["https:\/\/akademiki.kul.pl\/?page_id=1163&lang=en"]}]},{"@type":"BreadcrumbList","@id":"https:\/\/akademiki.kul.pl\/?page_id=1163&lang=en#breadcrumb","itemListElement":[{"@type":"ListItem","position":1,"name":"Strona g\u0142\u00f3wna","item":"https:\/\/akademiki.kul.pl\/"},{"@type":"ListItem","position":2,"name":"Contact"}]},{"@type":"WebSite","@id":"https:\/\/akademiki.kul.pl\/#website","url":"https:\/\/akademiki.kul.pl\/","name":"Domy Studenckie KUL","description":"Akademiki z pe\u0142n\u0105 KULtur\u0105","publisher":{"@id":"https:\/\/akademiki.kul.pl\/#organization"},"potentialAction":[{"@type":"SearchAction","target":{"@type":"EntryPoint","urlTemplate":"https:\/\/akademiki.kul.pl\/?s={search_term_string}"},"query-input":{"@type":"PropertyValueSpecification","valueRequired":true,"valueName":"search_term_string"}}],"inLanguage":"pl-PL"},{"@type":"Organization","@id":"https:\/\/akademiki.kul.pl\/#organization","name":"Domy Studenckie KUL","url":"https:\/\/akademiki.kul.pl\/","logo":{"@type":"ImageObject","inLanguage":"pl-PL","@id":"https:\/\/akademiki.kul.pl\/#\/schema\/logo\/image\/","url":"https:\/\/akademiki.kul.pl\/wp-content\/uploads\/2023\/06\/cropped-Korys-Piotr-logo-DS_KUL.png","contentUrl":"https:\/\/akademiki.kul.pl\/wp-content\/uploads\/2023\/06\/cropped-Korys-Piotr-logo-DS_KUL.png","width":7462,"height":1408,"caption":"Domy Studenckie KUL"},"image":{"@id":"https:\/\/akademiki.kul.pl\/#\/schema\/logo\/image\/"},"sameAs":["https:\/\/www.facebook.com\/mdskulkonstantynow\/","https:\/\/www.facebook.com\/zdskul\/"]}]}},"_links":{"self":[{"href":"https:\/\/akademiki.kul.pl\/index.php?rest_route=\/wp\/v2\/pages\/1163","targetHints":{"allow":["GET"]}}],"collection":[{"href":"https:\/\/akademiki.kul.pl\/index.php?rest_route=\/wp\/v2\/pages"}],"about":[{"href":"https:\/\/akademiki.kul.pl\/index.php?rest_route=\/wp\/v2\/types\/page"}],"author":[{"embeddable":true,"href":"https:\/\/akademiki.kul.pl\/index.php?rest_route=\/wp\/v2\/users\/1"}],"replies":[{"embeddable":true,"href":"https:\/\/akademiki.kul.pl\/index.php?rest_route=%2Fwp%2Fv2%2Fcomments&post=1163"}],"version-history":[{"count":12,"href":"https:\/\/akademiki.kul.pl\/index.php?rest_route=\/wp\/v2\/pages\/1163\/revisions"}],"predecessor-version":[{"id":4767,"href":"https:\/\/akademiki.kul.pl\/index.php?rest_route=\/wp\/v2\/pages\/1163\/revisions\/4767"}],"wp:attachment":[{"href":"https:\/\/akademiki.kul.pl\/index.php?rest_route=%2Fwp%2Fv2%2Fmedia&parent=1163"}],"curies":[{"name":"wp","href":"https:\/\/api.w.org\/{rel}","templated":true}]}}