{"id":3005,"date":"2024-06-26T15:24:37","date_gmt":"2024-06-26T13:24:37","guid":{"rendered":"https:\/\/akademiki.kul.pl\/?page_id=3005"},"modified":"2025-06-25T14:11:29","modified_gmt":"2025-06-25T12:11:29","slug":"%d1%86%d1%96%d0%bd%d0%bd%d0%b8%d0%ba","status":"publish","type":"page","link":"https:\/\/akademiki.kul.pl\/?page_id=3005&lang=uk","title":{"rendered":"\u0426\u0456\u043d\u043d\u0438\u043a"},"content":{"rendered":"\n<p><a href=\"https:\/\/akademiki.kul.pl\/wp-content\/uploads\/2023\/07\/270-2023-0104-4-270-JM-oplaty-za-domy-studenckie-2023-1.pdf\">\u041f\u0435\u0440\u0435\u0439\u0442\u0438 \u0434\u043e \u0437\u043c\u0456\u0441\u0442\u0443<\/a><\/p>\n\n\n\n<h3 class=\"wp-block-heading\">\u0426\u0406\u041d\u041d\u0418\u041a \u0413\u0423\u0420\u0422\u041e\u0416\u0418\u0422\u041a\u0406\u0412 \u041b\u041a\u0423 2025\/26<\/h3>\n\n\n\n<p>I. \u041e\u043f\u043b\u0430\u0442\u0430 \u0437\u0430 \u043c\u0456\u0441\u0446\u0435 \u0432 \u0433\u0443\u0440\u0442\u043e\u0436\u0438\u0442\u043a\u0443 \u041b\u041a\u0423 \u0434\u043b\u044f \u0441\u0442\u0443\u0434\u0435\u043d\u0442\u0456\u0432 \u041b\u041a\u0423 \u0456 \u0423\u041c\u041a\u0421, \u041b\u041a\u0423, UP, PL, WSPiA, WSSP, WSEI, WSNS, \u0432 \u0442\u043e\u043c\u0443 \u0447\u0438\u0441\u043b\u0456 \u0434\u043b\u044f \u0456\u043d\u043e\u0437\u0435\u043c\u043d\u0438\u0445 \u0441\u0442\u0443\u0434\u0435\u043d\u0442\u0456\u0432:<\/p>\n\n\n\n<p><strong><strong>\u0421\u0442\u0443\u0434\u0435\u043d\u0442\u0441\u044c\u043a\u0438\u0439 \u0433\u0443\u0440\u0442\u043e\u0436\u0438\u0442\u043e\u043a \u041a\u043e\u0441\u0442\u044f\u043d\u0442\u0438\u043d\u0430<\/strong> \u2013  Konstantyn\u00f3w 1 D<\/strong><\/p>\n\n\n\n<figure class=\"wp-block-table is-style-stripes\"><table><tbody><tr><td>\u043e\u0434\u043d\u043e\u043c\u0456\u0441\u043d\u0430 \u043a\u0456\u043c\u043d\u0430\u0442\u0430 \u0432 \u0431\u043b\u043e\u043a\u0443<\/td><td class=\"has-text-align-right\" data-align=\"right\"><strong>950 \u0437\u043b\u043e\u0442\u0438\u0445<\/strong><\/td><\/tr><tr><td>\u0434\u0432\u043e\u043c\u0456\u0441\u043d\u0430 \u043a\u0456\u043c\u043d\u0430\u0442\u0430 \u0432 \u0431\u043b\u043e\u043a\u0443<\/td><td class=\"has-text-align-right\" data-align=\"right\"><strong>630 \u0437\u043b\u043e\u0442\u0438\u0445<\/strong><\/td><\/tr><tr><td>\u0434\u0432\u043e\u043c\u0456\u0441\u043d\u0430 \u043a\u0456\u043c\u043d\u0430\u0442\u0430 \u0442.\u0437\u0432. 15<\/td><td class=\"has-text-align-right\" data-align=\"right\"><strong>660 \u0437\u043b\u043e\u0442\u0438\u0445<\/strong><\/td><\/tr><\/tbody><\/table><\/figure>\n\n\n\n<p><strong><strong>\u0427\u043e\u043b\u043e\u0432\u0456\u0447\u0456 \u0441\u0442\u0443\u0434\u0435\u043d\u0442\u0441\u044c\u043a\u0456 \u0433\u0443\u0440\u0442\u043e\u0436\u0438\u0442\u043a\u0438 \u0456\u043c\u0435\u043d\u0456 \u0421\u0442\u0435\u0444\u0430\u043d<\/strong> \u2013 Konstantyn\u00f3w 1 A<\/strong><\/p>\n\n\n\n<figure class=\"wp-block-table is-style-stripes\"><table><tbody><tr><td>\u043e\u0434\u043d\u043e\u043c\u0456\u0441\u043d\u0430 \u043a\u0456\u043c\u043d\u0430\u0442\u0430 \u0437 \u0432\u0435\u043b\u0438\u043a\u0438\u043c \u043c\u0435\u0442\u0440\u0430\u0436\u0435\u043c <\/td><td class=\"has-text-align-right\" data-align=\"right\"><strong>950 \u0437\u043b\u043e\u0442\u0438\u0445<\/strong><\/td><\/tr><tr><td>\u043e\u0434\u043d\u043e\u043c\u0456\u0441\u043d\u0430 \u043a\u0456\u043c\u043d\u0430\u0442\u0430 \u0437 \u043d\u0435\u0432\u0435\u043b\u0438\u043a\u0438\u043c \u043c\u0435\u0442\u0440\u0430\u0436\u0435\u043c <\/td><td class=\"has-text-align-right\" data-align=\"right\"><strong>840 \u0437\u043b\u043e\u0442\u0438\u0445<\/strong><\/td><\/tr><tr><td>\u0434\u0432\u043e\u043c\u0456\u0441\u043d\u0430 \u043a\u0456\u043c\u043d\u0430\u0442\u0430 <\/td><td class=\"has-text-align-right\" data-align=\"right\"><strong>630 \u0437\u043b\u043e\u0442\u0438\u0445<\/strong><\/td><\/tr><\/tbody><\/table><\/figure>\n\n\n\n<p><strong><strong>\u0427\u043e\u043b\u043e\u0432\u0456\u0447\u0456 \u0441\u0442\u0443\u0434\u0435\u043d\u0442\u0441\u044c\u043a\u0456 \u0433\u0443\u0440\u0442\u043e\u0436\u0438\u0442\u043a\u0438 \u0456\u043c\u0435\u043d\u0456 <strong>\u041a\u0430\u0440\u043e\u043b<\/strong><\/strong> \u2013 Konstantyn\u00f3w 1B<\/strong><\/p>\n\n\n\n<figure class=\"wp-block-table is-style-stripes\"><table><tbody><tr><td>\u043e\u0434\u043d\u043e\u043c\u0456\u0441\u043d\u0430 \u043a\u0456\u043c\u043d\u0430\u0442\u0430<\/td><td class=\"has-text-align-right\" data-align=\"right\"><strong>840 \u0437\u043b\u043e\u0442\u0438\u0445<\/strong><\/td><\/tr><tr><td>\u0434\u0432\u043e\u043c\u0456\u0441\u043d\u0430 \u043a\u0456\u043c\u043d\u0430\u0442\u0430&nbsp;<\/td><td class=\"has-text-align-right\" data-align=\"right\"><strong>570 \u0437\u043b\u043e\u0442\u0438\u0445<\/strong><\/td><\/tr><tr><td>\u0434\u0432\u043e\u043c\u0456\u0441\u043d\u0430 \u043a\u0456\u043c\u043d\u0430\u0442\u0430 \u0432 \u0431\u043b\u043e\u043a\u0443<\/td><td class=\"has-text-align-right\" data-align=\"right\"><strong>640 \u0437\u043b\u043e\u0442\u0438\u0445<\/strong><\/td><\/tr><tr><td>\u0442\u0440\u0438\u043c\u0456\u0441\u043d\u0430 \u043a\u0456\u043c\u043d\u0430\u0442\u0430&nbsp;<\/td><td class=\"has-text-align-right\" data-align=\"right\"><strong>480 \u0437\u043b\u043e\u0442\u0438\u0445<\/strong><\/td><\/tr><\/tbody><\/table><\/figure>\n\n\n\n<p><strong><strong>\u0421\u0442\u0443\u0434\u0435\u043d\u0442\u0441\u044c\u043a\u0438\u0439 \u0433\u0443\u0440\u0442\u043e\u0436\u0438\u0442\u043e\u043a \u0447\u043e\u043b\u043e\u0432\u0456\u0447\u043e\u0457 \u0442\u0430 \u043e\u0434\u0440\u0443\u0436\u0435\u043d\u043e\u0457 \u0441\u0442\u0430\u0442\u0456 \u0406\u0434\u0437\u0456<\/strong> \u2013 Nieca\u0142a 8<\/strong><\/p>\n\n\n\n<figure class=\"wp-block-table is-style-stripes\"><table><tbody><tr><td>\u043e\u0434\u043d\u043e\u043c\u0456\u0441\u043d\u0430 \u043a\u0456\u043c\u043d\u0430\u0442\u0430<\/td><td class=\"has-text-align-right\" data-align=\"right\"><strong>840 \u0437\u043b\u043e\u0442\u0438\u0445<\/strong><\/td><\/tr><tr><td>\u041e\u0434\u043d\u043e\u043c\u0456\u0441\u043d\u0430 \u043a\u0456\u043c\u043d\u0430\u0442\u0430 \u0437 \u0434\u0443\u0448\u0435\u043c<\/td><td class=\"has-text-align-right\" data-align=\"right\"><strong>990 \u0437\u043b\u043e\u0442\u0438\u0445<\/strong><\/td><\/tr><tr><td>\u041e\u0434\u043d\u043e\u043c\u0456\u0441\u043d\u0430 \u043a\u0456\u043c\u043d\u0430\u0442\u0430 \u0437\u0456 \u0437\u0431\u0456\u043b\u044c\u0448\u0435\u043d\u043e\u044e \u043f\u043b\u043e\u0449\u0435\u044e<\/td><td class=\"has-text-align-right\" data-align=\"right\"><strong>910 \u0437\u043b\u043e\u0442\u0438\u0445<\/strong><\/td><\/tr><tr><td>\u0414\u0432\u043e\u043c\u0456\u0441\u043d\u0430 \u043a\u0456\u043c\u043d\u0430\u0442\u0430<\/td><td class=\"has-text-align-right\" data-align=\"right\"><strong>630 \u0437\u043b\u043e\u0442\u0438\u0445<\/strong><\/td><\/tr><tr><td>\u0414\u0432\u043e\u043c\u0456\u0441\u043d\u0430 \u043a\u0456\u043c\u043d\u0430\u0442\u0430 \u0437 \u0434\u0443\u0448\u0435\u043c<\/td><td class=\"has-text-align-right\" data-align=\"right\"><strong>700 \u0437\u043b\u043e\u0442\u0438\u0445<\/strong><\/td><\/tr><tr><td>\u0414\u0432\u043e\u043c\u0456\u0441\u043d\u0430 \u043a\u0456\u043c\u043d\u0430\u0442\u0430 \u0437\u0456 \u0437\u0431\u0456\u043b\u044c\u0448\u0435\u043d\u043e\u044e \u043f\u043b\u043e\u0449\u0435\u044e<\/td><td class=\"has-text-align-right\" data-align=\"right\"><strong>700 \u0437\u043b\u043e\u0442\u0438\u0445<\/strong><\/td><\/tr><tr><td>\u0422\u0440\u0438\u043c\u0456\u0441\u043d\u0430 \u043a\u0456\u043c\u043d\u0430\u0442\u0430<\/td><td class=\"has-text-align-right\" data-align=\"right\"><strong>530 \u0437\u043b\u043e\u0442\u0438\u0445<\/strong><\/td><\/tr><tr><td>\u041a\u0456\u043c\u043d\u0430\u0442\u0430 \u0434\u043b\u044f \u043f\u043e\u0434\u0440\u0443\u0436\u0436\u044f \u0437 \u0434\u0443\u0448\u0435\u043c<\/td><td class=\"has-text-align-right\" data-align=\"right\"><strong>1335 \u0437\u043b\u043e\u0442\u0438\u0445<\/strong><\/td><\/tr><tr><td>\u041a\u0456\u043c\u043d\u0430\u0442\u0430-\u0441\u0442\u0443\u0434\u0456\u044f \u0437 \u043a\u0443\u0445\u043d\u0435\u044e \u0434\u043b\u044f \u043f\u043e\u0434\u0440\u0443\u0436\u0436\u044f \u0437 \u0434\u0443\u0448\u0435\u043c<\/td><td class=\"has-text-align-right\" data-align=\"right\"><strong>1450 \u0437\u043b\u043e\u0442\u0438\u0445<\/strong><\/td><\/tr><\/tbody><\/table><\/figure>\n\n\n\n<p><strong><strong>\u0421\u0442\u0443\u0434\u0435\u043d\u0442\u0441\u044c\u043a\u0438\u0439 \u0433\u0443\u0440\u0442\u043e\u0436\u0438\u0442\u043e\u043a Stella \u0443 \u0421\u0442\u0430\u043b\u044c\u043e\u0432\u0456\u0439 \u0412\u043e\u043b\u0456<\/strong><\/strong> &#8211;<strong> Ofiar Katynia 6<\/strong><\/p>\n\n\n\n<figure class=\"wp-block-table is-style-stripes\"><table><tbody><tr><td>\u043e\u0434\u043d\u043e\u043c\u0456\u0441\u043d\u0430 \u043a\u0456\u043c\u043d\u0430\u0442\u0430&nbsp;<\/td><td class=\"has-text-align-right\" data-align=\"right\"><strong>850 \u0437\u043b\u043e\u0442\u0438\u0445<\/strong><\/td><\/tr><tr><td>\u043e\u0434\u043d\u043e\u043c\u0456\u0441\u043d\u0430 \u043a\u0456\u043c\u043d\u0430\u0442\u0430 \u043f\u0456\u0434\u0432\u0438\u0449\u0435\u043d\u043e\u0433\u043e \u0441\u0442\u0430\u043d\u0434\u0430\u0440\u0442\u0443<\/td><td class=\"has-text-align-right\" data-align=\"right\"><strong>950 \u0437\u043b\u043e\u0442\u0438\u0445<\/strong><\/td><\/tr><tr><td>\u0434\u0432\u043e\u043c\u0456\u0441\u043d\u0430 \u043a\u0456\u043c\u043d\u0430\u0442\u0430&nbsp;<\/td><td class=\"has-text-align-right\" data-align=\"right\"><strong>730 \u0437\u043b\u043e\u0442\u0438\u0445<\/strong><\/td><\/tr><\/tbody><\/table><\/figure>\n\n\n\n<p><a href=\"https:\/\/akademiki.kul.pl\/wp-content\/uploads\/2025\/06\/293-2025-0101-142-293-JM-oplaty-za-domy-studenckie_skan.pdf\">\u0420\u043e\u0437\u043f\u043e\u0440\u044f\u0434\u0436\u0435\u043d\u043d\u044f \u043f\u0440\u043e\u0440\u0435\u043a\u0442\u043e\u0440\u0430 \u041b\u044e\u0431\u043b\u0456\u043d\u0441\u044c\u043a\u043e\u0433\u043e \u043a\u0430\u0442\u043e\u043b\u0438\u0446\u044c\u043a\u043e\u0433\u043e \u0443\u043d\u0456\u0432\u0435\u0440\u0441\u0438\u0442\u0435\u0442\u0443 \u043f\u0440\u043e \u0440\u043e\u0437\u043c\u0456\u0440 \u043f\u043b\u0430\u0442\u0438 \u0437\u0430 \u043f\u0440\u043e\u0436\u0438\u0432\u0430\u043d\u043d\u044f \u0432 \u0441\u0442\u0443\u0434\u0435\u043d\u0442\u0441\u044c\u043a\u0438\u0445 \u0433\u0443\u0440\u0442\u043e\u0436\u0438\u0442\u043a\u0430\u0445 \u041b\u044e\u0431\u043b\u0456\u043d\u0441\u044c\u043a\u043e\u0433\u043e \u043a\u0430\u0442\u043e\u043b\u0438\u0446\u044c\u043a\u043e\u0433\u043e \u0443\u043d\u0456\u0432\u0435\u0440\u0441\u0438\u0442\u0435\u0442\u0443 (KUL)<\/a><\/p>\n","protected":false},"excerpt":{"rendered":"<p>\u041f\u0435\u0440\u0435\u0439\u0442\u0438 \u0434\u043e \u0437\u043c\u0456\u0441\u0442\u0443 \u0426\u0406\u041d\u041d\u0418\u041a \u0413\u0423\u0420\u0422\u041e\u0416\u0418\u0422\u041a\u0406\u0412 \u041b\u041a\u0423 2025\/26 I. \u041e\u043f\u043b\u0430\u0442\u0430 \u0437\u0430 \u043c\u0456\u0441\u0446\u0435 \u0432 \u0433\u0443\u0440\u0442\u043e\u0436\u0438\u0442\u043a\u0443 \u041b\u041a\u0423 \u0434\u043b\u044f \u0441\u0442\u0443\u0434\u0435\u043d\u0442\u0456\u0432 \u041b\u041a\u0423 \u0456 \u0423\u041c\u041a\u0421, \u041b\u041a\u0423, UP, PL, WSPiA, WSSP, WSEI, WSNS, \u0432 \u0442\u043e\u043c\u0443 \u0447\u0438\u0441\u043b\u0456 \u0434\u043b\u044f&#8230;<\/p>\n","protected":false},"author":1,"featured_media":0,"parent":0,"menu_order":0,"comment_status":"closed","ping_status":"closed","template":"","meta":{"footnotes":""},"class_list":["post-3005","page","type-page","status-publish","hentry"],"yoast_head":"<!-- This site is optimized with the Yoast SEO plugin v27.3 - https:\/\/yoast.com\/product\/yoast-seo-wordpress\/ -->\n<title>\u0426\u0456\u043d\u043d\u0438\u043a - Domy Studenckie KUL<\/title>\n<meta name=\"robots\" content=\"index, follow, max-snippet:-1, max-image-preview:large, max-video-preview:-1\" \/>\n<link rel=\"canonical\" href=\"https:\/\/akademiki.kul.pl\/?page_id=3005&lang=uk\" \/>\n<meta property=\"og:locale\" content=\"pl_PL\" \/>\n<meta property=\"og:type\" content=\"article\" \/>\n<meta property=\"og:title\" content=\"\u0426\u0456\u043d\u043d\u0438\u043a - Domy Studenckie KUL\" \/>\n<meta property=\"og:description\" content=\"\u041f\u0435\u0440\u0435\u0439\u0442\u0438 \u0434\u043e \u0437\u043c\u0456\u0441\u0442\u0443 \u0426\u0406\u041d\u041d\u0418\u041a \u0413\u0423\u0420\u0422\u041e\u0416\u0418\u0422\u041a\u0406\u0412 \u041b\u041a\u0423 2025\/26 I. \u041e\u043f\u043b\u0430\u0442\u0430 \u0437\u0430 \u043c\u0456\u0441\u0446\u0435 \u0432 \u0433\u0443\u0440\u0442\u043e\u0436\u0438\u0442\u043a\u0443 \u041b\u041a\u0423 \u0434\u043b\u044f \u0441\u0442\u0443\u0434\u0435\u043d\u0442\u0456\u0432 \u041b\u041a\u0423 \u0456 \u0423\u041c\u041a\u0421, \u041b\u041a\u0423, UP, PL, WSPiA, WSSP, WSEI, WSNS, \u0432 \u0442\u043e\u043c\u0443 \u0447\u0438\u0441\u043b\u0456 \u0434\u043b\u044f...\" \/>\n<meta property=\"og:url\" content=\"https:\/\/akademiki.kul.pl\/?page_id=3005&amp;lang=uk\" \/>\n<meta property=\"og:site_name\" content=\"Domy Studenckie KUL\" \/>\n<meta property=\"article:publisher\" content=\"https:\/\/www.facebook.com\/mdskulkonstantynow\/\" \/>\n<meta property=\"article:modified_time\" content=\"2025-06-25T12:11:29+00:00\" \/>\n<meta name=\"twitter:card\" content=\"summary_large_image\" \/>\n<meta name=\"twitter:label1\" content=\"Szacowany czas czytania\" \/>\n\t<meta name=\"twitter:data1\" content=\"2 minuty\" \/>\n<script type=\"application\/ld+json\" class=\"yoast-schema-graph\">{\"@context\":\"https:\\\/\\\/schema.org\",\"@graph\":[{\"@type\":\"WebPage\",\"@id\":\"https:\\\/\\\/akademiki.kul.pl\\\/?page_id=3005&lang=uk\",\"url\":\"https:\\\/\\\/akademiki.kul.pl\\\/?page_id=3005&lang=uk\",\"name\":\"\u0426\u0456\u043d\u043d\u0438\u043a - Domy Studenckie KUL\",\"isPartOf\":{\"@id\":\"https:\\\/\\\/akademiki.kul.pl\\\/#website\"},\"datePublished\":\"2024-06-26T13:24:37+00:00\",\"dateModified\":\"2025-06-25T12:11:29+00:00\",\"breadcrumb\":{\"@id\":\"https:\\\/\\\/akademiki.kul.pl\\\/?page_id=3005&lang=uk#breadcrumb\"},\"inLanguage\":\"pl-PL\",\"potentialAction\":[{\"@type\":\"ReadAction\",\"target\":[\"https:\\\/\\\/akademiki.kul.pl\\\/?page_id=3005&lang=uk\"]}]},{\"@type\":\"BreadcrumbList\",\"@id\":\"https:\\\/\\\/akademiki.kul.pl\\\/?page_id=3005&lang=uk#breadcrumb\",\"itemListElement\":[{\"@type\":\"ListItem\",\"position\":1,\"name\":\"Strona g\u0142\u00f3wna\",\"item\":\"https:\\\/\\\/akademiki.kul.pl\\\/\"},{\"@type\":\"ListItem\",\"position\":2,\"name\":\"\u0426\u0456\u043d\u043d\u0438\u043a\"}]},{\"@type\":\"WebSite\",\"@id\":\"https:\\\/\\\/akademiki.kul.pl\\\/#website\",\"url\":\"https:\\\/\\\/akademiki.kul.pl\\\/\",\"name\":\"Domy Studenckie KUL\",\"description\":\"Akademiki z pe\u0142n\u0105 KULtur\u0105\",\"publisher\":{\"@id\":\"https:\\\/\\\/akademiki.kul.pl\\\/#organization\"},\"potentialAction\":[{\"@type\":\"SearchAction\",\"target\":{\"@type\":\"EntryPoint\",\"urlTemplate\":\"https:\\\/\\\/akademiki.kul.pl\\\/?s={search_term_string}\"},\"query-input\":{\"@type\":\"PropertyValueSpecification\",\"valueRequired\":true,\"valueName\":\"search_term_string\"}}],\"inLanguage\":\"pl-PL\"},{\"@type\":\"Organization\",\"@id\":\"https:\\\/\\\/akademiki.kul.pl\\\/#organization\",\"name\":\"Domy Studenckie KUL\",\"url\":\"https:\\\/\\\/akademiki.kul.pl\\\/\",\"logo\":{\"@type\":\"ImageObject\",\"inLanguage\":\"pl-PL\",\"@id\":\"https:\\\/\\\/akademiki.kul.pl\\\/#\\\/schema\\\/logo\\\/image\\\/\",\"url\":\"https:\\\/\\\/akademiki.kul.pl\\\/wp-content\\\/uploads\\\/2023\\\/06\\\/cropped-Korys-Piotr-logo-DS_KUL.png\",\"contentUrl\":\"https:\\\/\\\/akademiki.kul.pl\\\/wp-content\\\/uploads\\\/2023\\\/06\\\/cropped-Korys-Piotr-logo-DS_KUL.png\",\"width\":7462,\"height\":1408,\"caption\":\"Domy Studenckie KUL\"},\"image\":{\"@id\":\"https:\\\/\\\/akademiki.kul.pl\\\/#\\\/schema\\\/logo\\\/image\\\/\"},\"sameAs\":[\"https:\\\/\\\/www.facebook.com\\\/mdskulkonstantynow\\\/\",\"https:\\\/\\\/www.facebook.com\\\/zdskul\\\/\"]}]}<\/script>\n<!-- \/ Yoast SEO plugin. -->","yoast_head_json":{"title":"\u0426\u0456\u043d\u043d\u0438\u043a - Domy Studenckie KUL","robots":{"index":"index","follow":"follow","max-snippet":"max-snippet:-1","max-image-preview":"max-image-preview:large","max-video-preview":"max-video-preview:-1"},"canonical":"https:\/\/akademiki.kul.pl\/?page_id=3005&lang=uk","og_locale":"pl_PL","og_type":"article","og_title":"\u0426\u0456\u043d\u043d\u0438\u043a - Domy Studenckie KUL","og_description":"\u041f\u0435\u0440\u0435\u0439\u0442\u0438 \u0434\u043e \u0437\u043c\u0456\u0441\u0442\u0443 \u0426\u0406\u041d\u041d\u0418\u041a \u0413\u0423\u0420\u0422\u041e\u0416\u0418\u0422\u041a\u0406\u0412 \u041b\u041a\u0423 2025\/26 I. \u041e\u043f\u043b\u0430\u0442\u0430 \u0437\u0430 \u043c\u0456\u0441\u0446\u0435 \u0432 \u0433\u0443\u0440\u0442\u043e\u0436\u0438\u0442\u043a\u0443 \u041b\u041a\u0423 \u0434\u043b\u044f \u0441\u0442\u0443\u0434\u0435\u043d\u0442\u0456\u0432 \u041b\u041a\u0423 \u0456 \u0423\u041c\u041a\u0421, \u041b\u041a\u0423, UP, PL, WSPiA, WSSP, WSEI, WSNS, \u0432 \u0442\u043e\u043c\u0443 \u0447\u0438\u0441\u043b\u0456 \u0434\u043b\u044f...","og_url":"https:\/\/akademiki.kul.pl\/?page_id=3005&lang=uk","og_site_name":"Domy Studenckie KUL","article_publisher":"https:\/\/www.facebook.com\/mdskulkonstantynow\/","article_modified_time":"2025-06-25T12:11:29+00:00","twitter_card":"summary_large_image","twitter_misc":{"Szacowany czas czytania":"2 minuty"},"schema":{"@context":"https:\/\/schema.org","@graph":[{"@type":"WebPage","@id":"https:\/\/akademiki.kul.pl\/?page_id=3005&lang=uk","url":"https:\/\/akademiki.kul.pl\/?page_id=3005&lang=uk","name":"\u0426\u0456\u043d\u043d\u0438\u043a - Domy Studenckie KUL","isPartOf":{"@id":"https:\/\/akademiki.kul.pl\/#website"},"datePublished":"2024-06-26T13:24:37+00:00","dateModified":"2025-06-25T12:11:29+00:00","breadcrumb":{"@id":"https:\/\/akademiki.kul.pl\/?page_id=3005&lang=uk#breadcrumb"},"inLanguage":"pl-PL","potentialAction":[{"@type":"ReadAction","target":["https:\/\/akademiki.kul.pl\/?page_id=3005&lang=uk"]}]},{"@type":"BreadcrumbList","@id":"https:\/\/akademiki.kul.pl\/?page_id=3005&lang=uk#breadcrumb","itemListElement":[{"@type":"ListItem","position":1,"name":"Strona g\u0142\u00f3wna","item":"https:\/\/akademiki.kul.pl\/"},{"@type":"ListItem","position":2,"name":"\u0426\u0456\u043d\u043d\u0438\u043a"}]},{"@type":"WebSite","@id":"https:\/\/akademiki.kul.pl\/#website","url":"https:\/\/akademiki.kul.pl\/","name":"Domy Studenckie KUL","description":"Akademiki z pe\u0142n\u0105 KULtur\u0105","publisher":{"@id":"https:\/\/akademiki.kul.pl\/#organization"},"potentialAction":[{"@type":"SearchAction","target":{"@type":"EntryPoint","urlTemplate":"https:\/\/akademiki.kul.pl\/?s={search_term_string}"},"query-input":{"@type":"PropertyValueSpecification","valueRequired":true,"valueName":"search_term_string"}}],"inLanguage":"pl-PL"},{"@type":"Organization","@id":"https:\/\/akademiki.kul.pl\/#organization","name":"Domy Studenckie KUL","url":"https:\/\/akademiki.kul.pl\/","logo":{"@type":"ImageObject","inLanguage":"pl-PL","@id":"https:\/\/akademiki.kul.pl\/#\/schema\/logo\/image\/","url":"https:\/\/akademiki.kul.pl\/wp-content\/uploads\/2023\/06\/cropped-Korys-Piotr-logo-DS_KUL.png","contentUrl":"https:\/\/akademiki.kul.pl\/wp-content\/uploads\/2023\/06\/cropped-Korys-Piotr-logo-DS_KUL.png","width":7462,"height":1408,"caption":"Domy Studenckie KUL"},"image":{"@id":"https:\/\/akademiki.kul.pl\/#\/schema\/logo\/image\/"},"sameAs":["https:\/\/www.facebook.com\/mdskulkonstantynow\/","https:\/\/www.facebook.com\/zdskul\/"]}]}},"_links":{"self":[{"href":"https:\/\/akademiki.kul.pl\/index.php?rest_route=\/wp\/v2\/pages\/3005","targetHints":{"allow":["GET"]}}],"collection":[{"href":"https:\/\/akademiki.kul.pl\/index.php?rest_route=\/wp\/v2\/pages"}],"about":[{"href":"https:\/\/akademiki.kul.pl\/index.php?rest_route=\/wp\/v2\/types\/page"}],"author":[{"embeddable":true,"href":"https:\/\/akademiki.kul.pl\/index.php?rest_route=\/wp\/v2\/users\/1"}],"replies":[{"embeddable":true,"href":"https:\/\/akademiki.kul.pl\/index.php?rest_route=%2Fwp%2Fv2%2Fcomments&post=3005"}],"version-history":[{"count":12,"href":"https:\/\/akademiki.kul.pl\/index.php?rest_route=\/wp\/v2\/pages\/3005\/revisions"}],"predecessor-version":[{"id":3925,"href":"https:\/\/akademiki.kul.pl\/index.php?rest_route=\/wp\/v2\/pages\/3005\/revisions\/3925"}],"wp:attachment":[{"href":"https:\/\/akademiki.kul.pl\/index.php?rest_route=%2Fwp%2Fv2%2Fmedia&parent=3005"}],"curies":[{"name":"wp","href":"https:\/\/api.w.org\/{rel}","templated":true}]}}