{"id":3009,"date":"2024-06-26T15:27:39","date_gmt":"2024-06-26T13:27:39","guid":{"rendered":"https:\/\/akademiki.kul.pl\/?page_id=3009"},"modified":"2025-01-20T09:34:17","modified_gmt":"2025-01-20T08:34:17","slug":"%d0%ba%d0%be%d0%bd%d1%82%d0%b0%d0%ba%d1%82-%d0%bf%d1%80%d0%b0%d1%86%d1%96%d0%b2%d0%bd%d0%b8%d0%ba%d0%b8","status":"publish","type":"page","link":"https:\/\/akademiki.kul.pl\/?page_id=3009&lang=uk","title":{"rendered":"\u041a\u043e\u043d\u0442\u0430\u043a\u0442\/\u043f\u0440\u0430\u0446\u0456\u0432\u043d\u0438\u043a\u0438"},"content":{"rendered":"\n<h2 class=\"wp-block-heading\">\u0412\u0456\u0434\u0434\u0456\u043b \u0443\u043f\u0440\u0430\u0432\u043b\u0456\u043d\u043d\u044f \u0413\u0443\u0440\u0442\u043e\u0436\u0438\u0442\u043a\u0430\u043c\u0438 \u041b\u041a\u0423<\/h2>\n\n\n\n<p><strong>\u041a\u0435\u0440\u0456\u0432\u043d\u0438\u043a \u0412\u0456\u0434\u0434\u0456\u043b\u0443:<\/strong> \u0434\u043e\u043a\u0442\u043e\u0440 Piotr Szelest<br>\u043e\u0444\u0456\u0441<strong> <\/strong>\u0427\u043e\u043b\u043e\u0432\u0456\u0447\u0438\u0439 \u0433\u0443\u0440\u0442\u043e\u0436\u0438\u0442\u043e\u043a Konstantyn\u00f3w 1B, \u043f\u0435\u0440\u0448\u0438\u0439 \u043f\u043e\u0432\u0435\u0440\u0445, \u043a\u0456\u043c\u043d\u0430\u0442\u0430 \u21166,<br>\u0442\u0435\u043b.: (81) 445 47 31<br>\u0430\u0434\u0440\u0435\u0441\u0430 \u0435\u043b\u0435\u043a\u0442\u0440\u043e\u043d\u043d\u043e\u0457 \u043f\u043e\u0448\u0442\u0438: <a href=\"mailto:dads@kul.pl\">dads@kul.pl<\/a>, <a href=\"mailto:piotr.szelest@kul.pl\">piotr.szelest@kul.pl<\/a><\/p>\n\n\n\n<p><strong>\u0421\u0435\u043a\u0446\u0456\u044f \u0436\u0456\u043d\u043e\u0447\u0438\u0445 \u0433\u0443\u0440\u0442\u043e\u0436\u0438\u0442\u043a\u0456\u0432 \u041b\u041a\u0423:<\/strong><\/p>\n\n\n\n<ul class=\"wp-block-list\">\n<li><strong>\u0421\u0442\u0443\u0434\u0435\u043d\u0442\u0441\u044c\u043a\u0438\u0439 \u0433\u0443\u0440\u0442\u043e\u0436\u0438\u0442\u043e\u043a \u041a\u043e\u0441\u0442\u044f\u043d\u0442\u0438\u043d\u0430<\/strong> Konstantyn\u00f3w 1D, 20-708 \u041b\u044e\u0431\u043b\u0456\u043d \u0432\u0443\u043b. Konstantyn\u00f3w 1D<br>20-708 \u041b\u044e\u0431\u043b\u0456\u043d<br>\u0442\u0435\u043b. (81) 445 48 16, 502 986 033<br>\u0430\u0434\u0440\u0435\u0441\u0430 \u0435\u043b\u0435\u043a\u0442\u0440\u043e\u043d\u043d\u043e\u0457 \u043f\u043e\u0448\u0442\u0438: <a href=\"mailto:zds@kul.pl\">zds@kul.pl<\/a><\/li>\n<\/ul>\n\n\n\n<p><strong>\u041a\u0435\u0440\u0456\u0432\u043d\u0438\u043a \u0441\u0435\u043a\u0446\u0456\u0457 \u0436\u0456\u043d\u043e\u0447\u0438\u0445<\/strong>: \u0441. \u043c\u0430\u0433\u0456\u0441\u0442\u0440 Gra\u017cyna Koneczna<br><strong>\u0441\u0442\u0430\u0440\u0448\u0438\u0439 \u0440\u0435\u0444\u0435\u0440\u0435\u043d\u0442: <\/strong>\u043c\u0430\u0433\u0456\u0441\u0442\u0440 Monika Rze\u017anik<br>biuro: \u043f\u0435\u0440\u0448\u0438\u0439 \u043f\u043e\u0432\u0435\u0440\u0445, \u043a\u0456\u043c\u043d\u0430\u0442\u0430 \u211619 \u0442\u0435\u043b.: (81) 445 48 19\/20<br>\u0430\u0434\u0440\u0435\u0441\u0430 \u0435\u043b\u0435\u043a\u0442\u0440\u043e\u043d\u043d\u043e\u0457 \u043f\u043e\u0448\u0442\u0438: <a href=\"mailto:grazyna.koneczna@kul.pl\">grazyna.koneczna@kul.pl<\/a>, <a href=\"mailto:monika.rzeznik@kul.pl\">monika.rzeznik@kul.pl<\/a><\/p>\n\n\n\n<p><strong>\u0421\u0435\u043a\u0446\u0456\u044f \u0447\u043e\u043b\u043e\u0432\u0456\u0447\u0438\u0445 \u0433\u0443\u0440\u0442\u043e\u0436\u0438\u0442\u043a\u0456\u0432 \u0442\u0430 \u0433\u0443\u0440\u0442\u043e\u0436\u0438\u0442\u043a\u0456\u0432 \u0434\u043b\u044f \u043f\u043e\u0434\u0440\u0443\u0436\u043d\u0456\u0445 \u043f\u0430\u0440 \u041b\u041a\u0423<\/strong><\/p>\n\n\n\n<ul class=\"wp-block-list\">\n<li><strong>\u0421\u0442\u0443\u0434\u0435\u043d\u0442\u0441\u044c\u043a\u0438\u0439 \u0433\u0443\u0440\u0442\u043e\u0436\u0438\u0442\u043e\u043a \u0447\u043e\u043b\u043e\u0432\u0456\u0447\u043e\u0457 \u0442\u0430 \u043e\u0434\u0440\u0443\u0436\u0435\u043d\u043e\u0457 \u0441\u0442\u0430\u0442\u0456 \u0406\u0434\u0437\u0456<\/strong>, Nieca\u0142a 8, 20-080 \u041b\u044e\u0431\u043b\u0456\u043d,<\/li>\n<\/ul>\n\n\n\n<p>\u0432\u0443\u043b. Nieca\u0142a 8<br>20-080 \u041b\u044e\u0431\u043b\u0456\u043d<br>\u0442\u0435\u043b.: (81) 445 30 03<br>\u0430\u0434\u0440\u0435\u0441\u0430 \u0435\u043b\u0435\u043a\u0442\u0440\u043e\u043d\u043d\u043e\u0457 \u043f\u043e\u0448\u0442\u0438: mdsniecala@kul.pl<\/p>\n\n\n\n<p><strong>\u041a\u0435\u0440\u0456\u0432\u043d\u0438\u043a \u0441\u0435\u043a\u0446\u0456\u0457 \u0447\u043e\u043b\u043e\u0432\u0456\u0447\u0438\u0445 \u0433\u0443\u0440\u0442\u043e\u0436\u0438\u0442\u043a\u0456\u0432 \u0442\u0430 \u0433\u0443\u0440\u0442\u043e\u0436\u0438\u0442\u043a\u0456\u0432 \u0434\u043b\u044f \u043f\u043e\u0434\u0440\u0443\u0436\u043d\u0456\u0445 \u043f\u0430\u0440<\/strong>: \u043c\u0430\u0433\u0456\u0441\u0442\u0440 Tomasz Ko\u0142odziejczyk<\/p>\n\n\n\n<p><strong>\u0421\u0442\u0430\u0440\u0448\u0438\u0439 \u0441\u043f\u0435\u0446\u0456\u0430\u043b\u0456\u0441\u0442:<\/strong> \u043c\u0430\u0433\u0456\u0441\u0442\u0440 S\u0142awomir Piszczek<br>\u043e\u0444\u0456\u0441: \u043f\u0435\u0440\u0448\u0438\u0439 \u043f\u043e\u0432\u0435\u0440\u0445 \u0431\u0456\u043b\u044f \u043f\u0440\u043e\u0445\u0456\u0434\u043d\u043e\u0457<br>\u0442\u0435\u043b. (81) 445 3004\/5<br>\u0430\u0434\u0440\u0435\u0441\u0430 \u0435\u043b\u0435\u043a\u0442\u0440\u043e\u043d\u043d\u043e\u0457 \u043f\u043e\u0448\u0442\u0438: <a href=\"mailto:tomasz.kolodziejczyk@kul.pl\">tomasz.kolodziejczyk@kul.pl<\/a>, <a href=\"mailto:slawomir.piszczek@kul.pl\">slawomir.piszczek@kul.pl<\/a><\/p>\n\n\n\n<ul class=\"wp-block-list\">\n<li><strong><strong>\u0427\u043e\u043b\u043e\u0432\u0456\u0447\u0456 \u0441\u0442\u0443\u0434\u0435\u043d\u0442\u0441\u044c\u043a\u0456 \u0433\u0443\u0440\u0442\u043e\u0436\u0438\u0442\u043a\u0438 \u0456\u043c\u0435\u043d\u0456 \u041a\u0430\u0440\u043e\u043b\u044f \u0456 \u0421\u0442\u0435\u0444\u0430\u043d\u0430<\/strong><\/strong> Konstantyn\u00f3w 1A\/B<br>\u0432\u0443\u043b. Konstantyn\u00f3w 1B<br>20-708 \u041b\u044e\u0431\u043b\u0456\u043d<br>\u0442\u0435\u043b.: (0-81) 445 47 30<br>\u0430\u0434\u0440\u0435\u0441\u0430 \u0435\u043b\u0435\u043a\u0442\u0440\u043e\u043d\u043d\u043e\u0457 \u043f\u043e\u0448\u0442\u0438: mds@kul.pl<\/li>\n<\/ul>\n\n\n\n<p>\u043e\u0444\u0456\u0441:<strong> <\/strong>\u0427\u043e\u043b\u043e\u0432\u0456\u0447\u0438\u0439 \u0433\u0443\u0440\u0442\u043e\u0436\u0438\u0442\u043e\u043a Konstantyn\u00f3w 1B, \u043f\u0435\u0440\u0448\u0438\u0439 \u043f\u043e\u0432\u0435\u0440\u0445, \u043a\u0456\u043c\u043d\u0430\u0442\u0430 \u21166,<br>\u0442\u0435\u043b.: (81) 445 47 31<br>\u0430\u0434\u0440\u0435\u0441\u0430 \u0435\u043b\u0435\u043a\u0442\u0440\u043e\u043d\u043d\u043e\u0457 \u043f\u043e\u0448\u0442\u0438: <a href=\"mailto:tomasz.kolodziejczyk@kul.pl\">tomasz.kolodziejczyk@kul.pl<\/a><\/p>\n\n\n\n<ul class=\"wp-block-list\">\n<li><strong>\u0421\u0442\u0443\u0434\u0435\u043d\u0442\u0441\u044c\u043a\u0438\u0439 \u0433\u0443\u0440\u0442\u043e\u0436\u0438\u0442\u043e\u043a Stella \u0443 \u0421\u0442\u0430\u043b\u044c\u043e\u0432\u0456\u0439 \u0412\u043e\u043b\u0456<\/strong>, ul. Ofiar Katynia 6.<br>\u0432\u0443\u043b. Ofiar Katynia 6<br>37-450 \u0421\u0442\u0430\u043b\u044c\u043e\u0432\u0430 \u0412\u043e\u043b\u044f<br>\u0442\u0435\u043b.: (81) 454 55 26<br>\u0430\u0434\u0440\u0435\u0441\u0430 \u0435\u043b\u0435\u043a\u0442\u0440\u043e\u043d\u043d\u043e\u0457 \u043f\u043e\u0448\u0442\u0438: <a href=\"mailto:dsstalowawola@kul.pl\">dsstalowawola@kul.pl<\/a><\/li>\n<\/ul>\n\n\n\n<p><strong>\u0421\u0442\u0430\u0440\u0448\u0438\u0439 \u0440\u0435\u0444\u0435\u0440\u0435\u043d\u0442:<\/strong> Marzena Antonik<br>\u043e\u0444\u0456\u0441: \u043f\u0435\u0440\u0448\u0438\u0439 \u043f\u043e\u0432\u0435\u0440\u0445, \u043a\u0456\u043c\u043d\u0430\u0442\u0430 \u211622<br>\u0442\u0435\u043b.: (81) 454 55 22<br>\u0430\u0434\u0440\u0435\u0441\u0430 \u0435\u043b\u0435\u043a\u0442\u0440\u043e\u043d\u043d\u043e\u0457 \u043f\u043e\u0448\u0442\u0438: <a href=\"mailto:mazena.antonik%40kul.pl\">mazena.antonik@kul.pl<\/a><\/p>\n","protected":false},"excerpt":{"rendered":"<p>\u0412\u0456\u0434\u0434\u0456\u043b \u0443\u043f\u0440\u0430\u0432\u043b\u0456\u043d\u043d\u044f \u0413\u0443\u0440\u0442\u043e\u0436\u0438\u0442\u043a\u0430\u043c\u0438 \u041b\u041a\u0423 \u041a\u0435\u0440\u0456\u0432\u043d\u0438\u043a \u0412\u0456\u0434\u0434\u0456\u043b\u0443: \u0434\u043e\u043a\u0442\u043e\u0440 Piotr Szelest\u043e\u0444\u0456\u0441 \u0427\u043e\u043b\u043e\u0432\u0456\u0447\u0438\u0439 \u0433\u0443\u0440\u0442\u043e\u0436\u0438\u0442\u043e\u043a Konstantyn\u00f3w 1B, \u043f\u0435\u0440\u0448\u0438\u0439 \u043f\u043e\u0432\u0435\u0440\u0445, \u043a\u0456\u043c\u043d\u0430\u0442\u0430 \u21166,\u0442\u0435\u043b.: (81) 445 47 31\u0430\u0434\u0440\u0435\u0441\u0430 \u0435\u043b\u0435\u043a\u0442\u0440\u043e\u043d\u043d\u043e\u0457 \u043f\u043e\u0448\u0442\u0438: dads@kul.pl, piotr.szelest@kul.pl \u0421\u0435\u043a\u0446\u0456\u044f \u0436\u0456\u043d\u043e\u0447\u0438\u0445 \u0433\u0443\u0440\u0442\u043e\u0436\u0438\u0442\u043a\u0456\u0432 \u041b\u041a\u0423: \u041a\u0435\u0440\u0456\u0432\u043d\u0438\u043a&#8230;<\/p>\n","protected":false},"author":1,"featured_media":0,"parent":0,"menu_order":0,"comment_status":"closed","ping_status":"closed","template":"","meta":{"footnotes":""},"class_list":["post-3009","page","type-page","status-publish","hentry"],"yoast_head":"<!-- This site is optimized with the Yoast SEO plugin v27.3 - https:\/\/yoast.com\/product\/yoast-seo-wordpress\/ -->\n<title>\u041a\u043e\u043d\u0442\u0430\u043a\u0442\/\u043f\u0440\u0430\u0446\u0456\u0432\u043d\u0438\u043a\u0438 - Domy Studenckie KUL<\/title>\n<meta name=\"robots\" content=\"index, follow, max-snippet:-1, max-image-preview:large, max-video-preview:-1\" \/>\n<link rel=\"canonical\" href=\"https:\/\/akademiki.kul.pl\/?page_id=3009&lang=uk\" \/>\n<meta property=\"og:locale\" content=\"pl_PL\" \/>\n<meta property=\"og:type\" content=\"article\" \/>\n<meta property=\"og:title\" content=\"\u041a\u043e\u043d\u0442\u0430\u043a\u0442\/\u043f\u0440\u0430\u0446\u0456\u0432\u043d\u0438\u043a\u0438 - Domy Studenckie KUL\" \/>\n<meta property=\"og:description\" content=\"\u0412\u0456\u0434\u0434\u0456\u043b \u0443\u043f\u0440\u0430\u0432\u043b\u0456\u043d\u043d\u044f \u0413\u0443\u0440\u0442\u043e\u0436\u0438\u0442\u043a\u0430\u043c\u0438 \u041b\u041a\u0423 \u041a\u0435\u0440\u0456\u0432\u043d\u0438\u043a \u0412\u0456\u0434\u0434\u0456\u043b\u0443: \u0434\u043e\u043a\u0442\u043e\u0440 Piotr Szelest\u043e\u0444\u0456\u0441 \u0427\u043e\u043b\u043e\u0432\u0456\u0447\u0438\u0439 \u0433\u0443\u0440\u0442\u043e\u0436\u0438\u0442\u043e\u043a Konstantyn\u00f3w 1B, \u043f\u0435\u0440\u0448\u0438\u0439 \u043f\u043e\u0432\u0435\u0440\u0445, \u043a\u0456\u043c\u043d\u0430\u0442\u0430 \u21166,\u0442\u0435\u043b.: (81) 445 47 31\u0430\u0434\u0440\u0435\u0441\u0430 \u0435\u043b\u0435\u043a\u0442\u0440\u043e\u043d\u043d\u043e\u0457 \u043f\u043e\u0448\u0442\u0438: dads@kul.pl, piotr.szelest@kul.pl \u0421\u0435\u043a\u0446\u0456\u044f \u0436\u0456\u043d\u043e\u0447\u0438\u0445 \u0433\u0443\u0440\u0442\u043e\u0436\u0438\u0442\u043a\u0456\u0432 \u041b\u041a\u0423: \u041a\u0435\u0440\u0456\u0432\u043d\u0438\u043a...\" \/>\n<meta property=\"og:url\" content=\"https:\/\/akademiki.kul.pl\/?page_id=3009&amp;lang=uk\" \/>\n<meta property=\"og:site_name\" content=\"Domy Studenckie KUL\" \/>\n<meta property=\"article:publisher\" content=\"https:\/\/www.facebook.com\/mdskulkonstantynow\/\" \/>\n<meta property=\"article:modified_time\" content=\"2025-01-20T08:34:17+00:00\" \/>\n<meta name=\"twitter:card\" content=\"summary_large_image\" \/>\n<meta name=\"twitter:label1\" content=\"Szacowany czas czytania\" \/>\n\t<meta name=\"twitter:data1\" content=\"2 minuty\" \/>\n<script type=\"application\/ld+json\" class=\"yoast-schema-graph\">{\"@context\":\"https:\\\/\\\/schema.org\",\"@graph\":[{\"@type\":\"WebPage\",\"@id\":\"https:\\\/\\\/akademiki.kul.pl\\\/?page_id=3009&lang=uk\",\"url\":\"https:\\\/\\\/akademiki.kul.pl\\\/?page_id=3009&lang=uk\",\"name\":\"\u041a\u043e\u043d\u0442\u0430\u043a\u0442\\\/\u043f\u0440\u0430\u0446\u0456\u0432\u043d\u0438\u043a\u0438 - Domy Studenckie KUL\",\"isPartOf\":{\"@id\":\"https:\\\/\\\/akademiki.kul.pl\\\/#website\"},\"datePublished\":\"2024-06-26T13:27:39+00:00\",\"dateModified\":\"2025-01-20T08:34:17+00:00\",\"breadcrumb\":{\"@id\":\"https:\\\/\\\/akademiki.kul.pl\\\/?page_id=3009&lang=uk#breadcrumb\"},\"inLanguage\":\"pl-PL\",\"potentialAction\":[{\"@type\":\"ReadAction\",\"target\":[\"https:\\\/\\\/akademiki.kul.pl\\\/?page_id=3009&lang=uk\"]}]},{\"@type\":\"BreadcrumbList\",\"@id\":\"https:\\\/\\\/akademiki.kul.pl\\\/?page_id=3009&lang=uk#breadcrumb\",\"itemListElement\":[{\"@type\":\"ListItem\",\"position\":1,\"name\":\"Strona g\u0142\u00f3wna\",\"item\":\"https:\\\/\\\/akademiki.kul.pl\\\/\"},{\"@type\":\"ListItem\",\"position\":2,\"name\":\"\u041a\u043e\u043d\u0442\u0430\u043a\u0442\\\/\u043f\u0440\u0430\u0446\u0456\u0432\u043d\u0438\u043a\u0438\"}]},{\"@type\":\"WebSite\",\"@id\":\"https:\\\/\\\/akademiki.kul.pl\\\/#website\",\"url\":\"https:\\\/\\\/akademiki.kul.pl\\\/\",\"name\":\"Domy Studenckie KUL\",\"description\":\"Akademiki z pe\u0142n\u0105 KULtur\u0105\",\"publisher\":{\"@id\":\"https:\\\/\\\/akademiki.kul.pl\\\/#organization\"},\"potentialAction\":[{\"@type\":\"SearchAction\",\"target\":{\"@type\":\"EntryPoint\",\"urlTemplate\":\"https:\\\/\\\/akademiki.kul.pl\\\/?s={search_term_string}\"},\"query-input\":{\"@type\":\"PropertyValueSpecification\",\"valueRequired\":true,\"valueName\":\"search_term_string\"}}],\"inLanguage\":\"pl-PL\"},{\"@type\":\"Organization\",\"@id\":\"https:\\\/\\\/akademiki.kul.pl\\\/#organization\",\"name\":\"Domy Studenckie KUL\",\"url\":\"https:\\\/\\\/akademiki.kul.pl\\\/\",\"logo\":{\"@type\":\"ImageObject\",\"inLanguage\":\"pl-PL\",\"@id\":\"https:\\\/\\\/akademiki.kul.pl\\\/#\\\/schema\\\/logo\\\/image\\\/\",\"url\":\"https:\\\/\\\/akademiki.kul.pl\\\/wp-content\\\/uploads\\\/2023\\\/06\\\/cropped-Korys-Piotr-logo-DS_KUL.png\",\"contentUrl\":\"https:\\\/\\\/akademiki.kul.pl\\\/wp-content\\\/uploads\\\/2023\\\/06\\\/cropped-Korys-Piotr-logo-DS_KUL.png\",\"width\":7462,\"height\":1408,\"caption\":\"Domy Studenckie KUL\"},\"image\":{\"@id\":\"https:\\\/\\\/akademiki.kul.pl\\\/#\\\/schema\\\/logo\\\/image\\\/\"},\"sameAs\":[\"https:\\\/\\\/www.facebook.com\\\/mdskulkonstantynow\\\/\",\"https:\\\/\\\/www.facebook.com\\\/zdskul\\\/\"]}]}<\/script>\n<!-- \/ Yoast SEO plugin. -->","yoast_head_json":{"title":"\u041a\u043e\u043d\u0442\u0430\u043a\u0442\/\u043f\u0440\u0430\u0446\u0456\u0432\u043d\u0438\u043a\u0438 - Domy Studenckie KUL","robots":{"index":"index","follow":"follow","max-snippet":"max-snippet:-1","max-image-preview":"max-image-preview:large","max-video-preview":"max-video-preview:-1"},"canonical":"https:\/\/akademiki.kul.pl\/?page_id=3009&lang=uk","og_locale":"pl_PL","og_type":"article","og_title":"\u041a\u043e\u043d\u0442\u0430\u043a\u0442\/\u043f\u0440\u0430\u0446\u0456\u0432\u043d\u0438\u043a\u0438 - Domy Studenckie KUL","og_description":"\u0412\u0456\u0434\u0434\u0456\u043b \u0443\u043f\u0440\u0430\u0432\u043b\u0456\u043d\u043d\u044f \u0413\u0443\u0440\u0442\u043e\u0436\u0438\u0442\u043a\u0430\u043c\u0438 \u041b\u041a\u0423 \u041a\u0435\u0440\u0456\u0432\u043d\u0438\u043a \u0412\u0456\u0434\u0434\u0456\u043b\u0443: \u0434\u043e\u043a\u0442\u043e\u0440 Piotr Szelest\u043e\u0444\u0456\u0441 \u0427\u043e\u043b\u043e\u0432\u0456\u0447\u0438\u0439 \u0433\u0443\u0440\u0442\u043e\u0436\u0438\u0442\u043e\u043a Konstantyn\u00f3w 1B, \u043f\u0435\u0440\u0448\u0438\u0439 \u043f\u043e\u0432\u0435\u0440\u0445, \u043a\u0456\u043c\u043d\u0430\u0442\u0430 \u21166,\u0442\u0435\u043b.: (81) 445 47 31\u0430\u0434\u0440\u0435\u0441\u0430 \u0435\u043b\u0435\u043a\u0442\u0440\u043e\u043d\u043d\u043e\u0457 \u043f\u043e\u0448\u0442\u0438: dads@kul.pl, piotr.szelest@kul.pl \u0421\u0435\u043a\u0446\u0456\u044f \u0436\u0456\u043d\u043e\u0447\u0438\u0445 \u0433\u0443\u0440\u0442\u043e\u0436\u0438\u0442\u043a\u0456\u0432 \u041b\u041a\u0423: \u041a\u0435\u0440\u0456\u0432\u043d\u0438\u043a...","og_url":"https:\/\/akademiki.kul.pl\/?page_id=3009&lang=uk","og_site_name":"Domy Studenckie KUL","article_publisher":"https:\/\/www.facebook.com\/mdskulkonstantynow\/","article_modified_time":"2025-01-20T08:34:17+00:00","twitter_card":"summary_large_image","twitter_misc":{"Szacowany czas czytania":"2 minuty"},"schema":{"@context":"https:\/\/schema.org","@graph":[{"@type":"WebPage","@id":"https:\/\/akademiki.kul.pl\/?page_id=3009&lang=uk","url":"https:\/\/akademiki.kul.pl\/?page_id=3009&lang=uk","name":"\u041a\u043e\u043d\u0442\u0430\u043a\u0442\/\u043f\u0440\u0430\u0446\u0456\u0432\u043d\u0438\u043a\u0438 - Domy Studenckie KUL","isPartOf":{"@id":"https:\/\/akademiki.kul.pl\/#website"},"datePublished":"2024-06-26T13:27:39+00:00","dateModified":"2025-01-20T08:34:17+00:00","breadcrumb":{"@id":"https:\/\/akademiki.kul.pl\/?page_id=3009&lang=uk#breadcrumb"},"inLanguage":"pl-PL","potentialAction":[{"@type":"ReadAction","target":["https:\/\/akademiki.kul.pl\/?page_id=3009&lang=uk"]}]},{"@type":"BreadcrumbList","@id":"https:\/\/akademiki.kul.pl\/?page_id=3009&lang=uk#breadcrumb","itemListElement":[{"@type":"ListItem","position":1,"name":"Strona g\u0142\u00f3wna","item":"https:\/\/akademiki.kul.pl\/"},{"@type":"ListItem","position":2,"name":"\u041a\u043e\u043d\u0442\u0430\u043a\u0442\/\u043f\u0440\u0430\u0446\u0456\u0432\u043d\u0438\u043a\u0438"}]},{"@type":"WebSite","@id":"https:\/\/akademiki.kul.pl\/#website","url":"https:\/\/akademiki.kul.pl\/","name":"Domy Studenckie KUL","description":"Akademiki z pe\u0142n\u0105 KULtur\u0105","publisher":{"@id":"https:\/\/akademiki.kul.pl\/#organization"},"potentialAction":[{"@type":"SearchAction","target":{"@type":"EntryPoint","urlTemplate":"https:\/\/akademiki.kul.pl\/?s={search_term_string}"},"query-input":{"@type":"PropertyValueSpecification","valueRequired":true,"valueName":"search_term_string"}}],"inLanguage":"pl-PL"},{"@type":"Organization","@id":"https:\/\/akademiki.kul.pl\/#organization","name":"Domy Studenckie KUL","url":"https:\/\/akademiki.kul.pl\/","logo":{"@type":"ImageObject","inLanguage":"pl-PL","@id":"https:\/\/akademiki.kul.pl\/#\/schema\/logo\/image\/","url":"https:\/\/akademiki.kul.pl\/wp-content\/uploads\/2023\/06\/cropped-Korys-Piotr-logo-DS_KUL.png","contentUrl":"https:\/\/akademiki.kul.pl\/wp-content\/uploads\/2023\/06\/cropped-Korys-Piotr-logo-DS_KUL.png","width":7462,"height":1408,"caption":"Domy Studenckie KUL"},"image":{"@id":"https:\/\/akademiki.kul.pl\/#\/schema\/logo\/image\/"},"sameAs":["https:\/\/www.facebook.com\/mdskulkonstantynow\/","https:\/\/www.facebook.com\/zdskul\/"]}]}},"_links":{"self":[{"href":"https:\/\/akademiki.kul.pl\/index.php?rest_route=\/wp\/v2\/pages\/3009","targetHints":{"allow":["GET"]}}],"collection":[{"href":"https:\/\/akademiki.kul.pl\/index.php?rest_route=\/wp\/v2\/pages"}],"about":[{"href":"https:\/\/akademiki.kul.pl\/index.php?rest_route=\/wp\/v2\/types\/page"}],"author":[{"embeddable":true,"href":"https:\/\/akademiki.kul.pl\/index.php?rest_route=\/wp\/v2\/users\/1"}],"replies":[{"embeddable":true,"href":"https:\/\/akademiki.kul.pl\/index.php?rest_route=%2Fwp%2Fv2%2Fcomments&post=3009"}],"version-history":[{"count":4,"href":"https:\/\/akademiki.kul.pl\/index.php?rest_route=\/wp\/v2\/pages\/3009\/revisions"}],"predecessor-version":[{"id":3672,"href":"https:\/\/akademiki.kul.pl\/index.php?rest_route=\/wp\/v2\/pages\/3009\/revisions\/3672"}],"wp:attachment":[{"href":"https:\/\/akademiki.kul.pl\/index.php?rest_route=%2Fwp%2Fv2%2Fmedia&parent=3009"}],"curies":[{"name":"wp","href":"https:\/\/api.w.org\/{rel}","templated":true}]}}