{"id":3011,"date":"2026-02-18T10:30:59","date_gmt":"2026-02-18T09:30:59","guid":{"rendered":"https:\/\/akademiki.kul.pl\/?page_id=3011"},"modified":"2026-02-18T10:59:47","modified_gmt":"2026-02-18T09:59:47","slug":"%d0%b3%d0%be%d1%81%d1%82%d1%8c%d0%be%d0%b2%d1%96-%d0%ba%d1%96%d0%bc%d0%bd%d0%b0%d1%82%d0%b8","status":"publish","type":"page","link":"https:\/\/akademiki.kul.pl\/?page_id=3011&lang=uk","title":{"rendered":"\u0413\u043e\u0441\u0442\u044c\u043e\u0432\u0456 \u043a\u0456\u043c\u043d\u0430\u0442\u0438"},"content":{"rendered":"\n<p><strong>\u0417\u0430\u043f\u0440\u043e\u0448\u0443\u0454\u043c\u043e \u043a\u043e\u0440\u0438\u0441\u0442\u0443\u0432\u0430\u0442\u0438\u0441\u044f \u0433\u043e\u0441\u0442\u044c\u043e\u0432\u0438\u043c\u0438 \u043a\u0456\u043c\u043d\u0430\u0442\u0430\u043c\u0438 \u0443 \u0441\u0442\u0443\u0434\u0435\u043d\u0442\u0441\u044c\u043a\u0438\u0445 \u0433\u0443\u0440\u0442\u043e\u0436\u0438\u0442\u043a\u0430\u0445 \u041b\u041a\u0423.<\/strong><\/p>\n\n\n\n<p>\u0412\u0456\u0434\u043f\u043e\u0432\u0456\u0434\u043d\u043e \u0434\u043e \u0420\u043e\u0437\u043f\u043e\u0440\u044f\u0434\u0436\u0435\u043d\u043d\u044f \u2116 ROP-0101-142\/25 \u0420\u0435\u043a\u0442\u043e\u0440\u0430 \u041a\u0430\u0442\u043e\u043b\u0438\u0446\u044c\u043a\u043e\u0433\u043e \u0443\u043d\u0456\u0432\u0435\u0440\u0441\u0438\u0442\u0435\u0442\u0443 \u041b\u044e\u0431\u043b\u0456\u043d\u0441\u044c\u043a\u043e\u0433\u043e \u0456\u043c\u0435\u043d\u0456 \u0406\u0432\u0430\u043d\u0430 \u041f\u0430\u0432\u043b\u0430 II \u0432\u0456\u0434 24 \u0447\u0435\u0440\u0432\u043d\u044f 2025 \u0440\u043e\u043a\u0443, \u043f\u043b\u0430\u0442\u0430 \u0437\u0430 \u043c\u0456\u0441\u0446\u0435 \u0432 \u0433\u043e\u0441\u0442\u044c\u043e\u0432\u0438\u0445 \u043a\u0456\u043c\u043d\u0430\u0442\u0430\u0445 \u0433\u0443\u0440\u0442\u043e\u0436\u0438\u0442\u043a\u0456\u0432 \u041a\u0423\u041b \u0441\u0442\u0430\u043d\u043e\u0432\u0438\u0442\u044c<\/p>\n\n\n\n<p>1) \u0437\u0430 \u0434\u043e\u0431\u0443 \u0434\u043b\u044f \u0441\u0442\u0443\u0434\u0435\u043d\u0442\u0456\u0432 \u0442\u0430 \u0430\u0441\u043f\u0456\u0440\u0430\u043d\u0442\u0456\u0432 \u041a\u0423\u041b, \u0423\u041c\u041a\u0421, \u041a\u0423\u041b, \u0423\u041c, \u0423\u041f, \u041f\u041b, \u0412\u0421\u041f\u0456\u0410, \u0412\u0421\u041f, \u0412\u0421\u0415\u0406, \u0412\u0421\u041d\u0421:<\/p>\n\n\n\n<figure class=\"wp-block-table is-style-stripes\"><table><tbody><tr><td>\u0441\u0442\u0443\u0434\u0435\u043d\u0442\u0441\u044c\u043a\u0430 \u043a\u0456\u043c\u043d\u0430\u0442\u0430<\/td><td><strong>&#8211; 40 \u0437\u043b\u043e\u0442\u0456<\/strong><\/td><\/tr><tr><td>\u0434\u0432\u043e\u043c\u0456\u0441\u043d\u0430 \u0433\u043e\u0441\u0442\u044c\u043e\u0432\u0430 \u043a\u0456\u043c\u043d\u0430\u0442\u0430 \u043f\u0456\u0434\u0432\u0438\u0449\u0435\u043d\u043e\u0433\u043e \u0441\u0442\u0430\u043d\u0434\u0430\u0440\u0442\u0443<\/td><td><strong>&#8211; 60 \u0437\u043b\u043e\u0442\u0438\u0445 \u0437 \u043e\u0441\u043e\u0431\u0438<\/strong><\/td><\/tr><tr><td>\u043e\u0434\u043d\u043e\u043c\u0456\u0441\u043d\u0430 \u0433\u043e\u0441\u0442\u044c\u043e\u0432\u0430 \u043a\u0456\u043c\u043d\u0430\u0442\u0430<\/td><td><strong>&#8211; 80 \u0437\u043b\u043e\u0442\u0456<\/strong><\/td><\/tr><tr><td>\u0414\u0432\u043e\u043c\u0456\u0441\u043d\u0430 \u0433\u043e\u0441\u0442\u044c\u043e\u0432\u0430 \u043a\u0456\u043c\u043d\u0430\u0442\u0430 \u043f\u0456\u0434\u0432\u0438\u0449\u0435\u043d\u043e\u0433\u043e \u0441\u0442\u0430\u043d\u0434\u0430\u0440\u0442\u0443<\/td><td><strong>&#8211; 70 \u0437\u043b\u043e\u0442\u0438\u0445 \u0437 \u043e\u0441\u043e\u0431\u0438<\/strong><\/td><\/tr><tr><td>\u041e\u0434\u043d\u043e\u043c\u0456\u0441\u043d\u0430 \u0433\u043e\u0441\u0442\u044c\u043e\u0432\u0430 \u043a\u0456\u043c\u043d\u0430\u0442\u0430 \u043f\u0456\u0434\u0432\u0438\u0449\u0435\u043d\u043e\u0433\u043e \u0441\u0442\u0430\u043d\u0434\u0430\u0440\u0442\u0443<\/td><td><strong>&#8211; 90 \u0437\u043b\u043e\u0442\u0438\u0445<\/strong><\/td><\/tr><\/tbody><\/table><\/figure>\n\n\n\n<p>2) \u0437\u0430 \u0434\u043e\u0431\u0443 \u0432\u0456\u0434 \u0456\u043d\u0448\u0438\u0445 \u043e\u0441\u0456\u0431, \u0441\u0442\u0430\u0432\u043a\u0438 \u044f\u043a \u0432\u043a\u0430\u0437\u0430\u043d\u043e \u0432\u0438\u0449\u0435 +8% \u041f\u0414\u0412.<\/p>\n\n\n\n<p><strong>1. \u017bDS &#8222;Konstantyna&#8221; \u0432 \u041b\u044e\u0431\u043b\u0456\u043d\u0456, \u0432\u0443\u043b. \u041a\u043e\u043d\u0441\u0442\u0430\u043d\u0442\u0438\u043d\u0443\u0432 1D \u2013 \u0431\u0440\u043e\u043d\u044e\u0432\u0430\u043d\u043d\u044f \u0442\u0435\u043b. 81 445 48 16<\/strong><\/p>\n\n\n\n<p><strong>2. MDS &#8222;Karol&#8221; \u0443 \u041b\u044e\u0431\u043b\u0456\u043d\u0456, \u0432\u0443\u043b. \u041a\u043e\u043d\u0441\u0442\u0430\u043d\u0442\u0438\u043d\u0443\u0432 1B \u2013 \u0431\u0440\u043e\u043d\u044e\u0432\u0430\u043d\u043d\u044f \u0437\u0430 \u0442\u0435\u043b. 81 445 47 30<\/strong><\/p>\n\n\n\n<p><strong>3. MiMDS &#8222;Idzi&#8221; \u0443 \u041b\u044e\u0431\u043b\u0456\u043d\u0456, \u0432\u0443\u043b. \u041d\u0435\u0446\u044f\u043b\u0430 8 \u2013 \u0431\u0440\u043e\u043d\u044e\u0432\u0430\u043d\u043d\u044f \u0437\u0430 \u0442\u0435\u043b. 81 445 30 03<\/strong><\/p>\n\n\n\n<p><strong>4. DS &#8222;Stella&#8221; \u0443 \u0421\u0442\u0430\u043b\u043e\u0432\u0456\u0439 \u0412\u043e\u043b\u0456, \u0432\u0443\u043b. \u041e\u0444\u0456\u0430\u0440 \u041a\u0430\u0442\u0438\u043d\u044f 6 \u2013 \u0431\u0440\u043e\u043d\u044e\u0432\u0430\u043d\u043d\u044f \u0437\u0430 \u0442\u0435\u043b. 81 454 55<\/strong><\/p>\n\n\n\n<p>\u0406\u0441\u043d\u0443\u0454 \u043c\u043e\u0436\u043b\u0438\u0432\u0456\u0441\u0442\u044c \u0434\u043e\u0432\u0433\u043e\u0441\u0442\u0440\u043e\u043a\u043e\u0432\u043e\u0433\u043e \u0431\u0440\u043e\u043d\u044e\u0432\u0430\u043d\u043d\u044f \u0433\u043e\u0441\u0442\u044c\u043e\u0432\u0438\u0445 \u043a\u0456\u043c\u043d\u0430\u0442 \u2013 \u0437 \u0446\u044c\u043e\u0433\u043e \u043f\u0438\u0442\u0430\u043d\u043d\u044f \u043f\u0440\u043e\u0441\u0438\u043c\u043e \u0437\u0432\u0435\u0440\u0442\u0430\u0442\u0438\u0441\u044f \u0434\u043e \u0430\u0434\u043c\u0456\u043d\u0456\u0441\u0442\u0440\u0430\u0442\u043e\u0440\u0456\u0432 \u043e\u043a\u0440\u0435\u043c\u0438\u0445 \u0433\u0443\u0440\u0442\u043e\u0436\u0438\u0442\u043a\u0456\u0432<\/p>\n","protected":false},"excerpt":{"rendered":"<p>\u0417\u0430\u043f\u0440\u043e\u0448\u0443\u0454\u043c\u043e \u043a\u043e\u0440\u0438\u0441\u0442\u0443\u0432\u0430\u0442\u0438\u0441\u044f \u0433\u043e\u0441\u0442\u044c\u043e\u0432\u0438\u043c\u0438 \u043a\u0456\u043c\u043d\u0430\u0442\u0430\u043c\u0438 \u0443 \u0441\u0442\u0443\u0434\u0435\u043d\u0442\u0441\u044c\u043a\u0438\u0445 \u0433\u0443\u0440\u0442\u043e\u0436\u0438\u0442\u043a\u0430\u0445 \u041b\u041a\u0423. \u0412\u0456\u0434\u043f\u043e\u0432\u0456\u0434\u043d\u043e \u0434\u043e \u0420\u043e\u0437\u043f\u043e\u0440\u044f\u0434\u0436\u0435\u043d\u043d\u044f \u2116 ROP-0101-142\/25 \u0420\u0435\u043a\u0442\u043e\u0440\u0430 \u041a\u0430\u0442\u043e\u043b\u0438\u0446\u044c\u043a\u043e\u0433\u043e \u0443\u043d\u0456\u0432\u0435\u0440\u0441\u0438\u0442\u0435\u0442\u0443 \u041b\u044e\u0431\u043b\u0456\u043d\u0441\u044c\u043a\u043e\u0433\u043e \u0456\u043c\u0435\u043d\u0456 \u0406\u0432\u0430\u043d\u0430 \u041f\u0430\u0432\u043b\u0430 II \u0432\u0456\u0434 24 \u0447\u0435\u0440\u0432\u043d\u044f 2025 \u0440\u043e\u043a\u0443, \u043f\u043b\u0430\u0442\u0430 \u0437\u0430 \u043c\u0456\u0441\u0446\u0435 \u0432&#8230;<\/p>\n","protected":false},"author":7,"featured_media":0,"parent":0,"menu_order":0,"comment_status":"closed","ping_status":"closed","template":"","meta":{"footnotes":""},"class_list":["post-3011","page","type-page","status-publish","hentry"],"yoast_head":"<!-- This site is optimized with the Yoast SEO plugin v27.3 - https:\/\/yoast.com\/product\/yoast-seo-wordpress\/ -->\n<title>\u0413\u043e\u0441\u0442\u044c\u043e\u0432\u0456 \u043a\u0456\u043c\u043d\u0430\u0442\u0438 - Domy Studenckie KUL<\/title>\n<meta name=\"robots\" content=\"index, follow, max-snippet:-1, max-image-preview:large, max-video-preview:-1\" \/>\n<link rel=\"canonical\" href=\"https:\/\/akademiki.kul.pl\/?page_id=3011&lang=uk\" \/>\n<meta property=\"og:locale\" content=\"pl_PL\" \/>\n<meta property=\"og:type\" content=\"article\" \/>\n<meta property=\"og:title\" content=\"\u0413\u043e\u0441\u0442\u044c\u043e\u0432\u0456 \u043a\u0456\u043c\u043d\u0430\u0442\u0438 - Domy Studenckie KUL\" \/>\n<meta property=\"og:description\" content=\"\u0417\u0430\u043f\u0440\u043e\u0448\u0443\u0454\u043c\u043e \u043a\u043e\u0440\u0438\u0441\u0442\u0443\u0432\u0430\u0442\u0438\u0441\u044f \u0433\u043e\u0441\u0442\u044c\u043e\u0432\u0438\u043c\u0438 \u043a\u0456\u043c\u043d\u0430\u0442\u0430\u043c\u0438 \u0443 \u0441\u0442\u0443\u0434\u0435\u043d\u0442\u0441\u044c\u043a\u0438\u0445 \u0433\u0443\u0440\u0442\u043e\u0436\u0438\u0442\u043a\u0430\u0445 \u041b\u041a\u0423. \u0412\u0456\u0434\u043f\u043e\u0432\u0456\u0434\u043d\u043e \u0434\u043e \u0420\u043e\u0437\u043f\u043e\u0440\u044f\u0434\u0436\u0435\u043d\u043d\u044f \u2116 ROP-0101-142\/25 \u0420\u0435\u043a\u0442\u043e\u0440\u0430 \u041a\u0430\u0442\u043e\u043b\u0438\u0446\u044c\u043a\u043e\u0433\u043e \u0443\u043d\u0456\u0432\u0435\u0440\u0441\u0438\u0442\u0435\u0442\u0443 \u041b\u044e\u0431\u043b\u0456\u043d\u0441\u044c\u043a\u043e\u0433\u043e \u0456\u043c\u0435\u043d\u0456 \u0406\u0432\u0430\u043d\u0430 \u041f\u0430\u0432\u043b\u0430 II \u0432\u0456\u0434 24 \u0447\u0435\u0440\u0432\u043d\u044f 2025 \u0440\u043e\u043a\u0443, \u043f\u043b\u0430\u0442\u0430 \u0437\u0430 \u043c\u0456\u0441\u0446\u0435 \u0432...\" \/>\n<meta property=\"og:url\" content=\"https:\/\/akademiki.kul.pl\/?page_id=3011&amp;lang=uk\" \/>\n<meta property=\"og:site_name\" content=\"Domy Studenckie KUL\" \/>\n<meta property=\"article:publisher\" content=\"https:\/\/www.facebook.com\/mdskulkonstantynow\/\" \/>\n<meta property=\"article:modified_time\" content=\"2026-02-18T09:59:47+00:00\" \/>\n<meta name=\"twitter:card\" content=\"summary_large_image\" \/>\n<meta name=\"twitter:label1\" content=\"Szacowany czas czytania\" \/>\n\t<meta name=\"twitter:data1\" content=\"2 minuty\" \/>\n<script type=\"application\/ld+json\" class=\"yoast-schema-graph\">{\"@context\":\"https:\\\/\\\/schema.org\",\"@graph\":[{\"@type\":\"WebPage\",\"@id\":\"https:\\\/\\\/akademiki.kul.pl\\\/?page_id=3011&lang=uk\",\"url\":\"https:\\\/\\\/akademiki.kul.pl\\\/?page_id=3011&lang=uk\",\"name\":\"\u0413\u043e\u0441\u0442\u044c\u043e\u0432\u0456 \u043a\u0456\u043c\u043d\u0430\u0442\u0438 - Domy Studenckie KUL\",\"isPartOf\":{\"@id\":\"https:\\\/\\\/akademiki.kul.pl\\\/#website\"},\"datePublished\":\"2026-02-18T09:30:59+00:00\",\"dateModified\":\"2026-02-18T09:59:47+00:00\",\"breadcrumb\":{\"@id\":\"https:\\\/\\\/akademiki.kul.pl\\\/?page_id=3011&lang=uk#breadcrumb\"},\"inLanguage\":\"pl-PL\",\"potentialAction\":[{\"@type\":\"ReadAction\",\"target\":[\"https:\\\/\\\/akademiki.kul.pl\\\/?page_id=3011&lang=uk\"]}]},{\"@type\":\"BreadcrumbList\",\"@id\":\"https:\\\/\\\/akademiki.kul.pl\\\/?page_id=3011&lang=uk#breadcrumb\",\"itemListElement\":[{\"@type\":\"ListItem\",\"position\":1,\"name\":\"Strona g\u0142\u00f3wna\",\"item\":\"https:\\\/\\\/akademiki.kul.pl\\\/\"},{\"@type\":\"ListItem\",\"position\":2,\"name\":\"\u0413\u043e\u0441\u0442\u044c\u043e\u0432\u0456 \u043a\u0456\u043c\u043d\u0430\u0442\u0438\"}]},{\"@type\":\"WebSite\",\"@id\":\"https:\\\/\\\/akademiki.kul.pl\\\/#website\",\"url\":\"https:\\\/\\\/akademiki.kul.pl\\\/\",\"name\":\"Domy Studenckie KUL\",\"description\":\"Akademiki z pe\u0142n\u0105 KULtur\u0105\",\"publisher\":{\"@id\":\"https:\\\/\\\/akademiki.kul.pl\\\/#organization\"},\"potentialAction\":[{\"@type\":\"SearchAction\",\"target\":{\"@type\":\"EntryPoint\",\"urlTemplate\":\"https:\\\/\\\/akademiki.kul.pl\\\/?s={search_term_string}\"},\"query-input\":{\"@type\":\"PropertyValueSpecification\",\"valueRequired\":true,\"valueName\":\"search_term_string\"}}],\"inLanguage\":\"pl-PL\"},{\"@type\":\"Organization\",\"@id\":\"https:\\\/\\\/akademiki.kul.pl\\\/#organization\",\"name\":\"Domy Studenckie KUL\",\"url\":\"https:\\\/\\\/akademiki.kul.pl\\\/\",\"logo\":{\"@type\":\"ImageObject\",\"inLanguage\":\"pl-PL\",\"@id\":\"https:\\\/\\\/akademiki.kul.pl\\\/#\\\/schema\\\/logo\\\/image\\\/\",\"url\":\"https:\\\/\\\/akademiki.kul.pl\\\/wp-content\\\/uploads\\\/2023\\\/06\\\/cropped-Korys-Piotr-logo-DS_KUL.png\",\"contentUrl\":\"https:\\\/\\\/akademiki.kul.pl\\\/wp-content\\\/uploads\\\/2023\\\/06\\\/cropped-Korys-Piotr-logo-DS_KUL.png\",\"width\":7462,\"height\":1408,\"caption\":\"Domy Studenckie KUL\"},\"image\":{\"@id\":\"https:\\\/\\\/akademiki.kul.pl\\\/#\\\/schema\\\/logo\\\/image\\\/\"},\"sameAs\":[\"https:\\\/\\\/www.facebook.com\\\/mdskulkonstantynow\\\/\",\"https:\\\/\\\/www.facebook.com\\\/zdskul\\\/\"]}]}<\/script>\n<!-- \/ Yoast SEO plugin. -->","yoast_head_json":{"title":"\u0413\u043e\u0441\u0442\u044c\u043e\u0432\u0456 \u043a\u0456\u043c\u043d\u0430\u0442\u0438 - Domy Studenckie KUL","robots":{"index":"index","follow":"follow","max-snippet":"max-snippet:-1","max-image-preview":"max-image-preview:large","max-video-preview":"max-video-preview:-1"},"canonical":"https:\/\/akademiki.kul.pl\/?page_id=3011&lang=uk","og_locale":"pl_PL","og_type":"article","og_title":"\u0413\u043e\u0441\u0442\u044c\u043e\u0432\u0456 \u043a\u0456\u043c\u043d\u0430\u0442\u0438 - Domy Studenckie KUL","og_description":"\u0417\u0430\u043f\u0440\u043e\u0448\u0443\u0454\u043c\u043e \u043a\u043e\u0440\u0438\u0441\u0442\u0443\u0432\u0430\u0442\u0438\u0441\u044f \u0433\u043e\u0441\u0442\u044c\u043e\u0432\u0438\u043c\u0438 \u043a\u0456\u043c\u043d\u0430\u0442\u0430\u043c\u0438 \u0443 \u0441\u0442\u0443\u0434\u0435\u043d\u0442\u0441\u044c\u043a\u0438\u0445 \u0433\u0443\u0440\u0442\u043e\u0436\u0438\u0442\u043a\u0430\u0445 \u041b\u041a\u0423. \u0412\u0456\u0434\u043f\u043e\u0432\u0456\u0434\u043d\u043e \u0434\u043e \u0420\u043e\u0437\u043f\u043e\u0440\u044f\u0434\u0436\u0435\u043d\u043d\u044f \u2116 ROP-0101-142\/25 \u0420\u0435\u043a\u0442\u043e\u0440\u0430 \u041a\u0430\u0442\u043e\u043b\u0438\u0446\u044c\u043a\u043e\u0433\u043e \u0443\u043d\u0456\u0432\u0435\u0440\u0441\u0438\u0442\u0435\u0442\u0443 \u041b\u044e\u0431\u043b\u0456\u043d\u0441\u044c\u043a\u043e\u0433\u043e \u0456\u043c\u0435\u043d\u0456 \u0406\u0432\u0430\u043d\u0430 \u041f\u0430\u0432\u043b\u0430 II \u0432\u0456\u0434 24 \u0447\u0435\u0440\u0432\u043d\u044f 2025 \u0440\u043e\u043a\u0443, \u043f\u043b\u0430\u0442\u0430 \u0437\u0430 \u043c\u0456\u0441\u0446\u0435 \u0432...","og_url":"https:\/\/akademiki.kul.pl\/?page_id=3011&lang=uk","og_site_name":"Domy Studenckie KUL","article_publisher":"https:\/\/www.facebook.com\/mdskulkonstantynow\/","article_modified_time":"2026-02-18T09:59:47+00:00","twitter_card":"summary_large_image","twitter_misc":{"Szacowany czas czytania":"2 minuty"},"schema":{"@context":"https:\/\/schema.org","@graph":[{"@type":"WebPage","@id":"https:\/\/akademiki.kul.pl\/?page_id=3011&lang=uk","url":"https:\/\/akademiki.kul.pl\/?page_id=3011&lang=uk","name":"\u0413\u043e\u0441\u0442\u044c\u043e\u0432\u0456 \u043a\u0456\u043c\u043d\u0430\u0442\u0438 - Domy Studenckie KUL","isPartOf":{"@id":"https:\/\/akademiki.kul.pl\/#website"},"datePublished":"2026-02-18T09:30:59+00:00","dateModified":"2026-02-18T09:59:47+00:00","breadcrumb":{"@id":"https:\/\/akademiki.kul.pl\/?page_id=3011&lang=uk#breadcrumb"},"inLanguage":"pl-PL","potentialAction":[{"@type":"ReadAction","target":["https:\/\/akademiki.kul.pl\/?page_id=3011&lang=uk"]}]},{"@type":"BreadcrumbList","@id":"https:\/\/akademiki.kul.pl\/?page_id=3011&lang=uk#breadcrumb","itemListElement":[{"@type":"ListItem","position":1,"name":"Strona g\u0142\u00f3wna","item":"https:\/\/akademiki.kul.pl\/"},{"@type":"ListItem","position":2,"name":"\u0413\u043e\u0441\u0442\u044c\u043e\u0432\u0456 \u043a\u0456\u043c\u043d\u0430\u0442\u0438"}]},{"@type":"WebSite","@id":"https:\/\/akademiki.kul.pl\/#website","url":"https:\/\/akademiki.kul.pl\/","name":"Domy Studenckie KUL","description":"Akademiki z pe\u0142n\u0105 KULtur\u0105","publisher":{"@id":"https:\/\/akademiki.kul.pl\/#organization"},"potentialAction":[{"@type":"SearchAction","target":{"@type":"EntryPoint","urlTemplate":"https:\/\/akademiki.kul.pl\/?s={search_term_string}"},"query-input":{"@type":"PropertyValueSpecification","valueRequired":true,"valueName":"search_term_string"}}],"inLanguage":"pl-PL"},{"@type":"Organization","@id":"https:\/\/akademiki.kul.pl\/#organization","name":"Domy Studenckie KUL","url":"https:\/\/akademiki.kul.pl\/","logo":{"@type":"ImageObject","inLanguage":"pl-PL","@id":"https:\/\/akademiki.kul.pl\/#\/schema\/logo\/image\/","url":"https:\/\/akademiki.kul.pl\/wp-content\/uploads\/2023\/06\/cropped-Korys-Piotr-logo-DS_KUL.png","contentUrl":"https:\/\/akademiki.kul.pl\/wp-content\/uploads\/2023\/06\/cropped-Korys-Piotr-logo-DS_KUL.png","width":7462,"height":1408,"caption":"Domy Studenckie KUL"},"image":{"@id":"https:\/\/akademiki.kul.pl\/#\/schema\/logo\/image\/"},"sameAs":["https:\/\/www.facebook.com\/mdskulkonstantynow\/","https:\/\/www.facebook.com\/zdskul\/"]}]}},"_links":{"self":[{"href":"https:\/\/akademiki.kul.pl\/index.php?rest_route=\/wp\/v2\/pages\/3011","targetHints":{"allow":["GET"]}}],"collection":[{"href":"https:\/\/akademiki.kul.pl\/index.php?rest_route=\/wp\/v2\/pages"}],"about":[{"href":"https:\/\/akademiki.kul.pl\/index.php?rest_route=\/wp\/v2\/types\/page"}],"author":[{"embeddable":true,"href":"https:\/\/akademiki.kul.pl\/index.php?rest_route=\/wp\/v2\/users\/7"}],"replies":[{"embeddable":true,"href":"https:\/\/akademiki.kul.pl\/index.php?rest_route=%2Fwp%2Fv2%2Fcomments&post=3011"}],"version-history":[{"count":7,"href":"https:\/\/akademiki.kul.pl\/index.php?rest_route=\/wp\/v2\/pages\/3011\/revisions"}],"predecessor-version":[{"id":4792,"href":"https:\/\/akademiki.kul.pl\/index.php?rest_route=\/wp\/v2\/pages\/3011\/revisions\/4792"}],"wp:attachment":[{"href":"https:\/\/akademiki.kul.pl\/index.php?rest_route=%2Fwp%2Fv2%2Fmedia&parent=3011"}],"curies":[{"name":"wp","href":"https:\/\/api.w.org\/{rel}","templated":true}]}}