{"id":3016,"date":"2026-02-17T15:32:51","date_gmt":"2026-02-17T14:32:51","guid":{"rendered":"https:\/\/akademiki.kul.pl\/?page_id=3016"},"modified":"2026-02-18T11:46:51","modified_gmt":"2026-02-18T10:46:51","slug":"%d0%bf%d0%be%d0%bb%d0%be%d0%b6%d0%b5%d0%bd%d0%bd%d1%8f","status":"publish","type":"page","link":"https:\/\/akademiki.kul.pl\/?page_id=3016&lang=uk","title":{"rendered":"\u041f\u043e\u043b\u043e\u0436\u0435\u043d\u043d\u044f"},"content":{"rendered":"\t\t<div data-elementor-type=\"wp-page\" data-elementor-id=\"3016\" class=\"elementor elementor-3016\">\n\t\t\t\t<div class=\"elementor-element elementor-element-44690b35 e-flex e-con-boxed e-con e-parent\" data-id=\"44690b35\" data-element_type=\"container\" data-e-type=\"container\">\n\t\t\t\t\t<div class=\"e-con-inner\">\n\t\t\t\t<div class=\"elementor-element elementor-element-6265ee3f elementor-widget elementor-widget-text-editor\" data-id=\"6265ee3f\" data-element_type=\"widget\" data-e-type=\"widget\" data-widget_type=\"text-editor.default\">\n\t\t\t\t<div class=\"elementor-widget-container\">\n\t\t\t\t\t\t\t\t\t\n<pre id=\"tw-target-text\" class=\"wp-block-preformatted\"><span style=\"color: #00ccff;\">1. <a style=\"color: #00ccff;\" href=\"https:\/\/akademiki.kul.pl\/wp-content\/uploads\/2024\/08\/\u041f\u041e\u041b\u041e\u0416\u0415\u041d\u041d\u042f-\u041f\u0420\u041e-\u0421\u0422\u0423\u0414\u0415\u041d\u0422\u0421\u042c\u041a\u0406-\u0413\u0423\u0420\u0422\u041e\u0416\u0418\u0422\u041a\u0418-\u041b\u042e\u0411\u041b\u0406\u041d\u0421\u042c\u041a\u041e\u0413\u041e.pdf\">\u041f\u041e\u041b\u041e\u0416\u0415\u041d\u041d\u042f \u041f\u0420\u041e \u0421\u0422\u0423\u0414\u0415\u041d\u0422\u0421\u042c\u041a\u0406 \u0413\u0423\u0420\u0422\u041e\u0416\u0418\u0422\u041a\u0418 \u041b\u042e\u0411\u041b\u0406\u041d\u0421\u042c\u041a\u041e\u0413\u041e<\/a><\/span><br \/><span style=\"color: #00ccff;\">2. <a style=\"color: #00ccff;\" href=\"https:\/\/akademiki.kul.pl\/wp-content\/uploads\/2024\/08\/\u041f\u041e\u041b\u041e\u0416\u0415\u041d\u041d\u042f-\u041f\u0420\u041e-\u041c\u0410\u0422\u0415\u0420\u0406\u0410\u041b\u042c\u041d\u0423-\u0414\u041e\u041f\u041e\u041c\u041e\u0413\u0423.pdf\">\u041f\u041e\u041b\u041e\u0416\u0415\u041d\u041d\u042f \u041f\u0420\u041e \u041c\u0410\u0422\u0415\u0420\u0406\u0410\u041b\u042c\u041d\u0423 \u0414\u041e\u041f\u041e\u041c\u041e\u0413\u0423 \u041b\u042e\u0411\u041b\u0406\u041d\u0421\u042c\u041a\u041e\u0413\u041e \u041a\u0410\u0422\u041e\u041b\u0418\u0426\u042c\u041a\u041e\u0413\u041e \u0423\u041d\u0406\u0412\u0415\u0420\u0421\u0418\u0422\u0415\u0422\u0423 \u0406\u041e\u0410\u041d\u041d\u0410 \u041f\u0410\u0412\u041b\u0410<\/a><\/span><\/pre>\n\t\t\t\t\t\t\t\t<\/div>\n\t\t\t\t<\/div>\n\t\t\t\t\t<\/div>\n\t\t\t\t<\/div>\n\t\t\t\t<\/div>\n\t\t","protected":false},"excerpt":{"rendered":"<p>1. \u041f\u041e\u041b\u041e\u0416\u0415\u041d\u041d\u042f \u041f\u0420\u041e \u0421\u0422\u0423\u0414\u0415\u041d\u0422\u0421\u042c\u041a\u0406 \u0413\u0423\u0420\u0422\u041e\u0416\u0418\u0422\u041a\u0418 \u041b\u042e\u0411\u041b\u0406\u041d\u0421\u042c\u041a\u041e\u0413\u041e2. \u041f\u041e\u041b\u041e\u0416\u0415\u041d\u041d\u042f \u041f\u0420\u041e \u041c\u0410\u0422\u0415\u0420\u0406\u0410\u041b\u042c\u041d\u0423 \u0414\u041e\u041f\u041e\u041c\u041e\u0413\u0423 \u041b\u042e\u0411\u041b\u0406\u041d\u0421\u042c\u041a\u041e\u0413\u041e \u041a\u0410\u0422\u041e\u041b\u0418\u0426\u042c\u041a\u041e\u0413\u041e \u0423\u041d\u0406\u0412\u0415\u0420\u0421\u0418\u0422\u0415\u0422\u0423 \u0406\u041e\u0410\u041d\u041d\u0410 \u041f\u0410\u0412\u041b\u0410<\/p>\n","protected":false},"author":7,"featured_media":0,"parent":0,"menu_order":0,"comment_status":"closed","ping_status":"closed","template":"","meta":{"footnotes":""},"class_list":["post-3016","page","type-page","status-publish","hentry"],"yoast_head":"<!-- This site is optimized with the Yoast SEO plugin v27.5 - https:\/\/yoast.com\/product\/yoast-seo-wordpress\/ -->\n<title>\u041f\u043e\u043b\u043e\u0436\u0435\u043d\u043d\u044f - Domy Studenckie KUL<\/title>\n<meta name=\"robots\" content=\"index, follow, max-snippet:-1, max-image-preview:large, max-video-preview:-1\" \/>\n<link rel=\"canonical\" href=\"https:\/\/akademiki.kul.pl\/?page_id=3016&lang=uk\" \/>\n<meta property=\"og:locale\" content=\"pl_PL\" \/>\n<meta property=\"og:type\" content=\"article\" \/>\n<meta property=\"og:title\" content=\"\u041f\u043e\u043b\u043e\u0436\u0435\u043d\u043d\u044f - Domy Studenckie KUL\" \/>\n<meta property=\"og:description\" content=\"1. \u041f\u041e\u041b\u041e\u0416\u0415\u041d\u041d\u042f \u041f\u0420\u041e \u0421\u0422\u0423\u0414\u0415\u041d\u0422\u0421\u042c\u041a\u0406 \u0413\u0423\u0420\u0422\u041e\u0416\u0418\u0422\u041a\u0418 \u041b\u042e\u0411\u041b\u0406\u041d\u0421\u042c\u041a\u041e\u0413\u041e2. \u041f\u041e\u041b\u041e\u0416\u0415\u041d\u041d\u042f \u041f\u0420\u041e \u041c\u0410\u0422\u0415\u0420\u0406\u0410\u041b\u042c\u041d\u0423 \u0414\u041e\u041f\u041e\u041c\u041e\u0413\u0423 \u041b\u042e\u0411\u041b\u0406\u041d\u0421\u042c\u041a\u041e\u0413\u041e \u041a\u0410\u0422\u041e\u041b\u0418\u0426\u042c\u041a\u041e\u0413\u041e \u0423\u041d\u0406\u0412\u0415\u0420\u0421\u0418\u0422\u0415\u0422\u0423 \u0406\u041e\u0410\u041d\u041d\u0410 \u041f\u0410\u0412\u041b\u0410\" \/>\n<meta property=\"og:url\" content=\"https:\/\/akademiki.kul.pl\/?page_id=3016&amp;lang=uk\" \/>\n<meta property=\"og:site_name\" content=\"Domy Studenckie KUL\" \/>\n<meta property=\"article:publisher\" content=\"https:\/\/www.facebook.com\/mdskulkonstantynow\/\" \/>\n<meta property=\"article:modified_time\" content=\"2026-02-18T10:46:51+00:00\" \/>\n<meta name=\"twitter:card\" content=\"summary_large_image\" \/>\n<script type=\"application\/ld+json\" class=\"yoast-schema-graph\">{\"@context\":\"https:\\\/\\\/schema.org\",\"@graph\":[{\"@type\":\"WebPage\",\"@id\":\"https:\\\/\\\/akademiki.kul.pl\\\/?page_id=3016&lang=uk\",\"url\":\"https:\\\/\\\/akademiki.kul.pl\\\/?page_id=3016&lang=uk\",\"name\":\"\u041f\u043e\u043b\u043e\u0436\u0435\u043d\u043d\u044f - Domy Studenckie KUL\",\"isPartOf\":{\"@id\":\"https:\\\/\\\/akademiki.kul.pl\\\/#website\"},\"datePublished\":\"2026-02-17T14:32:51+00:00\",\"dateModified\":\"2026-02-18T10:46:51+00:00\",\"breadcrumb\":{\"@id\":\"https:\\\/\\\/akademiki.kul.pl\\\/?page_id=3016&lang=uk#breadcrumb\"},\"inLanguage\":\"pl-PL\",\"potentialAction\":[{\"@type\":\"ReadAction\",\"target\":[\"https:\\\/\\\/akademiki.kul.pl\\\/?page_id=3016&lang=uk\"]}]},{\"@type\":\"BreadcrumbList\",\"@id\":\"https:\\\/\\\/akademiki.kul.pl\\\/?page_id=3016&lang=uk#breadcrumb\",\"itemListElement\":[{\"@type\":\"ListItem\",\"position\":1,\"name\":\"Strona g\u0142\u00f3wna\",\"item\":\"https:\\\/\\\/akademiki.kul.pl\\\/\"},{\"@type\":\"ListItem\",\"position\":2,\"name\":\"\u041f\u043e\u043b\u043e\u0436\u0435\u043d\u043d\u044f\"}]},{\"@type\":\"WebSite\",\"@id\":\"https:\\\/\\\/akademiki.kul.pl\\\/#website\",\"url\":\"https:\\\/\\\/akademiki.kul.pl\\\/\",\"name\":\"Domy Studenckie KUL\",\"description\":\"Akademiki z pe\u0142n\u0105 KULtur\u0105\",\"publisher\":{\"@id\":\"https:\\\/\\\/akademiki.kul.pl\\\/#organization\"},\"potentialAction\":[{\"@type\":\"SearchAction\",\"target\":{\"@type\":\"EntryPoint\",\"urlTemplate\":\"https:\\\/\\\/akademiki.kul.pl\\\/?s={search_term_string}\"},\"query-input\":{\"@type\":\"PropertyValueSpecification\",\"valueRequired\":true,\"valueName\":\"search_term_string\"}}],\"inLanguage\":\"pl-PL\"},{\"@type\":\"Organization\",\"@id\":\"https:\\\/\\\/akademiki.kul.pl\\\/#organization\",\"name\":\"Domy Studenckie KUL\",\"url\":\"https:\\\/\\\/akademiki.kul.pl\\\/\",\"logo\":{\"@type\":\"ImageObject\",\"inLanguage\":\"pl-PL\",\"@id\":\"https:\\\/\\\/akademiki.kul.pl\\\/#\\\/schema\\\/logo\\\/image\\\/\",\"url\":\"https:\\\/\\\/akademiki.kul.pl\\\/wp-content\\\/uploads\\\/2023\\\/06\\\/cropped-Korys-Piotr-logo-DS_KUL.png\",\"contentUrl\":\"https:\\\/\\\/akademiki.kul.pl\\\/wp-content\\\/uploads\\\/2023\\\/06\\\/cropped-Korys-Piotr-logo-DS_KUL.png\",\"width\":7462,\"height\":1408,\"caption\":\"Domy Studenckie KUL\"},\"image\":{\"@id\":\"https:\\\/\\\/akademiki.kul.pl\\\/#\\\/schema\\\/logo\\\/image\\\/\"},\"sameAs\":[\"https:\\\/\\\/www.facebook.com\\\/mdskulkonstantynow\\\/\",\"https:\\\/\\\/www.facebook.com\\\/zdskul\\\/\"]}]}<\/script>\n<!-- \/ Yoast SEO plugin. -->","yoast_head_json":{"title":"\u041f\u043e\u043b\u043e\u0436\u0435\u043d\u043d\u044f - Domy Studenckie KUL","robots":{"index":"index","follow":"follow","max-snippet":"max-snippet:-1","max-image-preview":"max-image-preview:large","max-video-preview":"max-video-preview:-1"},"canonical":"https:\/\/akademiki.kul.pl\/?page_id=3016&lang=uk","og_locale":"pl_PL","og_type":"article","og_title":"\u041f\u043e\u043b\u043e\u0436\u0435\u043d\u043d\u044f - Domy Studenckie KUL","og_description":"1. \u041f\u041e\u041b\u041e\u0416\u0415\u041d\u041d\u042f \u041f\u0420\u041e \u0421\u0422\u0423\u0414\u0415\u041d\u0422\u0421\u042c\u041a\u0406 \u0413\u0423\u0420\u0422\u041e\u0416\u0418\u0422\u041a\u0418 \u041b\u042e\u0411\u041b\u0406\u041d\u0421\u042c\u041a\u041e\u0413\u041e2. \u041f\u041e\u041b\u041e\u0416\u0415\u041d\u041d\u042f \u041f\u0420\u041e \u041c\u0410\u0422\u0415\u0420\u0406\u0410\u041b\u042c\u041d\u0423 \u0414\u041e\u041f\u041e\u041c\u041e\u0413\u0423 \u041b\u042e\u0411\u041b\u0406\u041d\u0421\u042c\u041a\u041e\u0413\u041e \u041a\u0410\u0422\u041e\u041b\u0418\u0426\u042c\u041a\u041e\u0413\u041e \u0423\u041d\u0406\u0412\u0415\u0420\u0421\u0418\u0422\u0415\u0422\u0423 \u0406\u041e\u0410\u041d\u041d\u0410 \u041f\u0410\u0412\u041b\u0410","og_url":"https:\/\/akademiki.kul.pl\/?page_id=3016&lang=uk","og_site_name":"Domy Studenckie KUL","article_publisher":"https:\/\/www.facebook.com\/mdskulkonstantynow\/","article_modified_time":"2026-02-18T10:46:51+00:00","twitter_card":"summary_large_image","schema":{"@context":"https:\/\/schema.org","@graph":[{"@type":"WebPage","@id":"https:\/\/akademiki.kul.pl\/?page_id=3016&lang=uk","url":"https:\/\/akademiki.kul.pl\/?page_id=3016&lang=uk","name":"\u041f\u043e\u043b\u043e\u0436\u0435\u043d\u043d\u044f - Domy Studenckie KUL","isPartOf":{"@id":"https:\/\/akademiki.kul.pl\/#website"},"datePublished":"2026-02-17T14:32:51+00:00","dateModified":"2026-02-18T10:46:51+00:00","breadcrumb":{"@id":"https:\/\/akademiki.kul.pl\/?page_id=3016&lang=uk#breadcrumb"},"inLanguage":"pl-PL","potentialAction":[{"@type":"ReadAction","target":["https:\/\/akademiki.kul.pl\/?page_id=3016&lang=uk"]}]},{"@type":"BreadcrumbList","@id":"https:\/\/akademiki.kul.pl\/?page_id=3016&lang=uk#breadcrumb","itemListElement":[{"@type":"ListItem","position":1,"name":"Strona g\u0142\u00f3wna","item":"https:\/\/akademiki.kul.pl\/"},{"@type":"ListItem","position":2,"name":"\u041f\u043e\u043b\u043e\u0436\u0435\u043d\u043d\u044f"}]},{"@type":"WebSite","@id":"https:\/\/akademiki.kul.pl\/#website","url":"https:\/\/akademiki.kul.pl\/","name":"Domy Studenckie KUL","description":"Akademiki z pe\u0142n\u0105 KULtur\u0105","publisher":{"@id":"https:\/\/akademiki.kul.pl\/#organization"},"potentialAction":[{"@type":"SearchAction","target":{"@type":"EntryPoint","urlTemplate":"https:\/\/akademiki.kul.pl\/?s={search_term_string}"},"query-input":{"@type":"PropertyValueSpecification","valueRequired":true,"valueName":"search_term_string"}}],"inLanguage":"pl-PL"},{"@type":"Organization","@id":"https:\/\/akademiki.kul.pl\/#organization","name":"Domy Studenckie KUL","url":"https:\/\/akademiki.kul.pl\/","logo":{"@type":"ImageObject","inLanguage":"pl-PL","@id":"https:\/\/akademiki.kul.pl\/#\/schema\/logo\/image\/","url":"https:\/\/akademiki.kul.pl\/wp-content\/uploads\/2023\/06\/cropped-Korys-Piotr-logo-DS_KUL.png","contentUrl":"https:\/\/akademiki.kul.pl\/wp-content\/uploads\/2023\/06\/cropped-Korys-Piotr-logo-DS_KUL.png","width":7462,"height":1408,"caption":"Domy Studenckie KUL"},"image":{"@id":"https:\/\/akademiki.kul.pl\/#\/schema\/logo\/image\/"},"sameAs":["https:\/\/www.facebook.com\/mdskulkonstantynow\/","https:\/\/www.facebook.com\/zdskul\/"]}]}},"_links":{"self":[{"href":"https:\/\/akademiki.kul.pl\/index.php?rest_route=\/wp\/v2\/pages\/3016","targetHints":{"allow":["GET"]}}],"collection":[{"href":"https:\/\/akademiki.kul.pl\/index.php?rest_route=\/wp\/v2\/pages"}],"about":[{"href":"https:\/\/akademiki.kul.pl\/index.php?rest_route=\/wp\/v2\/types\/page"}],"author":[{"embeddable":true,"href":"https:\/\/akademiki.kul.pl\/index.php?rest_route=\/wp\/v2\/users\/7"}],"replies":[{"embeddable":true,"href":"https:\/\/akademiki.kul.pl\/index.php?rest_route=%2Fwp%2Fv2%2Fcomments&post=3016"}],"version-history":[{"count":11,"href":"https:\/\/akademiki.kul.pl\/index.php?rest_route=\/wp\/v2\/pages\/3016\/revisions"}],"predecessor-version":[{"id":4803,"href":"https:\/\/akademiki.kul.pl\/index.php?rest_route=\/wp\/v2\/pages\/3016\/revisions\/4803"}],"wp:attachment":[{"href":"https:\/\/akademiki.kul.pl\/index.php?rest_route=%2Fwp%2Fv2%2Fmedia&parent=3016"}],"curies":[{"name":"wp","href":"https:\/\/api.w.org\/{rel}","templated":true}]}}