{"id":42,"date":"2022-05-27T10:53:10","date_gmt":"2022-05-27T08:53:10","guid":{"rendered":"https:\/\/akademiki.kul.pl\/?page_id=42"},"modified":"2025-06-30T09:43:05","modified_gmt":"2025-06-30T07:43:05","slug":"kwaterunek","status":"publish","type":"page","link":"https:\/\/akademiki.kul.pl\/?page_id=42","title":{"rendered":"KWATERUNEK"},"content":{"rendered":"<ol>\n<li><strong> REKRUTACJA<\/strong><\/li>\n<\/ol>\n<p><strong>Rekrutacja do dom\u00f3w studenckich w roku akademickim 2025\/26.<\/strong><\/p>\n<p>Miejsce w domu studenckim KUL przyznawane jest przez Komisj\u0119 ds. Dom\u00f3w Studenckich.<\/p>\n<ol>\n<li>Miejsce w DS przyznawane jest na wniosek studenta.<\/li>\n<li><strong> Z\u0142o\u017cenie wniosku polega na <\/strong>prawid\u0142owym wype\u0142nieniu i zatwierdzeniu wniosku na platformie e-Kul\/e-Rekrut)<\/li>\n<\/ol>\n<p><strong>Wnioski mo\u017ce sk\u0142ada\u0107 ka\u017cdy zainteresowany student\/studentka.<\/strong><\/p>\n<p>We wniosku nale\u017cy oznaczy\u0107 preferowany \u2013 wybrany DS.<br \/>\n\u2013 ul. Konstantyn\u00f3w 1D &#8222;Konstantyna&#8221; \u2013 Lublin (dom \u017ce\u0144ski)\u2013 ul. Konstantyn\u00f3w 1A &#8222;Karol&#8221; \u2013 Lublin (dom m\u0119ski)<br \/>\n\u2013 ul. Konstantyn\u00f3w 1B &#8222;Stefan&#8221; \u2013 Lublin (dom m\u0119ski)<br \/>\n\u2013 ul. Nieca\u0142a 8 &#8222;Idzi&#8221; \u2013 Lublin (dom m\u0119ski + ma\u0142\u017ce\u0144ski)<br \/>\n\u2013 ul. Ofiar Katynia 6 &#8222;Stella&#8221; &#8211;\u00a0 Stalowa Wola (wyodr\u0119bniona cz\u0119\u015b\u0107 m\u0119ska i cz\u0119\u015b\u0107 \u017ce\u0144ska)<\/p>\n<p>Wniosek jest dost\u0119pny w zak\u0142adce \u201ewnioski\u201d na Pa\u0144stwa koncie na e-KUL oraz w zak\u0142adce &#8222;akademik&#8221; na\u00a0 koncie e-Rekrut. Wniosek b\u0119dzie dost\u0119pny jedynie dla os\u00f3b, kt\u00f3re studiuj\u0105 lub potwierdzi\u0142y wyb\u00f3r studi\u00f3w na KUL. Pierwsza tura sk\u0142adania wniosk\u00f3w trwa do 23 lipca 2025 r.<\/p>\n<ol start=\"3\">\n<li>Osoby NIEPE\u0141NOLETNIE mog\u0105 aplikowa\u0107 o miejsce w domach studenckich na podstawie z\u0142o\u017conego przy rekrutacji na studia o\u015bwiadczenia rodzica lub opiekuna prawnego.<\/li>\n<li>Pierwsze\u0144stwo w przyznaniu miejsca w domu studenckim ma student, dla kt\u00f3rego codzienne dojazdy na uczelni\u0119 by\u0142yby niemo\u017cliwe lub znacznie utrudnione, a jednocze\u015bnie znajduje si\u0119 on w trudnej sytuacji materialnej uprawniaj\u0105cej do otrzymywania stypendium socjalnego czyli:<br \/>\n\u2013 trudna sytuacja materialna (na podstawie dochodu miesi\u0119cznego na osob\u0119 w rodzinie);<br \/>\n\u2013 odleg\u0142o\u015b\u0107 od sta\u0142ego miejsca zamieszkania:<\/li>\n<\/ol>\n<p>5. dodatkowymi kryteriami s\u0105:<\/p>\n<p>szczeg\u00f3lna sytuacja wnioskodawcy w tym:<br \/>\n\u2013 sieroctwo;<br \/>\n\u2013 niepe\u0142nosprawno\u015b\u0107;<br \/>\n\u2013 samotne wychowywanie dziecka;<br \/>\noraz<br \/>\n\u2013 kontynuacja zakwaterowania;<br \/>\n\u2013 terminowe wnoszenie op\u0142at w latach ubieg\u0142ych;<br \/>\n\u2013 data z\u0142o\u017cenia wniosku.<\/p>\n<p>Osoby, kt\u00f3re chc\u0105 skorzysta\u0107 z zasad pierwsze\u0144stwa w przyznawaniu miejsca w DS, zobowi\u0105zane s\u0105 do\u0142\u0105czy\u0107 do wniosku kopi\u0119 orzeczenia o stopniu niepe\u0142nosprawno\u015bci. Pozosta\u0142e dane dotycz\u0105ce pierwsze\u0144stwa nale\u017cy poda\u0107 we wniosku.<\/p>\n<p>Skany dodatkowych dokument\u00f3w (np. orzeczenia o niepe\u0142nosprawno\u015bci) prosimy wysy\u0142a\u0107 na adres\u00a0<a href=\"mailto:kds@kul.pl\">kds@kul.pl<\/a>\u00a0z dopiskiem \u201eza\u0142\u0105cznik\u00a0<em>imi\u0119 i nazwisko wnioskodawcy<\/em>\u201d.<\/p>\n<p>Spos\u00f3b obliczania wysoko\u015bci dochodu mo\u017cna znale\u017a\u0107 na stronie\u00a0<a href=\"https:\/\/www.kul.pl\/stypendium-socjalne,19115.html\">Stypendium socjalne &#8211; 2024\/2025<\/a>.<\/p>\n<p>6. Studenci innych uczelni oraz osoby spoza KUL, kt\u00f3re chcia\u0142yby mieszka\u0107 w DS KUL powinny wype\u0142ni\u0107 edytowalny <a href=\"https:\/\/akademiki.kul.pl\/wp-content\/uploads\/2025\/06\/wniosek_o-miejsce-w-DS_zal_1_PL_do-uzupelnienia-2025.pdf\">wniosek PDF<\/a>, a nast\u0119pnie skan podpisanego wydruku wys\u0142a\u0107 na adres mailowy odpowiedniego domu studenckiego.<\/p>\n<p>7. Wnioski o przyznanie miejsca w DS z\u0142o\u017cone w terminie do:<\/p>\n<ul>\n<li><strong>23 lipca<\/strong> \u2013 zostan\u0105 <strong>rozpatrzone 25 lipca<\/strong> na posiedzeniu KDS;<\/li>\n<li><strong>5 sierpnia<\/strong> \u2013 zostan\u0105 <strong>rozpatrzone 7 sierpnia<\/strong> na posiedzeniu KDS;<\/li>\n<li><strong>9 wrze\u015bnia<\/strong> \u2013 zostan\u0105 <strong>rozpatrzone 11 wrze\u015bnia<\/strong> na posiedzeniu KDS;<\/li>\n<li><strong>22 wrze\u015bnia<\/strong> \u2013 zostan\u0105 <strong>rozpatrzone 24<\/strong> <strong>wrze\u015bnia<\/strong> na posiedzeniu KDS;<\/li>\n<\/ul>\n<ol start=\"5\">\n<li>Informacja o przyznaniu lub o odmowie przyznania miejsca w DS udzielana jest jedynie w formie elektronicznej poprzez jej publikacj\u0119 na pa\u0144stwa koncie e-KUL. Informacj\u0119 mo\u017cna uzyska\u0107 r\u00f3wnie\u017c osobi\u015bcie w DS.<\/li>\n<li><strong> Zgodnie z terminarzem Rekrutacji 2025\/26:<\/strong><\/li>\n<\/ol>\n<ul>\n<li><strong><em>Na posiedzeniu KDS 25 lipca 2025<\/em><\/strong> rozpatrywane b\u0119d\u0105 wnioski z\u0142o\u017cone przez dotychczasowych mieszka\u0144c\u00f3w, wnioski student\u00f3w, kt\u00f3rzy dot\u0105d nie mieszkali w domach studenckich KUL, wnioski z\u0142o\u017cone przez student\u00f3w rekrutowanych na studia pierwszego stopnia,\u00a0 jednolite magisterskie oraz wnioski z\u0142o\u017cone przez student\u00f3w rekrutowanych na studia drugiego stopnia.<\/li>\n<li><strong>Na posiedzeniu KDS 7 sierpnia 2025<\/strong> rozpatrywane b\u0119d\u0105 pozosta\u0142e wnioski student\u00f3w rekrutowanych na studia drugiego stopnia KUL.<\/li>\n<li><strong>Na posiedzeniu KDS 11 wrze\u015bnia 2025<\/strong> zostan\u0105 rozpatrzone wnioski student\u00f3w z innych uczelni oraz wnioski os\u00f3b spoza KUL.<\/li>\n<li><strong>Na posiedzeniu KDS 24 wrze\u015bnia 2025<\/strong> zostan\u0105 rozpatrzone pozosta\u0142e wnioski.<\/li>\n<\/ul>\n<ol start=\"5\">\n<li>Wnioskodawca, kt\u00f3remu przyznano miejsce w DS, ma obowi\u0105zek potwierdzenia przyj\u0119cia miejsca w DS za pomoc\u0105 <strong>dokonania wp\u0142aty kaucji <\/strong>w wysoko\u015bci miesi\u0119cznej nale\u017cno\u015bci za przyznane miejsce w terminie:<br \/>\na. <strong>do 1 sierpnia<\/strong> &#8211; miejsce przyznane 25 lipca,<br \/>\nb. <strong>do 14 sierpnia<\/strong> \u2013 miejsce przyznane 7 sierpnia,<br \/>\nc. <strong>do 18 wrze\u015bnia<\/strong> \u2013 miejsce przyznane 11 wrze\u015bnia,<br \/>\nd. <strong>do 1 pa\u017adziernika<\/strong> \u2013 miejsce przyznane 24 wrze\u015bnia.<br \/>\nKaucja stanowi zabezpieczenie koszt\u00f3w ewentualnych szk\u00f3d wyrz\u0105dzonych w domu studenckim lub nieuregulowania op\u0142aty za pobyt w domu studenckim. Zwrot kaucji nast\u0119puje na wniosek studenta, po ostatecznym wykwaterowaniu z domu studenckiego zgodnie z \u00a7 4 Regulaminu Dom\u00f3w Studenckich KUL.<br \/>\nDane dotycz\u0105ce wysoko\u015bci i sposobu dokonania wp\u0142aty zawiera informacja o przyznaniu miejsca.\u00a0<strong>Brak wp\u0142aty w oznaczonym terminie uznaje si\u0119 za rezygnacj\u0119 z przyznanego miejsca.<\/strong><\/li>\n<li>Plan zakwaterowania student\u00f3w przygotowuje kierownik Sekcji DS, uwzgl\u0119dniaj\u0105c w miar\u0119 mo\u017cliwo\u015bci<br \/>\npropozycje mieszka\u0144c\u00f3w DS.<\/li>\n<\/ol>\n<p><strong> II. Informacje dotycz\u0105ce KWATERUNKU w domach studenckich KUL<\/strong><\/p>\n<ol>\n<li><strong>Terminy kwaterunku:<\/strong> Kwaterunek w domach studenckich KUL rozpoczyna si\u0119 30 wrze\u015bnia i odbywa si\u0119 w godzinach pracy recepcji. W przypadku konieczno\u015bci wcze\u015bniejszego kwaterunku, mo\u017cliwe jest ustalenie innego terminu z administracj\u0105 danego akademika. Nale\u017cy pami\u0119ta\u0107, \u017ce kwaterunek przed 30 wrze\u015bnia wi\u0105\u017ce si\u0119 z dodatkow\u0105 op\u0142at\u0105 w wysoko\u015bci 35 z\u0142 za ka\u017cd\u0105 noc.<\/li>\n<li><strong>Dokumenty potrzebne do kwaterunku:<\/strong> Przy kwaterunku nale\u017cy okaza\u0107 <strong>dow\u00f3d to\u017csamo\u015bci.<\/strong><\/li>\n<li><strong>Potwierdzenie i zapoznanie si\u0119 z dokumentami:<\/strong> Nale\u017cy w\u0142asnor\u0119cznie potwierdzi\u0107 przyj\u0119cie miejsca oraz zapozna\u0107 si\u0119 z nast\u0119puj\u0105cymi dokumentami:\n<ul>\n<li>Regulamin Dom\u00f3w Studenckich KUL,<\/li>\n<li>Regulamin \u015awiadcze\u0144,<\/li>\n<li>Przepisy BHP,<\/li>\n<li>Klauzula RODO.<\/li>\n<\/ul>\n<\/li>\n<li><strong>Przydzia\u0142 miejsc w pokojach:<\/strong> Miejsca w konkretnych pokojach w domach studenckich s\u0105 przydzielane przez kierownika. Istnieje mo\u017cliwo\u015b\u0107 zg\u0142oszenia preferencji dotycz\u0105cych sk\u0142adu pokoju lub segmentu, kt\u00f3re b\u0119d\u0105 rozpatrywane zgodnie z dost\u0119pno\u015bci\u0105.<\/li>\n<li><strong>Rezygnacja z przyznanego miejsca:<\/strong> Rezygnacja z przyznanego miejsca, poza przypadkami opisanymi w \u00a7 4, pkt. 4-5 Regulaminu Dom\u00f3w Studenckich, wi\u0105\u017ce si\u0119 z obowi\u0105zkiem uiszczenia op\u0142aty za ca\u0142y okres, na kt\u00f3ry przyznano miejsce w domu studenckim.<\/li>\n<\/ol>\n<p><strong>Dodatkowe informacje:<\/strong><\/p>\n<ol>\n<li><strong>Podstawa kwaterowania:<\/strong> Kwaterowanie w domach studenckich KUL odbywa si\u0119 wy\u0142\u0105cznie na podstawie decyzji Komisji ds. Dom\u00f3w Studenckich na rok akademicki 2025\/26.<\/li>\n<li><strong>Zamiana miejsc:<\/strong> W trakcie kwaterowania nie ma mo\u017cliwo\u015bci dokonywania zamiany przydzielonych miejsc.<\/li>\n<li><strong>Osobiste kwaterowanie:<\/strong> Osoby, kt\u00f3re otrzyma\u0142y miejsce w domu studenckim KUL, zobowi\u0105zane s\u0105 do osobistego dokonania zakwaterowania w administracji domu studenckiego.<\/li>\n<\/ol>\n<p>Prosimy o <strong>przestrzeganie powy\u017cszych zasad oraz terminowe wykonanie wszystkich wymaganych czynno\u015bci,<\/strong> aby zapewni\u0107 sobie komfortowy pocz\u0105tek roku akademickiego. W razie pyta\u0144 lub w\u0105tpliwo\u015bci, prosimy o kontakt z administracj\u0105 danego akademika.<\/p>\n<p><em>Studenci, kt\u00f3rzy zako\u0144czyli kwaterunek w danym roku akademickim w celu zwrotu kaucji powinni wype\u0142ni\u0107 i pozostawi\u0107 wniosek w recepcji. Celem przeksi\u0119gowania kaucji nale\u017cy wype\u0142ni\u0107 i podpisa\u0107 wniosek oraz pozostawi\u0107 go w recepcji. Wnioski mo\u017cna pozyska\u0107 na portierni.<\/em><\/p>\n<p><strong>III. TELEFONY DO POSZCZEG\u00d3LNYCH DOM\u00d3W STUDENCKICH KUL:<\/strong><br \/>\nPortiernia \u017bDS Konstantyn\u00f3w 1D &#8222;Konstantyna&#8221;: 81 445 4816<br \/>\nPortiernia MDS Konstantyn\u00f3w 1B\/A &#8222;Karol&#8221; oraz &#8222;Stefan&#8221;: 81 445 4730<br \/>\nPortiernia MDS Nieca\u0142a 8 &#8222;Idzi&#8221;: 81 445 3003<br \/>\nPortiernia DS Stalowa Wola Ofiar Katynia 6 &#8222;Stella&#8221;: 81 454 5526<\/p>\n","protected":false},"excerpt":{"rendered":"<p>REKRUTACJA Rekrutacja do dom\u00f3w studenckich w roku akademickim 2025\/26. Miejsce w domu studenckim KUL przyznawane jest przez Komisj\u0119 ds. Dom\u00f3w Studenckich. Miejsce w DS przyznawane jest na wniosek studenta. Z\u0142o\u017cenie&#8230;<\/p>\n","protected":false},"author":1,"featured_media":0,"parent":0,"menu_order":0,"comment_status":"closed","ping_status":"closed","template":"","meta":{"footnotes":""},"class_list":["post-42","page","type-page","status-publish","hentry"],"yoast_head":"<!-- This site is optimized with the Yoast SEO plugin v27.3 - https:\/\/yoast.com\/product\/yoast-seo-wordpress\/ -->\n<title>KWATERUNEK - Domy Studenckie KUL<\/title>\n<meta name=\"robots\" content=\"index, follow, max-snippet:-1, max-image-preview:large, max-video-preview:-1\" \/>\n<link rel=\"canonical\" href=\"https:\/\/akademiki.kul.pl\/?page_id=42\" \/>\n<meta property=\"og:locale\" content=\"pl_PL\" \/>\n<meta property=\"og:type\" content=\"article\" \/>\n<meta property=\"og:title\" content=\"KWATERUNEK - Domy Studenckie KUL\" \/>\n<meta property=\"og:description\" content=\"REKRUTACJA Rekrutacja do dom\u00f3w studenckich w roku akademickim 2025\/26. Miejsce w domu studenckim KUL przyznawane jest przez Komisj\u0119 ds. Dom\u00f3w Studenckich. Miejsce w DS przyznawane jest na wniosek studenta. Z\u0142o\u017cenie...\" \/>\n<meta property=\"og:url\" content=\"https:\/\/akademiki.kul.pl\/?page_id=42\" \/>\n<meta property=\"og:site_name\" content=\"Domy Studenckie KUL\" \/>\n<meta property=\"article:publisher\" content=\"https:\/\/www.facebook.com\/mdskulkonstantynow\/\" \/>\n<meta property=\"article:modified_time\" content=\"2025-06-30T07:43:05+00:00\" \/>\n<meta name=\"twitter:card\" content=\"summary_large_image\" \/>\n<meta name=\"twitter:label1\" content=\"Szacowany czas czytania\" \/>\n\t<meta name=\"twitter:data1\" content=\"6 minut\" \/>\n<script type=\"application\/ld+json\" class=\"yoast-schema-graph\">{\"@context\":\"https:\\\/\\\/schema.org\",\"@graph\":[{\"@type\":\"WebPage\",\"@id\":\"https:\\\/\\\/akademiki.kul.pl\\\/?page_id=42\",\"url\":\"https:\\\/\\\/akademiki.kul.pl\\\/?page_id=42\",\"name\":\"KWATERUNEK - Domy Studenckie KUL\",\"isPartOf\":{\"@id\":\"https:\\\/\\\/akademiki.kul.pl\\\/#website\"},\"datePublished\":\"2022-05-27T08:53:10+00:00\",\"dateModified\":\"2025-06-30T07:43:05+00:00\",\"breadcrumb\":{\"@id\":\"https:\\\/\\\/akademiki.kul.pl\\\/?page_id=42#breadcrumb\"},\"inLanguage\":\"pl-PL\",\"potentialAction\":[{\"@type\":\"ReadAction\",\"target\":[\"https:\\\/\\\/akademiki.kul.pl\\\/?page_id=42\"]}]},{\"@type\":\"BreadcrumbList\",\"@id\":\"https:\\\/\\\/akademiki.kul.pl\\\/?page_id=42#breadcrumb\",\"itemListElement\":[{\"@type\":\"ListItem\",\"position\":1,\"name\":\"Strona g\u0142\u00f3wna\",\"item\":\"https:\\\/\\\/akademiki.kul.pl\\\/\"},{\"@type\":\"ListItem\",\"position\":2,\"name\":\"KWATERUNEK\"}]},{\"@type\":\"WebSite\",\"@id\":\"https:\\\/\\\/akademiki.kul.pl\\\/#website\",\"url\":\"https:\\\/\\\/akademiki.kul.pl\\\/\",\"name\":\"Domy Studenckie KUL\",\"description\":\"Akademiki z pe\u0142n\u0105 KULtur\u0105\",\"publisher\":{\"@id\":\"https:\\\/\\\/akademiki.kul.pl\\\/#organization\"},\"potentialAction\":[{\"@type\":\"SearchAction\",\"target\":{\"@type\":\"EntryPoint\",\"urlTemplate\":\"https:\\\/\\\/akademiki.kul.pl\\\/?s={search_term_string}\"},\"query-input\":{\"@type\":\"PropertyValueSpecification\",\"valueRequired\":true,\"valueName\":\"search_term_string\"}}],\"inLanguage\":\"pl-PL\"},{\"@type\":\"Organization\",\"@id\":\"https:\\\/\\\/akademiki.kul.pl\\\/#organization\",\"name\":\"Domy Studenckie KUL\",\"url\":\"https:\\\/\\\/akademiki.kul.pl\\\/\",\"logo\":{\"@type\":\"ImageObject\",\"inLanguage\":\"pl-PL\",\"@id\":\"https:\\\/\\\/akademiki.kul.pl\\\/#\\\/schema\\\/logo\\\/image\\\/\",\"url\":\"https:\\\/\\\/akademiki.kul.pl\\\/wp-content\\\/uploads\\\/2023\\\/06\\\/cropped-Korys-Piotr-logo-DS_KUL.png\",\"contentUrl\":\"https:\\\/\\\/akademiki.kul.pl\\\/wp-content\\\/uploads\\\/2023\\\/06\\\/cropped-Korys-Piotr-logo-DS_KUL.png\",\"width\":7462,\"height\":1408,\"caption\":\"Domy Studenckie KUL\"},\"image\":{\"@id\":\"https:\\\/\\\/akademiki.kul.pl\\\/#\\\/schema\\\/logo\\\/image\\\/\"},\"sameAs\":[\"https:\\\/\\\/www.facebook.com\\\/mdskulkonstantynow\\\/\",\"https:\\\/\\\/www.facebook.com\\\/zdskul\\\/\"]}]}<\/script>\n<!-- \/ Yoast SEO plugin. -->","yoast_head_json":{"title":"KWATERUNEK - Domy Studenckie KUL","robots":{"index":"index","follow":"follow","max-snippet":"max-snippet:-1","max-image-preview":"max-image-preview:large","max-video-preview":"max-video-preview:-1"},"canonical":"https:\/\/akademiki.kul.pl\/?page_id=42","og_locale":"pl_PL","og_type":"article","og_title":"KWATERUNEK - Domy Studenckie KUL","og_description":"REKRUTACJA Rekrutacja do dom\u00f3w studenckich w roku akademickim 2025\/26. Miejsce w domu studenckim KUL przyznawane jest przez Komisj\u0119 ds. Dom\u00f3w Studenckich. Miejsce w DS przyznawane jest na wniosek studenta. Z\u0142o\u017cenie...","og_url":"https:\/\/akademiki.kul.pl\/?page_id=42","og_site_name":"Domy Studenckie KUL","article_publisher":"https:\/\/www.facebook.com\/mdskulkonstantynow\/","article_modified_time":"2025-06-30T07:43:05+00:00","twitter_card":"summary_large_image","twitter_misc":{"Szacowany czas czytania":"6 minut"},"schema":{"@context":"https:\/\/schema.org","@graph":[{"@type":"WebPage","@id":"https:\/\/akademiki.kul.pl\/?page_id=42","url":"https:\/\/akademiki.kul.pl\/?page_id=42","name":"KWATERUNEK - Domy Studenckie KUL","isPartOf":{"@id":"https:\/\/akademiki.kul.pl\/#website"},"datePublished":"2022-05-27T08:53:10+00:00","dateModified":"2025-06-30T07:43:05+00:00","breadcrumb":{"@id":"https:\/\/akademiki.kul.pl\/?page_id=42#breadcrumb"},"inLanguage":"pl-PL","potentialAction":[{"@type":"ReadAction","target":["https:\/\/akademiki.kul.pl\/?page_id=42"]}]},{"@type":"BreadcrumbList","@id":"https:\/\/akademiki.kul.pl\/?page_id=42#breadcrumb","itemListElement":[{"@type":"ListItem","position":1,"name":"Strona g\u0142\u00f3wna","item":"https:\/\/akademiki.kul.pl\/"},{"@type":"ListItem","position":2,"name":"KWATERUNEK"}]},{"@type":"WebSite","@id":"https:\/\/akademiki.kul.pl\/#website","url":"https:\/\/akademiki.kul.pl\/","name":"Domy Studenckie KUL","description":"Akademiki z pe\u0142n\u0105 KULtur\u0105","publisher":{"@id":"https:\/\/akademiki.kul.pl\/#organization"},"potentialAction":[{"@type":"SearchAction","target":{"@type":"EntryPoint","urlTemplate":"https:\/\/akademiki.kul.pl\/?s={search_term_string}"},"query-input":{"@type":"PropertyValueSpecification","valueRequired":true,"valueName":"search_term_string"}}],"inLanguage":"pl-PL"},{"@type":"Organization","@id":"https:\/\/akademiki.kul.pl\/#organization","name":"Domy Studenckie KUL","url":"https:\/\/akademiki.kul.pl\/","logo":{"@type":"ImageObject","inLanguage":"pl-PL","@id":"https:\/\/akademiki.kul.pl\/#\/schema\/logo\/image\/","url":"https:\/\/akademiki.kul.pl\/wp-content\/uploads\/2023\/06\/cropped-Korys-Piotr-logo-DS_KUL.png","contentUrl":"https:\/\/akademiki.kul.pl\/wp-content\/uploads\/2023\/06\/cropped-Korys-Piotr-logo-DS_KUL.png","width":7462,"height":1408,"caption":"Domy Studenckie KUL"},"image":{"@id":"https:\/\/akademiki.kul.pl\/#\/schema\/logo\/image\/"},"sameAs":["https:\/\/www.facebook.com\/mdskulkonstantynow\/","https:\/\/www.facebook.com\/zdskul\/"]}]}},"_links":{"self":[{"href":"https:\/\/akademiki.kul.pl\/index.php?rest_route=\/wp\/v2\/pages\/42","targetHints":{"allow":["GET"]}}],"collection":[{"href":"https:\/\/akademiki.kul.pl\/index.php?rest_route=\/wp\/v2\/pages"}],"about":[{"href":"https:\/\/akademiki.kul.pl\/index.php?rest_route=\/wp\/v2\/types\/page"}],"author":[{"embeddable":true,"href":"https:\/\/akademiki.kul.pl\/index.php?rest_route=\/wp\/v2\/users\/1"}],"replies":[{"embeddable":true,"href":"https:\/\/akademiki.kul.pl\/index.php?rest_route=%2Fwp%2Fv2%2Fcomments&post=42"}],"version-history":[{"count":161,"href":"https:\/\/akademiki.kul.pl\/index.php?rest_route=\/wp\/v2\/pages\/42\/revisions"}],"predecessor-version":[{"id":3936,"href":"https:\/\/akademiki.kul.pl\/index.php?rest_route=\/wp\/v2\/pages\/42\/revisions\/3936"}],"wp:attachment":[{"href":"https:\/\/akademiki.kul.pl\/index.php?rest_route=%2Fwp%2Fv2%2Fmedia&parent=42"}],"curies":[{"name":"wp","href":"https:\/\/api.w.org\/{rel}","templated":true}]}}