{"id":45,"date":"2026-02-17T10:53:58","date_gmt":"2026-02-17T09:53:58","guid":{"rendered":"https:\/\/akademiki.kul.pl\/?page_id=45"},"modified":"2026-02-18T11:51:37","modified_gmt":"2026-02-18T10:51:37","slug":"cennik","status":"publish","type":"page","link":"https:\/\/akademiki.kul.pl\/?page_id=45","title":{"rendered":"Cennik"},"content":{"rendered":"\t\t<div data-elementor-type=\"wp-page\" data-elementor-id=\"45\" class=\"elementor elementor-45\">\n\t\t\t\t<div class=\"elementor-element elementor-element-16ea35fc e-flex e-con-boxed e-con e-parent\" data-id=\"16ea35fc\" data-element_type=\"container\" data-e-type=\"container\">\n\t\t\t\t\t<div class=\"e-con-inner\">\n\t\t\t\t<div class=\"elementor-element elementor-element-6de037e elementor-widget elementor-widget-text-editor\" data-id=\"6de037e\" data-element_type=\"widget\" data-e-type=\"widget\" data-widget_type=\"text-editor.default\">\n\t\t\t\t<div class=\"elementor-widget-container\">\n\t\t\t\t\t\t\t\t\t\n<p><a href=\"https:\/\/akademiki.kul.pl\/wp-content\/uploads\/2024\/06\/SKM_C25824062513080-cennik-2024.pdf\" data-type=\"URL\"><span style=\"color: #00ccff;\">Przeskocz do tre\u015bci<\/span><\/a><\/p>\n\n<h3 class=\"wp-block-heading\">CENNIK DS KUL 2025\/2026<\/h3>\n\n<p>I. Wysoko\u015bci op\u0142at za miejsce w domach studenckich KUL dla student\u00f3w i doktorant\u00f3w\u00a0KUL oraz student\u00f3w i doktorant\u00f3w lubelskich uczelni: UMCS, UM, UP, PL, WSPiA, WSSP, WSEI, WSNS, w tym obcokrajowc\u00f3w:<\/p>\n\n<p class=\"has-medium-font-size\"><strong>\u017be\u0144ski Dom Studencki &#8222;Konstantyna&#8221;\u2013 ul. Konstantyn\u00f3w 1D<\/strong><\/p>\n\n<figure class=\"wp-block-table is-style-stripes\">\n<table>\n<tbody>\n<tr>\n<td>pok\u00f3j 1-os. w segmencie<\/td>\n<td class=\"has-text-align-right\" data-align=\"right\"><strong>950 z\u0142<\/strong><\/td>\n<\/tr>\n<tr>\n<td>pok\u00f3j\u00a0 2-os. w segmencie<\/td>\n<td class=\"has-text-align-right\" data-align=\"right\"><strong>630 z\u0142<\/strong><\/td>\n<\/tr>\n<tr>\n<td>pok\u00f3j 2-os. tzw. 15<\/td>\n<td class=\"has-text-align-right\" data-align=\"right\"><strong>660 z\u0142<\/strong><\/td>\n<\/tr>\n<\/tbody>\n<\/table>\n<\/figure>\n\n<p class=\"has-medium-font-size\"><strong>M\u0119ski Dom Studencki &#8222;Stefan&#8221; \u2013 ul. Konstantyn\u00f3w 1A<\/strong><\/p>\n\n<figure class=\"wp-block-table is-style-stripes\">\n<table>\n<tbody>\n<tr>\n<td>pok\u00f3j 1-os. du\u017cy metra\u017c<\/td>\n<td class=\"has-text-align-right\" data-align=\"right\"><strong>950 z\u0142<\/strong><\/td>\n<\/tr>\n<tr>\n<td>pok\u00f3j 1-os. ma\u0142y metra\u017c<\/td>\n<td class=\"has-text-align-right\" data-align=\"right\"><strong>840 z\u0142<\/strong><\/td>\n<\/tr>\n<tr>\n<td>pok\u00f3j 2-os.<\/td>\n<td class=\"has-text-align-right\" data-align=\"right\"><strong>630 z\u0142<\/strong><\/td>\n<\/tr>\n<\/tbody>\n<\/table>\n<\/figure>\n\n<p class=\"has-medium-font-size\"><strong>M\u0119ski Dom Studencki &#8222;Karol&#8221; \u2013 ul. Konstantyn\u00f3w 1B<\/strong><\/p>\n\n<figure class=\"wp-block-table is-style-stripes\">\n<table>\n<tbody>\n<tr>\n<td>pok\u00f3j 1-os.<\/td>\n<td class=\"has-text-align-right\" data-align=\"right\"><strong>840 z\u0142<\/strong><\/td>\n<\/tr>\n<tr>\n<td>pok\u00f3j 2-os.<\/td>\n<td class=\"has-text-align-right\" data-align=\"right\"><strong>570 z\u0142<\/strong><\/td>\n<\/tr>\n<tr>\n<td>pok\u00f3j 2-os. w segmencie<\/td>\n<td class=\"has-text-align-right\" data-align=\"right\"><strong>640 z\u0142<\/strong><\/td>\n<\/tr>\n<tr>\n<td>pok\u00f3j 3-os.<\/td>\n<td class=\"has-text-align-right\" data-align=\"right\"><strong>480 z\u0142<\/strong><\/td>\n<\/tr>\n<\/tbody>\n<\/table>\n<\/figure>\n\n<p class=\"has-medium-font-size\"><strong>M\u0119ski Dom Studencki &#8222;Idzi&#8221; \u2013 ul. Nieca\u0142a 8<\/strong><\/p>\n\n<figure class=\"wp-block-table is-style-stripes\">\n<table>\n<tbody>\n<tr>\n<td>pok\u00f3j 1-os.<\/td>\n<td class=\"has-text-align-right\" data-align=\"right\"><strong>840 z\u0142<\/strong><\/td>\n<\/tr>\n<tr>\n<td>Pok\u00f3j 1-os. z prysznicem<\/td>\n<td class=\"has-text-align-right\" data-align=\"right\"><strong>990 z\u0142<\/strong><\/td>\n<\/tr>\n<tr>\n<td>Pok\u00f3j 1-os. o zwi\u0119kszonej powierzchni<\/td>\n<td class=\"has-text-align-right\" data-align=\"right\"><strong>910 z\u0142<\/strong><\/td>\n<\/tr>\n<tr>\n<td>Pok\u00f3j 2-os.<\/td>\n<td class=\"has-text-align-right\" data-align=\"right\"><strong>630 z\u0142<\/strong><\/td>\n<\/tr>\n<tr>\n<td>Pok\u00f3j 2-os. z prysznicem<\/td>\n<td class=\"has-text-align-right\" data-align=\"right\"><strong>700 z\u0142<\/strong><\/td>\n<\/tr>\n<tr>\n<td>Pok\u00f3j 2-os. o zwi\u0119kszonej powierzchni<\/td>\n<td class=\"has-text-align-right\" data-align=\"right\"><strong>700 z\u0142<\/strong><\/td>\n<\/tr>\n<tr>\n<td>Pok\u00f3j 3-os.<\/td>\n<td class=\"has-text-align-right\" data-align=\"right\"><strong>530 z\u0142<\/strong><\/td>\n<\/tr>\n<tr>\n<td>Pok\u00f3j ma\u0142\u017ce\u0144ski z prysznicem<\/td>\n<td class=\"has-text-align-right\" data-align=\"right\"><strong>1335 z\u0142<\/strong><\/td>\n<\/tr>\n<tr>\n<td>Pok\u00f3j ma\u0142\u017ce\u0144ski z prysznicem i aneksem kuchennym<\/td>\n<td class=\"has-text-align-right\" data-align=\"right\"><strong>1450 z\u0142<\/strong><\/td>\n<\/tr>\n<\/tbody>\n<\/table>\n<\/figure>\n\n<p class=\"has-medium-font-size\"><strong>Dom Studencki\u00a0<\/strong><strong>w Stalowej Woli &#8222;Stella&#8221;,\u00a0<\/strong><strong>ul. Ofiar Katynia 6<\/strong><\/p>\n\n<figure class=\"wp-block-table is-style-stripes\">\n<table>\n<tbody>\n<tr>\n<td>pok\u00f3j jednoosobowy\u00a0<\/td>\n<td class=\"has-text-align-right\" data-align=\"right\"><strong>850 z\u0142<\/strong><\/td>\n<\/tr>\n<tr>\n<td>pok\u00f3j jednoosobowy o wy\u017cszym standardzie<\/td>\n<td class=\"has-text-align-right\" data-align=\"right\"><strong>950 z\u0142<\/strong><\/td>\n<\/tr>\n<tr>\n<td>pok\u00f3j dwuosobowy\u00a0<\/td>\n<td class=\"has-text-align-right\" data-align=\"right\"><strong>730 z\u0142<\/strong><\/td>\n<\/tr>\n<\/tbody>\n<\/table>\n<\/figure>\n\n<ol class=\"wp-block-list\" style=\"list-style-type: upper-roman;\" start=\"2\">\n<li>Wysoko\u015b\u0107 op\u0142at dla <strong>innych os\u00f3b<\/strong>, stawki jak powy\u017cej + 8% VAT.<\/li>\n<\/ol>\n\n<p>\u00a0<\/p>\n\n<p><em><strong><em><strong><a href=\"https:\/\/akademiki.kul.pl\/wp-content\/uploads\/2025\/06\/293-2025-0101-142-293-JM-oplaty-za-domy-studenckie_skan.pdf\" target=\"_blank\" rel=\"noreferrer noopener\"><span style=\"color: #00ccff;\">Zarz\u0105dzenie Prorektora KUL w sprawie wysoko\u015bci op\u0142at za zamieszkanie w domach studenckich KUL\u00a0<\/span><\/a><\/strong><\/em><\/strong><\/em><\/p>\n\n<p>\u00a0<\/p>\n\t\t\t\t\t\t\t\t<\/div>\n\t\t\t\t<\/div>\n\t\t\t\t\t<\/div>\n\t\t\t\t<\/div>\n\t\t\t\t<\/div>\n\t\t","protected":false},"excerpt":{"rendered":"<p>Przeskocz do tre\u015bci CENNIK DS KUL 2025\/2026 I. Wysoko\u015bci op\u0142at za miejsce w domach studenckich KUL dla student\u00f3w i doktorant\u00f3w\u00a0KUL oraz student\u00f3w i doktorant\u00f3w lubelskich uczelni: UMCS, UM, UP, PL,&#8230;<\/p>\n","protected":false},"author":7,"featured_media":0,"parent":0,"menu_order":0,"comment_status":"closed","ping_status":"closed","template":"","meta":{"footnotes":""},"class_list":["post-45","page","type-page","status-publish","hentry"],"yoast_head":"<!-- This site is optimized with the Yoast SEO plugin v27.6 - https:\/\/yoast.com\/product\/yoast-seo-wordpress\/ -->\n<title>Cennik - Domy Studenckie KUL<\/title>\n<meta name=\"robots\" content=\"index, follow, max-snippet:-1, max-image-preview:large, max-video-preview:-1\" \/>\n<link rel=\"canonical\" href=\"https:\/\/akademiki.kul.pl\/?page_id=45\" \/>\n<meta property=\"og:locale\" content=\"pl_PL\" \/>\n<meta property=\"og:type\" content=\"article\" \/>\n<meta property=\"og:title\" content=\"Cennik - Domy Studenckie KUL\" \/>\n<meta property=\"og:description\" content=\"Przeskocz do tre\u015bci CENNIK DS KUL 2025\/2026 I. Wysoko\u015bci op\u0142at za miejsce w domach studenckich KUL dla student\u00f3w i doktorant\u00f3w\u00a0KUL oraz student\u00f3w i doktorant\u00f3w lubelskich uczelni: UMCS, UM, UP, PL,...\" \/>\n<meta property=\"og:url\" content=\"https:\/\/akademiki.kul.pl\/?page_id=45\" \/>\n<meta property=\"og:site_name\" content=\"Domy Studenckie KUL\" \/>\n<meta property=\"article:publisher\" content=\"https:\/\/www.facebook.com\/mdskulkonstantynow\/\" \/>\n<meta property=\"article:modified_time\" content=\"2026-02-18T10:51:37+00:00\" \/>\n<meta name=\"twitter:card\" content=\"summary_large_image\" \/>\n<meta name=\"twitter:label1\" content=\"Szacowany czas czytania\" \/>\n\t<meta name=\"twitter:data1\" content=\"2 minuty\" \/>\n<script type=\"application\/ld+json\" class=\"yoast-schema-graph\">{\"@context\":\"https:\\\/\\\/schema.org\",\"@graph\":[{\"@type\":\"WebPage\",\"@id\":\"https:\\\/\\\/akademiki.kul.pl\\\/?page_id=45\",\"url\":\"https:\\\/\\\/akademiki.kul.pl\\\/?page_id=45\",\"name\":\"Cennik - Domy Studenckie KUL\",\"isPartOf\":{\"@id\":\"https:\\\/\\\/akademiki.kul.pl\\\/#website\"},\"datePublished\":\"2026-02-17T09:53:58+00:00\",\"dateModified\":\"2026-02-18T10:51:37+00:00\",\"breadcrumb\":{\"@id\":\"https:\\\/\\\/akademiki.kul.pl\\\/?page_id=45#breadcrumb\"},\"inLanguage\":\"pl-PL\",\"potentialAction\":[{\"@type\":\"ReadAction\",\"target\":[\"https:\\\/\\\/akademiki.kul.pl\\\/?page_id=45\"]}]},{\"@type\":\"BreadcrumbList\",\"@id\":\"https:\\\/\\\/akademiki.kul.pl\\\/?page_id=45#breadcrumb\",\"itemListElement\":[{\"@type\":\"ListItem\",\"position\":1,\"name\":\"Strona g\u0142\u00f3wna\",\"item\":\"https:\\\/\\\/akademiki.kul.pl\\\/\"},{\"@type\":\"ListItem\",\"position\":2,\"name\":\"Cennik\"}]},{\"@type\":\"WebSite\",\"@id\":\"https:\\\/\\\/akademiki.kul.pl\\\/#website\",\"url\":\"https:\\\/\\\/akademiki.kul.pl\\\/\",\"name\":\"Domy Studenckie KUL\",\"description\":\"Akademiki z pe\u0142n\u0105 KULtur\u0105\",\"publisher\":{\"@id\":\"https:\\\/\\\/akademiki.kul.pl\\\/#organization\"},\"potentialAction\":[{\"@type\":\"SearchAction\",\"target\":{\"@type\":\"EntryPoint\",\"urlTemplate\":\"https:\\\/\\\/akademiki.kul.pl\\\/?s={search_term_string}\"},\"query-input\":{\"@type\":\"PropertyValueSpecification\",\"valueRequired\":true,\"valueName\":\"search_term_string\"}}],\"inLanguage\":\"pl-PL\"},{\"@type\":\"Organization\",\"@id\":\"https:\\\/\\\/akademiki.kul.pl\\\/#organization\",\"name\":\"Domy Studenckie KUL\",\"url\":\"https:\\\/\\\/akademiki.kul.pl\\\/\",\"logo\":{\"@type\":\"ImageObject\",\"inLanguage\":\"pl-PL\",\"@id\":\"https:\\\/\\\/akademiki.kul.pl\\\/#\\\/schema\\\/logo\\\/image\\\/\",\"url\":\"https:\\\/\\\/akademiki.kul.pl\\\/wp-content\\\/uploads\\\/2023\\\/06\\\/cropped-Korys-Piotr-logo-DS_KUL.png\",\"contentUrl\":\"https:\\\/\\\/akademiki.kul.pl\\\/wp-content\\\/uploads\\\/2023\\\/06\\\/cropped-Korys-Piotr-logo-DS_KUL.png\",\"width\":7462,\"height\":1408,\"caption\":\"Domy Studenckie KUL\"},\"image\":{\"@id\":\"https:\\\/\\\/akademiki.kul.pl\\\/#\\\/schema\\\/logo\\\/image\\\/\"},\"sameAs\":[\"https:\\\/\\\/www.facebook.com\\\/mdskulkonstantynow\\\/\",\"https:\\\/\\\/www.facebook.com\\\/zdskul\\\/\"]}]}<\/script>\n<!-- \/ Yoast SEO plugin. -->","yoast_head_json":{"title":"Cennik - Domy Studenckie KUL","robots":{"index":"index","follow":"follow","max-snippet":"max-snippet:-1","max-image-preview":"max-image-preview:large","max-video-preview":"max-video-preview:-1"},"canonical":"https:\/\/akademiki.kul.pl\/?page_id=45","og_locale":"pl_PL","og_type":"article","og_title":"Cennik - Domy Studenckie KUL","og_description":"Przeskocz do tre\u015bci CENNIK DS KUL 2025\/2026 I. Wysoko\u015bci op\u0142at za miejsce w domach studenckich KUL dla student\u00f3w i doktorant\u00f3w\u00a0KUL oraz student\u00f3w i doktorant\u00f3w lubelskich uczelni: UMCS, UM, UP, PL,...","og_url":"https:\/\/akademiki.kul.pl\/?page_id=45","og_site_name":"Domy Studenckie KUL","article_publisher":"https:\/\/www.facebook.com\/mdskulkonstantynow\/","article_modified_time":"2026-02-18T10:51:37+00:00","twitter_card":"summary_large_image","twitter_misc":{"Szacowany czas czytania":"2 minuty"},"schema":{"@context":"https:\/\/schema.org","@graph":[{"@type":"WebPage","@id":"https:\/\/akademiki.kul.pl\/?page_id=45","url":"https:\/\/akademiki.kul.pl\/?page_id=45","name":"Cennik - Domy Studenckie KUL","isPartOf":{"@id":"https:\/\/akademiki.kul.pl\/#website"},"datePublished":"2026-02-17T09:53:58+00:00","dateModified":"2026-02-18T10:51:37+00:00","breadcrumb":{"@id":"https:\/\/akademiki.kul.pl\/?page_id=45#breadcrumb"},"inLanguage":"pl-PL","potentialAction":[{"@type":"ReadAction","target":["https:\/\/akademiki.kul.pl\/?page_id=45"]}]},{"@type":"BreadcrumbList","@id":"https:\/\/akademiki.kul.pl\/?page_id=45#breadcrumb","itemListElement":[{"@type":"ListItem","position":1,"name":"Strona g\u0142\u00f3wna","item":"https:\/\/akademiki.kul.pl\/"},{"@type":"ListItem","position":2,"name":"Cennik"}]},{"@type":"WebSite","@id":"https:\/\/akademiki.kul.pl\/#website","url":"https:\/\/akademiki.kul.pl\/","name":"Domy Studenckie KUL","description":"Akademiki z pe\u0142n\u0105 KULtur\u0105","publisher":{"@id":"https:\/\/akademiki.kul.pl\/#organization"},"potentialAction":[{"@type":"SearchAction","target":{"@type":"EntryPoint","urlTemplate":"https:\/\/akademiki.kul.pl\/?s={search_term_string}"},"query-input":{"@type":"PropertyValueSpecification","valueRequired":true,"valueName":"search_term_string"}}],"inLanguage":"pl-PL"},{"@type":"Organization","@id":"https:\/\/akademiki.kul.pl\/#organization","name":"Domy Studenckie KUL","url":"https:\/\/akademiki.kul.pl\/","logo":{"@type":"ImageObject","inLanguage":"pl-PL","@id":"https:\/\/akademiki.kul.pl\/#\/schema\/logo\/image\/","url":"https:\/\/akademiki.kul.pl\/wp-content\/uploads\/2023\/06\/cropped-Korys-Piotr-logo-DS_KUL.png","contentUrl":"https:\/\/akademiki.kul.pl\/wp-content\/uploads\/2023\/06\/cropped-Korys-Piotr-logo-DS_KUL.png","width":7462,"height":1408,"caption":"Domy Studenckie KUL"},"image":{"@id":"https:\/\/akademiki.kul.pl\/#\/schema\/logo\/image\/"},"sameAs":["https:\/\/www.facebook.com\/mdskulkonstantynow\/","https:\/\/www.facebook.com\/zdskul\/"]}]}},"_links":{"self":[{"href":"https:\/\/akademiki.kul.pl\/index.php?rest_route=\/wp\/v2\/pages\/45","targetHints":{"allow":["GET"]}}],"collection":[{"href":"https:\/\/akademiki.kul.pl\/index.php?rest_route=\/wp\/v2\/pages"}],"about":[{"href":"https:\/\/akademiki.kul.pl\/index.php?rest_route=\/wp\/v2\/types\/page"}],"author":[{"embeddable":true,"href":"https:\/\/akademiki.kul.pl\/index.php?rest_route=\/wp\/v2\/users\/7"}],"replies":[{"embeddable":true,"href":"https:\/\/akademiki.kul.pl\/index.php?rest_route=%2Fwp%2Fv2%2Fcomments&post=45"}],"version-history":[{"count":50,"href":"https:\/\/akademiki.kul.pl\/index.php?rest_route=\/wp\/v2\/pages\/45\/revisions"}],"predecessor-version":[{"id":4807,"href":"https:\/\/akademiki.kul.pl\/index.php?rest_route=\/wp\/v2\/pages\/45\/revisions\/4807"}],"wp:attachment":[{"href":"https:\/\/akademiki.kul.pl\/index.php?rest_route=%2Fwp%2Fv2%2Fmedia&parent=45"}],"curies":[{"name":"wp","href":"https:\/\/api.w.org\/{rel}","templated":true}]}}