{"id":49,"date":"2026-02-18T10:55:53","date_gmt":"2026-02-18T09:55:53","guid":{"rendered":"https:\/\/akademiki.kul.pl\/?page_id=49"},"modified":"2026-03-20T10:40:22","modified_gmt":"2026-03-20T09:40:22","slug":"pokoje-goscinne","status":"publish","type":"page","link":"https:\/\/akademiki.kul.pl\/?page_id=49","title":{"rendered":"Pokoje go\u015bcinne"},"content":{"rendered":"\n<p><strong>Zapraszamy do korzystania z pokoi go\u015bcinnych w domach studenckich KUL<\/strong><\/p>\n\n\n\n<p>Wed\u0142ug Zarz\u0105dzenia nr ROP-0101-142\/25 Rektora Katolickiego Uniwersytetu Lubelskiego Jana Paw\u0142a II z dn. 24 czerwca 2025 r., op\u0142aty za miejsce w pokojach go\u015bcinnych w domach studenckich KUL wynosz\u0105:<\/p>\n\n\n\n<p>1)&nbsp;za dob\u0119 od&nbsp;studenta i doktoranta&nbsp;KUL oraz&nbsp;UMCS, KUL, UM, UP, PL, WSPiA, WSSP, WSEI, WSNS:<\/p>\n\n\n\n<figure class=\"wp-block-table is-style-stripes\"><table><tbody><tr><td>pok\u00f3j studencki<\/td><td><strong>\u2013 40 z\u0142<\/strong><\/td><\/tr><tr><td>2-osobowy pok\u00f3j go\u015bcinny o ni\u017cszym standardzie<\/td><td><strong>\u2013 60 z\u0142 od osoby<\/strong><\/td><\/tr><tr><td>1-osobowy pok\u00f3j go\u015bcinny<\/td><td><strong>\u2013 80 z\u0142<\/strong><\/td><\/tr><tr><td>2-osobowy pok\u00f3j go\u015bcinny o wy\u017cszym standardzie<\/td><td><strong>\u2013 70 z\u0142 od osoby<\/strong><\/td><\/tr><tr><td>1-osobowy pok\u00f3j go\u015bcinny o wy\u017cszym standardzie<\/td><td><strong>\u2013 90 z\u0142<\/strong><\/td><\/tr><\/tbody><\/table><\/figure>\n\n\n\n<p>2) za dob\u0119&nbsp;od innych os\u00f3b, stawki jak wy\u017cej&nbsp;+&nbsp;8% VAT.<\/p>\n\n\n\n<p><strong>1. \u017bDS &#8222;Konstantyna&#8221; w Lublinie, ul. Konstantyn\u00f3w 1D \u2013 rezerwacje tel. 81 445 48 16<\/strong><\/p>\n\n\n\n<p><strong>2. MDS <strong>&#8222;Karol&#8221;<\/strong><\/strong> w <strong>Lublinie, ul. Konstantyn\u00f3w 1B \u2013 rezerwacje tel. 81 445 47 30<\/strong> <strong>(aktualnie nie ma mo\u017cliwo\u015bci rezerwacji)<\/strong><\/p>\n\n\n\n<p><strong>3. MiMDS <strong>&#8222;Idzi&#8221;<\/strong><\/strong> <strong>w Lublinie, ul. Nieca\u0142a 8 \u2013 rezerwacje tel. 81 445 30 03<\/strong><\/p>\n\n\n\n<p><strong>4. DS <strong>&#8222;Stella&#8221;<\/strong><\/strong> w <strong>Stalowej Woli, ul. Ofiar Katynia 6 \u2013 rezerwacje tel. 81 454 55 26<\/strong><\/p>\n\n\n\n<p>Istnieje mo\u017cliwo\u015b\u0107 d\u0142ugoterminowych rezerwacji pokoi go\u015bcinnych \u2013 w tej sprawie prosimy o kontakt z Administratorami poszczeg\u00f3lnych dom\u00f3w studenckich.<\/p>\n\n\n\n<p>Doba hotelowa od godziny 14:00 do godziny 10:00 dnia nast\u0119pnego.<\/p>\n\n\n\n<p>Osoby korzystaj\u0105ce z pokoi go\u015bcinnych mog\u0105 wypo\u017cyczy\u0107 nieodp\u0142atnie z recepcji akademika: desk\u0119 do prasowania, \u017celazko, odkurzacz, a dodatkowo w DS &#8222;Konstantyna&#8221; r\u00f3wnie\u017c suszark\u0119 do w\u0142os\u00f3w. <\/p>\n\n\n\n<p>Istnieje mo\u017cliwo\u015b\u0107 skorzystania z pralki po zakupie \u017cetonu. <\/p>\n\n\n\n<p>W DS &#8222;Konstantyna&#8221; pokoje\/segmenty go\u015bcinne wyposa\u017cone s\u0105 w: czajnik, lampk\u0119 nocn\u0105, po\u015bciel, r\u0119czniki, sztu\u0107ce, talerze oraz kubki.<\/p>\n","protected":false},"excerpt":{"rendered":"<p>Zapraszamy do korzystania z pokoi go\u015bcinnych w domach studenckich KUL Wed\u0142ug Zarz\u0105dzenia nr ROP-0101-142\/25 Rektora Katolickiego Uniwersytetu Lubelskiego Jana Paw\u0142a II z dn. 24 czerwca 2025 r., op\u0142aty za miejsce&#8230;<\/p>\n","protected":false},"author":7,"featured_media":0,"parent":0,"menu_order":0,"comment_status":"closed","ping_status":"closed","template":"","meta":{"footnotes":""},"class_list":["post-49","page","type-page","status-publish","hentry"],"yoast_head":"<!-- This site is optimized with the Yoast SEO plugin v27.3 - https:\/\/yoast.com\/product\/yoast-seo-wordpress\/ -->\n<title>Pokoje go\u015bcinne - Domy Studenckie KUL<\/title>\n<meta name=\"robots\" content=\"index, follow, max-snippet:-1, max-image-preview:large, max-video-preview:-1\" \/>\n<link rel=\"canonical\" href=\"https:\/\/akademiki.kul.pl\/?page_id=49\" \/>\n<meta property=\"og:locale\" content=\"pl_PL\" \/>\n<meta property=\"og:type\" content=\"article\" \/>\n<meta property=\"og:title\" content=\"Pokoje go\u015bcinne - Domy Studenckie KUL\" \/>\n<meta property=\"og:description\" content=\"Zapraszamy do korzystania z pokoi go\u015bcinnych w domach studenckich KUL Wed\u0142ug Zarz\u0105dzenia nr ROP-0101-142\/25 Rektora Katolickiego Uniwersytetu Lubelskiego Jana Paw\u0142a II z dn. 24 czerwca 2025 r., op\u0142aty za miejsce...\" \/>\n<meta property=\"og:url\" content=\"https:\/\/akademiki.kul.pl\/?page_id=49\" \/>\n<meta property=\"og:site_name\" content=\"Domy Studenckie KUL\" \/>\n<meta property=\"article:publisher\" content=\"https:\/\/www.facebook.com\/mdskulkonstantynow\/\" \/>\n<meta property=\"article:modified_time\" content=\"2026-03-20T09:40:22+00:00\" \/>\n<meta name=\"twitter:card\" content=\"summary_large_image\" \/>\n<meta name=\"twitter:label1\" content=\"Szacowany czas czytania\" \/>\n\t<meta name=\"twitter:data1\" content=\"2 minuty\" \/>\n<script type=\"application\/ld+json\" class=\"yoast-schema-graph\">{\"@context\":\"https:\\\/\\\/schema.org\",\"@graph\":[{\"@type\":\"WebPage\",\"@id\":\"https:\\\/\\\/akademiki.kul.pl\\\/?page_id=49\",\"url\":\"https:\\\/\\\/akademiki.kul.pl\\\/?page_id=49\",\"name\":\"Pokoje go\u015bcinne - Domy Studenckie KUL\",\"isPartOf\":{\"@id\":\"https:\\\/\\\/akademiki.kul.pl\\\/#website\"},\"datePublished\":\"2026-02-18T09:55:53+00:00\",\"dateModified\":\"2026-03-20T09:40:22+00:00\",\"breadcrumb\":{\"@id\":\"https:\\\/\\\/akademiki.kul.pl\\\/?page_id=49#breadcrumb\"},\"inLanguage\":\"pl-PL\",\"potentialAction\":[{\"@type\":\"ReadAction\",\"target\":[\"https:\\\/\\\/akademiki.kul.pl\\\/?page_id=49\"]}]},{\"@type\":\"BreadcrumbList\",\"@id\":\"https:\\\/\\\/akademiki.kul.pl\\\/?page_id=49#breadcrumb\",\"itemListElement\":[{\"@type\":\"ListItem\",\"position\":1,\"name\":\"Strona g\u0142\u00f3wna\",\"item\":\"https:\\\/\\\/akademiki.kul.pl\\\/\"},{\"@type\":\"ListItem\",\"position\":2,\"name\":\"Pokoje go\u015bcinne\"}]},{\"@type\":\"WebSite\",\"@id\":\"https:\\\/\\\/akademiki.kul.pl\\\/#website\",\"url\":\"https:\\\/\\\/akademiki.kul.pl\\\/\",\"name\":\"Domy Studenckie KUL\",\"description\":\"Akademiki z pe\u0142n\u0105 KULtur\u0105\",\"publisher\":{\"@id\":\"https:\\\/\\\/akademiki.kul.pl\\\/#organization\"},\"potentialAction\":[{\"@type\":\"SearchAction\",\"target\":{\"@type\":\"EntryPoint\",\"urlTemplate\":\"https:\\\/\\\/akademiki.kul.pl\\\/?s={search_term_string}\"},\"query-input\":{\"@type\":\"PropertyValueSpecification\",\"valueRequired\":true,\"valueName\":\"search_term_string\"}}],\"inLanguage\":\"pl-PL\"},{\"@type\":\"Organization\",\"@id\":\"https:\\\/\\\/akademiki.kul.pl\\\/#organization\",\"name\":\"Domy Studenckie KUL\",\"url\":\"https:\\\/\\\/akademiki.kul.pl\\\/\",\"logo\":{\"@type\":\"ImageObject\",\"inLanguage\":\"pl-PL\",\"@id\":\"https:\\\/\\\/akademiki.kul.pl\\\/#\\\/schema\\\/logo\\\/image\\\/\",\"url\":\"https:\\\/\\\/akademiki.kul.pl\\\/wp-content\\\/uploads\\\/2023\\\/06\\\/cropped-Korys-Piotr-logo-DS_KUL.png\",\"contentUrl\":\"https:\\\/\\\/akademiki.kul.pl\\\/wp-content\\\/uploads\\\/2023\\\/06\\\/cropped-Korys-Piotr-logo-DS_KUL.png\",\"width\":7462,\"height\":1408,\"caption\":\"Domy Studenckie KUL\"},\"image\":{\"@id\":\"https:\\\/\\\/akademiki.kul.pl\\\/#\\\/schema\\\/logo\\\/image\\\/\"},\"sameAs\":[\"https:\\\/\\\/www.facebook.com\\\/mdskulkonstantynow\\\/\",\"https:\\\/\\\/www.facebook.com\\\/zdskul\\\/\"]}]}<\/script>\n<!-- \/ Yoast SEO plugin. -->","yoast_head_json":{"title":"Pokoje go\u015bcinne - Domy Studenckie KUL","robots":{"index":"index","follow":"follow","max-snippet":"max-snippet:-1","max-image-preview":"max-image-preview:large","max-video-preview":"max-video-preview:-1"},"canonical":"https:\/\/akademiki.kul.pl\/?page_id=49","og_locale":"pl_PL","og_type":"article","og_title":"Pokoje go\u015bcinne - Domy Studenckie KUL","og_description":"Zapraszamy do korzystania z pokoi go\u015bcinnych w domach studenckich KUL Wed\u0142ug Zarz\u0105dzenia nr ROP-0101-142\/25 Rektora Katolickiego Uniwersytetu Lubelskiego Jana Paw\u0142a II z dn. 24 czerwca 2025 r., op\u0142aty za miejsce...","og_url":"https:\/\/akademiki.kul.pl\/?page_id=49","og_site_name":"Domy Studenckie KUL","article_publisher":"https:\/\/www.facebook.com\/mdskulkonstantynow\/","article_modified_time":"2026-03-20T09:40:22+00:00","twitter_card":"summary_large_image","twitter_misc":{"Szacowany czas czytania":"2 minuty"},"schema":{"@context":"https:\/\/schema.org","@graph":[{"@type":"WebPage","@id":"https:\/\/akademiki.kul.pl\/?page_id=49","url":"https:\/\/akademiki.kul.pl\/?page_id=49","name":"Pokoje go\u015bcinne - Domy Studenckie KUL","isPartOf":{"@id":"https:\/\/akademiki.kul.pl\/#website"},"datePublished":"2026-02-18T09:55:53+00:00","dateModified":"2026-03-20T09:40:22+00:00","breadcrumb":{"@id":"https:\/\/akademiki.kul.pl\/?page_id=49#breadcrumb"},"inLanguage":"pl-PL","potentialAction":[{"@type":"ReadAction","target":["https:\/\/akademiki.kul.pl\/?page_id=49"]}]},{"@type":"BreadcrumbList","@id":"https:\/\/akademiki.kul.pl\/?page_id=49#breadcrumb","itemListElement":[{"@type":"ListItem","position":1,"name":"Strona g\u0142\u00f3wna","item":"https:\/\/akademiki.kul.pl\/"},{"@type":"ListItem","position":2,"name":"Pokoje go\u015bcinne"}]},{"@type":"WebSite","@id":"https:\/\/akademiki.kul.pl\/#website","url":"https:\/\/akademiki.kul.pl\/","name":"Domy Studenckie KUL","description":"Akademiki z pe\u0142n\u0105 KULtur\u0105","publisher":{"@id":"https:\/\/akademiki.kul.pl\/#organization"},"potentialAction":[{"@type":"SearchAction","target":{"@type":"EntryPoint","urlTemplate":"https:\/\/akademiki.kul.pl\/?s={search_term_string}"},"query-input":{"@type":"PropertyValueSpecification","valueRequired":true,"valueName":"search_term_string"}}],"inLanguage":"pl-PL"},{"@type":"Organization","@id":"https:\/\/akademiki.kul.pl\/#organization","name":"Domy Studenckie KUL","url":"https:\/\/akademiki.kul.pl\/","logo":{"@type":"ImageObject","inLanguage":"pl-PL","@id":"https:\/\/akademiki.kul.pl\/#\/schema\/logo\/image\/","url":"https:\/\/akademiki.kul.pl\/wp-content\/uploads\/2023\/06\/cropped-Korys-Piotr-logo-DS_KUL.png","contentUrl":"https:\/\/akademiki.kul.pl\/wp-content\/uploads\/2023\/06\/cropped-Korys-Piotr-logo-DS_KUL.png","width":7462,"height":1408,"caption":"Domy Studenckie KUL"},"image":{"@id":"https:\/\/akademiki.kul.pl\/#\/schema\/logo\/image\/"},"sameAs":["https:\/\/www.facebook.com\/mdskulkonstantynow\/","https:\/\/www.facebook.com\/zdskul\/"]}]}},"_links":{"self":[{"href":"https:\/\/akademiki.kul.pl\/index.php?rest_route=\/wp\/v2\/pages\/49","targetHints":{"allow":["GET"]}}],"collection":[{"href":"https:\/\/akademiki.kul.pl\/index.php?rest_route=\/wp\/v2\/pages"}],"about":[{"href":"https:\/\/akademiki.kul.pl\/index.php?rest_route=\/wp\/v2\/types\/page"}],"author":[{"embeddable":true,"href":"https:\/\/akademiki.kul.pl\/index.php?rest_route=\/wp\/v2\/users\/7"}],"replies":[{"embeddable":true,"href":"https:\/\/akademiki.kul.pl\/index.php?rest_route=%2Fwp%2Fv2%2Fcomments&post=49"}],"version-history":[{"count":13,"href":"https:\/\/akademiki.kul.pl\/index.php?rest_route=\/wp\/v2\/pages\/49\/revisions"}],"predecessor-version":[{"id":4838,"href":"https:\/\/akademiki.kul.pl\/index.php?rest_route=\/wp\/v2\/pages\/49\/revisions\/4838"}],"wp:attachment":[{"href":"https:\/\/akademiki.kul.pl\/index.php?rest_route=%2Fwp%2Fv2%2Fmedia&parent=49"}],"curies":[{"name":"wp","href":"https:\/\/api.w.org\/{rel}","templated":true}]}}