{"id":51,"date":"2026-02-18T10:56:33","date_gmt":"2026-02-18T09:56:33","guid":{"rendered":"https:\/\/akademiki.kul.pl\/?page_id=51"},"modified":"2026-02-18T10:45:31","modified_gmt":"2026-02-18T09:45:31","slug":"prac","status":"publish","type":"page","link":"https:\/\/akademiki.kul.pl\/?page_id=51","title":{"rendered":"Kontakt"},"content":{"rendered":"\t\t<div data-elementor-type=\"wp-page\" data-elementor-id=\"51\" class=\"elementor elementor-51\">\n\t\t\t\t<div class=\"elementor-element elementor-element-5604372 e-flex e-con-boxed e-con e-parent\" data-id=\"5604372\" data-element_type=\"container\" data-e-type=\"container\">\n\t\t\t\t\t<div class=\"e-con-inner\">\n\t\t\t\t<div class=\"elementor-element elementor-element-52947798 elementor-widget-mobile__width-auto elementor-widget elementor-widget-text-editor\" data-id=\"52947798\" data-element_type=\"widget\" data-e-type=\"widget\" data-widget_type=\"text-editor.default\">\n\t\t\t\t<div class=\"elementor-widget-container\">\n\t\t\t\t\t\t\t\t\t<div class=\"wp-block-group\">\n<p><\/p>\n<p><b><span style=\"color: #0000ff;\">\u017be\u0144ski Dom Studencki KUL \u201eKonstantyna\u201d:\u00a0 \u00a0 \u00a0 \u00a0<\/span>\u00a0 \u00a0 \u00a0 \u00a0 \u00a0 \u00a0 \u00a0 \u00a0 \u00a0 \u00a0 \u00a0 \u00a0 \u00a0 \u00a0 \u00a0 \u00a0 \u00a0 \u00a0 \u00a0 \u00a0 \u00a0 \u00a0 \u00a0 \u00a0 \u00a0 \u00a0 \u00a0 \u00a0 \u00a0 \u00a0 \u00a0 \u00a0 \u00a0 \u00a0 \u00a0 \u00a0 \u00a0 \u00a0 \u00a0 \u00a0 \u00a0 \u00a0 \u00a0 \u00a0 \u00a0 \u00a0 \u00a0 \u00a0 \u00a0 \u00a0 \u00a0 <\/b>ul. Konstantyn\u00f3w 1D<br \/>20-708 Lublin<br \/>tel. (81) 445 48 16, 502 986 033<br \/>e-mail: <a href=\"mailto:zds@kul.pl\"><span style=\"color: #00ccff;\">zds@kul.pl<\/span><\/a><\/p>\n<p><em><strong><span style=\"text-decoration: underline;\">Administrator \u017be\u0144skiego Domu Studenckiego KUL: mgr Katarzyna B\u0142aszczyk-Py\u0107\u00a0<\/span>\u00a0 \u00a0 \u00a0 \u00a0 \u00a0 \u00a0 \u00a0 \u00a0 \u00a0 \u00a0 \u00a0 \u00a0 \u00a0 \u00a0 \u00a0 \u00a0 \u00a0 \u00a0 \u00a0 \u00a0 <\/strong><\/em>Biuro: ul. Konstantyn\u00f3w 1D, pok\u00f3j nr 19\u00a0 \u00a0 \u00a0 \u00a0 \u00a0 \u00a0 \u00a0 \u00a0 \u00a0 \u00a0 \u00a0 \u00a0 \u00a0 \u00a0 \u00a0 \u00a0 \u00a0 \u00a0 \u00a0 \u00a0 \u00a0 \u00a0 \u00a0 \u00a0 \u00a0 \u00a0 \u00a0 \u00a0 \u00a0 \u00a0 \u00a0 \u00a0 \u00a0 \u00a0 \u00a0 \u00a0 \u00a0 \u00a0 \u00a0 \u00a0 \u00a0 \u00a0 \u00a0 \u00a0 \u00a0 \u00a0 \u00a0 \u00a0 \u00a0 \u00a0 \u00a0 \u00a0 \u00a0 \u00a0 \u00a0 \u00a0 \u00a0 \u00a0 tel. (81) 445 48 20\u00a0 \u00a0 \u00a0 \u00a0 \u00a0 \u00a0 \u00a0 \u00a0 \u00a0 \u00a0 \u00a0 \u00a0 \u00a0 \u00a0 \u00a0 \u00a0 \u00a0 \u00a0 \u00a0 \u00a0 \u00a0 \u00a0 \u00a0 \u00a0 \u00a0 \u00a0 \u00a0 \u00a0 \u00a0 \u00a0 \u00a0 \u00a0 \u00a0 \u00a0 \u00a0 \u00a0 \u00a0 \u00a0 \u00a0 \u00a0 \u00a0 \u00a0 \u00a0 \u00a0 \u00a0 \u00a0 \u00a0 \u00a0 \u00a0 \u00a0 \u00a0 \u00a0 \u00a0 \u00a0 \u00a0 \u00a0 \u00a0 \u00a0 \u00a0 \u00a0 \u00a0 \u00a0 \u00a0 \u00a0 \u00a0 \u00a0 \u00a0 \u00a0 \u00a0 \u00a0 \u00a0 \u00a0 \u00a0 \u00a0 \u00a0 \u00a0 \u00a0 \u00a0e-mail: <a href=\"mailto:katarzyna.blaszczyk-pyc@kul.pl\"><span style=\"color: #00ccff;\">katarzyna.blaszczyk-pyc@kul.pl<\/span><\/a><\/p>\n<p><span style=\"text-decoration: underline;\"><em><strong>Starszy referent: mgr in\u017c. Monika Pi\u0105tkowska<\/strong><\/em><\/span><br \/>Biuro: ul. Konstantyn\u00f3w 1D, pok\u00f3j nr 18<br \/>tel. (81) 445 48 19<br \/>e-mail: <a href=\"mailto:monika.rzeznik@kul.pl\"><span style=\"color: #00ccff;\">monika.piatkowska@kul.pl<\/span><\/a><\/p>\n<p><b><span style=\"color: #0000ff;\">M\u0119ski Dom Studencki KUL \u201eKarol\u201d\u00a0 \u00a0 \u00a0 \u00a0 \u00a0<\/span>\u00a0 \u00a0 \u00a0 \u00a0 \u00a0 \u00a0 \u00a0 \u00a0 \u00a0 \u00a0 \u00a0 \u00a0 \u00a0 \u00a0 \u00a0 \u00a0 \u00a0 \u00a0 \u00a0 \u00a0 \u00a0 \u00a0 \u00a0 \u00a0 \u00a0 \u00a0 \u00a0 \u00a0 \u00a0 \u00a0 \u00a0 \u00a0 \u00a0 \u00a0 \u00a0 \u00a0 \u00a0 \u00a0 \u00a0 \u00a0 \u00a0 \u00a0 \u00a0 \u00a0 \u00a0 \u00a0 \u00a0 \u00a0 \u00a0 \u00a0 \u00a0 \u00a0 \u00a0 \u00a0 \u00a0 \u00a0 \u00a0 \u00a0<\/b> ul. Konstantyn\u00f3w 1 B\u00a0 \u00a0 \u00a0 \u00a0 \u00a0 \u00a0 \u00a0 \u00a0 \u00a0 \u00a0 \u00a0 \u00a0 \u00a0 \u00a0 \u00a0 \u00a0 \u00a0 \u00a0 \u00a0 \u00a0 \u00a0 \u00a0 \u00a0 \u00a0 \u00a0 \u00a0 \u00a0 \u00a0 \u00a0 \u00a0 \u00a0 \u00a0 \u00a0 \u00a0 \u00a0 \u00a0 \u00a0 \u00a0 \u00a0 \u00a0 \u00a0 \u00a0 \u00a0 \u00a0 \u00a0 \u00a0 \u00a0 \u00a0 \u00a0 \u00a0 \u00a0 \u00a0 \u00a0 \u00a0 \u00a0 \u00a0 \u00a0 \u00a0 \u00a0 \u00a0 \u00a0 \u00a0 \u00a0 \u00a0 \u00a0 \u00a0 \u00a0 \u00a0 \u00a0 \u00a0 \u00a0 \u00a0 20-708 Lublin\u00a0 \u00a0 \u00a0 \u00a0 \u00a0 \u00a0 \u00a0 \u00a0 \u00a0 \u00a0 \u00a0 \u00a0 \u00a0 \u00a0 \u00a0 \u00a0 \u00a0 \u00a0 \u00a0 \u00a0 \u00a0 \u00a0 \u00a0 \u00a0 \u00a0 \u00a0 \u00a0 \u00a0 \u00a0 \u00a0 \u00a0 \u00a0 \u00a0 \u00a0 \u00a0 \u00a0 \u00a0 \u00a0 \u00a0 \u00a0 \u00a0 \u00a0 \u00a0 \u00a0 \u00a0 \u00a0 \u00a0 \u00a0 \u00a0 \u00a0 \u00a0 \u00a0 \u00a0 \u00a0 \u00a0 \u00a0 \u00a0 \u00a0 \u00a0 \u00a0 \u00a0 \u00a0 \u00a0 \u00a0 \u00a0 \u00a0 \u00a0 \u00a0 \u00a0 \u00a0 \u00a0 \u00a0 \u00a0 \u00a0 \u00a0 \u00a0 \u00a0 \u00a0 \u00a0 \u00a0 \u00a0 \u00a0 e-mail: <a href=\"mailto:mds@kul.pl\"><span style=\"color: #00ccff;\">mds@kul.pl<\/span><\/a><\/p>\n<p><em><strong><span style=\"text-decoration: underline;\">Administrator M\u0119skich i Ma\u0142\u017ce\u0144skich Dom\u00f3w Studenckich KUL: mgr Tomasz Ko\u0142odziejczyk<\/span>\u00a0 \u00a0 \u00a0 \u00a0 \u00a0 \u00a0 \u00a0 \u00a0 \u00a0 \u00a0 \u00a0 \u00a0 \u00a0 \u00a0 \u00a0 <\/strong><\/em>Biuro: ul. Konstantyn\u00f3w 1B, pok\u00f3j nr 6<br \/>tel. (81) 445 47 31\u00a0 \u00a0 \u00a0 \u00a0 \u00a0 \u00a0 \u00a0 \u00a0 \u00a0 \u00a0 \u00a0 \u00a0 \u00a0 \u00a0 \u00a0 \u00a0 \u00a0 \u00a0 \u00a0 \u00a0 \u00a0 \u00a0 \u00a0 \u00a0 \u00a0 \u00a0 \u00a0 \u00a0 \u00a0 \u00a0 \u00a0 \u00a0 \u00a0 \u00a0 \u00a0 \u00a0 \u00a0 \u00a0 \u00a0 \u00a0 \u00a0 \u00a0 \u00a0 \u00a0 \u00a0 \u00a0 \u00a0 \u00a0 \u00a0 \u00a0 \u00a0 \u00a0 \u00a0 \u00a0 \u00a0 \u00a0 \u00a0 \u00a0 \u00a0 \u00a0 \u00a0 \u00a0 \u00a0 \u00a0 \u00a0 \u00a0 \u00a0 \u00a0 \u00a0 \u00a0 \u00a0 \u00a0 \u00a0 \u00a0 \u00a0 \u00a0 \u00a0 \u00a0e-mail: <a href=\"mailto:tomasz.kolodziejczyk@kul.pl\"><span style=\"color: #00ccff;\">tomasz.kolodziejczyk@kul.pl<\/span><\/a><\/p>\n<p><b><span style=\"color: #0000ff;\">M\u0119ski Dom Studencki KUL \u201eStefan\u201d\u00a0<\/span>\u00a0 \u00a0 \u00a0 \u00a0 \u00a0 \u00a0 \u00a0 \u00a0 \u00a0 \u00a0 \u00a0 \u00a0 \u00a0 \u00a0 \u00a0 \u00a0 \u00a0 \u00a0 \u00a0 \u00a0 \u00a0 \u00a0 \u00a0 \u00a0 \u00a0 \u00a0 \u00a0 \u00a0 \u00a0 \u00a0 \u00a0 \u00a0 \u00a0 \u00a0 \u00a0 \u00a0 \u00a0 \u00a0 \u00a0 \u00a0 \u00a0 \u00a0 \u00a0 \u00a0 \u00a0 \u00a0 \u00a0 \u00a0 \u00a0 \u00a0 \u00a0 \u00a0 \u00a0 \u00a0 \u00a0 \u00a0 \u00a0 \u00a0 \u00a0 \u00a0 \u00a0<\/b>ul. Konstantyn\u00f3w 1 A\u00a0 \u00a0 \u00a0 \u00a0 \u00a0 \u00a0 \u00a0 \u00a0 \u00a0 \u00a0 \u00a0 \u00a0 \u00a0 \u00a0 \u00a0 \u00a0 \u00a0 \u00a0 \u00a0 \u00a0 \u00a0 \u00a0 \u00a0 \u00a0 \u00a0 \u00a0 \u00a0 \u00a0 \u00a0 \u00a0 \u00a0 \u00a0 \u00a0 \u00a0 \u00a0 \u00a0 \u00a0 \u00a0 \u00a0 \u00a0 \u00a0 \u00a0 \u00a0 \u00a0 \u00a0 \u00a0 \u00a0 \u00a0 \u00a0 \u00a0 \u00a0 \u00a0 \u00a0 \u00a0 \u00a0 \u00a0 \u00a0 \u00a0 \u00a0 \u00a0 \u00a0 \u00a0 \u00a0 \u00a0 \u00a0 \u00a0 \u00a0 \u00a0 \u00a0 \u00a0 \u00a0 \u00a0 \u00a020-708 Lublin\u00a0 \u00a0 \u00a0 \u00a0 \u00a0 \u00a0 \u00a0 \u00a0 \u00a0 \u00a0 \u00a0 \u00a0 \u00a0 \u00a0 \u00a0 \u00a0 \u00a0 \u00a0 \u00a0 \u00a0 \u00a0 \u00a0 \u00a0 \u00a0 \u00a0 \u00a0 \u00a0 \u00a0 \u00a0 \u00a0 \u00a0 \u00a0 \u00a0 \u00a0 \u00a0 \u00a0 \u00a0 \u00a0 \u00a0 \u00a0 \u00a0 \u00a0 \u00a0 \u00a0 \u00a0 \u00a0 \u00a0 \u00a0 \u00a0 \u00a0 \u00a0 \u00a0 \u00a0 \u00a0 \u00a0 \u00a0 \u00a0 \u00a0 \u00a0 \u00a0 \u00a0 \u00a0 \u00a0 \u00a0 \u00a0 \u00a0 \u00a0 \u00a0 \u00a0 \u00a0 \u00a0 \u00a0 \u00a0 \u00a0 \u00a0 \u00a0 \u00a0 \u00a0 \u00a0 \u00a0 \u00a0 \u00a0e-mail: <a href=\"mailto:mds@kul.pl\"><span style=\"color: #00ccff;\">mds@kul.pl<\/span><\/a><\/p>\n<p><em><strong><span style=\"text-decoration: underline;\">Administrator M\u0119skich i Ma\u0142\u017ce\u0144skich Dom\u00f3w Studenckich KUL: mgr Tomasz Ko\u0142odziejczyk\u00a0<\/span> \u00a0 \u00a0 <\/strong><\/em>\u00a0 \u00a0 \u00a0 \u00a0 \u00a0 \u00a0 \u00a0 \u00a0 \u00a0 \u00a0 \u00a0 \u00a0 Biuro: ul. Konstantyn\u00f3w 1B, pok\u00f3j nr 6<br \/>tel. (81) 445 47 31\u00a0 \u00a0 \u00a0 \u00a0 \u00a0 \u00a0 \u00a0 \u00a0 \u00a0 \u00a0 \u00a0 \u00a0 \u00a0 \u00a0 \u00a0 \u00a0 \u00a0 \u00a0 \u00a0 \u00a0 \u00a0 \u00a0 \u00a0 \u00a0 \u00a0 \u00a0 \u00a0 \u00a0 \u00a0 \u00a0 \u00a0 \u00a0 \u00a0 \u00a0 \u00a0 \u00a0 \u00a0 \u00a0 \u00a0 \u00a0 \u00a0 \u00a0 \u00a0 \u00a0 \u00a0 \u00a0 \u00a0 \u00a0 \u00a0 \u00a0 \u00a0 \u00a0 \u00a0 \u00a0 \u00a0 \u00a0 \u00a0 \u00a0 \u00a0 \u00a0 \u00a0 \u00a0 \u00a0 \u00a0 \u00a0 \u00a0 \u00a0 \u00a0 \u00a0 \u00a0 \u00a0 \u00a0 \u00a0 \u00a0 \u00a0 \u00a0 \u00a0 \u00a0 e-mail: <a href=\"mailto:tomasz.kolodziejczyk@kul.pl\"><span style=\"color: #00ccff;\">tomasz.kolodziejczyk@kul.pl<\/span><\/a><\/p>\n<p><strong><span style=\"color: #0000ff;\">M\u0119ski i Ma\u0142\u017ce\u0144ski Dom Studencki KUL \u201eIdzi\u201d\u00a0 \u00a0<\/span> \u00a0 \u00a0 \u00a0 <\/strong>\u00a0 \u00a0 \u00a0 \u00a0 \u00a0 \u00a0 \u00a0 \u00a0 \u00a0 \u00a0 \u00a0 \u00a0 \u00a0 \u00a0 \u00a0 \u00a0 \u00a0 \u00a0 \u00a0 \u00a0 \u00a0 \u00a0 \u00a0 \u00a0 \u00a0 \u00a0 \u00a0 \u00a0 \u00a0 \u00a0 \u00a0 \u00a0 \u00a0 \u00a0 \u00a0 \u00a0 \u00a0 \u00a0 \u00a0 \u00a0 \u00a0 \u00a0 \u00a0 \u00a0 \u00a0 \u00a0 \u00a0 \u00a0 ul. Nieca\u0142a 8<br \/>20-080 Lublin<br \/>tel. (81) 445 30 03<br \/>e-mail: <a href=\"mailto:mdsniecala@kul.pl\"><span style=\"color: #00ccff;\">mdsniecala@kul.pl<\/span><\/a><\/p>\n<p><em><strong><span style=\"text-decoration: underline;\">Administrator M\u0119skich i Ma\u0142\u017ce\u0144skich Dom\u00f3w Studenckich KUL: mgr Tomasz Ko\u0142odziejczyk\u00a0<\/span>\u00a0 \u00a0 \u00a0 \u00a0 \u00a0 \u00a0 \u00a0 \u00a0 \u00a0 \u00a0 \u00a0 \u00a0 \u00a0 \u00a0 \u00a0 <\/strong><\/em>Biuro: ul. Konstantyn\u00f3w 1B, pok\u00f3j nr 6<br \/>tel. (81) 445 47 31\u00a0 \u00a0 \u00a0 \u00a0 \u00a0 \u00a0 \u00a0 \u00a0 \u00a0 \u00a0 \u00a0 \u00a0 \u00a0 \u00a0 \u00a0 \u00a0 \u00a0 \u00a0 \u00a0 \u00a0 \u00a0 \u00a0 \u00a0 \u00a0 \u00a0 \u00a0 \u00a0 \u00a0 \u00a0 \u00a0 \u00a0 \u00a0 \u00a0 \u00a0 \u00a0 \u00a0 \u00a0 \u00a0 \u00a0 \u00a0 \u00a0 \u00a0 \u00a0 \u00a0 \u00a0 \u00a0 \u00a0 \u00a0 \u00a0 \u00a0 \u00a0 \u00a0 \u00a0 \u00a0 \u00a0 \u00a0 \u00a0 \u00a0 \u00a0 \u00a0 \u00a0 \u00a0 \u00a0 \u00a0 \u00a0 \u00a0 \u00a0 \u00a0 \u00a0 \u00a0 \u00a0 \u00a0 \u00a0 \u00a0 \u00a0 \u00a0 \u00a0 \u00a0e-mail: <a href=\"mailto:tomasz.kolodziejczyk@kul.pl\"><span style=\"color: #00ccff;\">tomasz.kolodziejczyk@kul.pl<\/span><\/a><\/p>\n<p><span style=\"text-decoration: underline;\"><em><strong>Starszy referent: mgr S\u0142awomir Piszczek<\/strong><\/em><\/span><br \/>biuro: parter obok portierni<br \/>tel.: (81) 445 30 04, (81) 445 30 05 <br \/>e-mail: <a href=\"mailto:slawomir.piszczek@kul.pl\"><span style=\"color: #00ccff;\">slawomir.piszczek@kul.pl<\/span><\/a><\/p>\n<p><span style=\"color: #0000ff;\"><strong>Dom Studencki KUL \u201eStella\u201d<\/strong><\/span> <br \/>ul. Ofiar Katynia 6<br \/>37-450 Stalowa Wola<br \/>tel. (81) 454 55 26<br \/>e-mail: <a href=\"mailto:dsstalowawola@kul.pl\"><span style=\"color: #00ccff;\">dsstalowawola@kul.pl<\/span><\/a><\/p>\n<p><em><strong><span style=\"text-decoration: underline;\">Administrator M\u0119skich i Ma\u0142\u017ce\u0144skich Dom\u00f3w Studenckich KUL: mgr Tomasz Ko\u0142odziejczyk <\/span>\u00a0 \u00a0 \u00a0 \u00a0 \u00a0 \u00a0 \u00a0 \u00a0 \u00a0 \u00a0 \u00a0 \u00a0 \u00a0 \u00a0 \u00a0 <\/strong><\/em>Biuro: ul. Konstantyn\u00f3w 1B, pok\u00f3j nr 6<br \/>tel. (81) 445 47 31\u00a0 \u00a0 \u00a0 \u00a0 \u00a0 \u00a0 \u00a0 \u00a0 \u00a0 \u00a0 \u00a0 \u00a0 \u00a0 \u00a0 \u00a0 \u00a0 \u00a0 \u00a0 \u00a0 \u00a0 \u00a0 \u00a0 \u00a0 \u00a0 \u00a0 \u00a0 \u00a0 \u00a0 \u00a0 \u00a0 \u00a0 \u00a0 \u00a0 \u00a0 \u00a0 \u00a0 \u00a0 \u00a0 \u00a0 \u00a0 \u00a0 \u00a0 \u00a0 \u00a0 \u00a0 \u00a0 \u00a0 \u00a0 \u00a0 \u00a0 \u00a0 \u00a0 \u00a0 \u00a0 \u00a0 \u00a0 \u00a0 \u00a0 \u00a0 \u00a0 \u00a0 \u00a0 \u00a0 \u00a0 \u00a0 \u00a0 \u00a0 \u00a0 \u00a0 \u00a0 \u00a0 \u00a0 \u00a0 \u00a0 \u00a0 \u00a0 \u00a0 \u00a0e-mail: <a href=\"mailto:tomasz.kolodziejczyk@kul.pl\"><span style=\"color: #00ccff;\">tomasz.kolodziejczyk@kul.pl<\/span><\/a><\/p>\n<p><span style=\"text-decoration: underline;\"><em><strong>Starszy referent: Marzena Antonik<\/strong><\/em><\/span><br \/>biuro: parter, pok\u00f3j nr 22\u00a0 \u00a0 \u00a0 \u00a0 \u00a0 \u00a0 \u00a0 \u00a0 \u00a0 \u00a0 \u00a0 \u00a0 \u00a0 \u00a0 \u00a0 \u00a0 \u00a0 \u00a0 \u00a0 \u00a0 \u00a0 \u00a0 \u00a0 \u00a0 \u00a0 \u00a0 \u00a0 \u00a0 \u00a0 \u00a0 \u00a0 \u00a0 \u00a0 \u00a0 \u00a0 \u00a0 \u00a0 \u00a0 \u00a0 \u00a0 \u00a0 \u00a0 \u00a0 \u00a0 \u00a0 \u00a0 \u00a0 \u00a0 \u00a0 \u00a0 \u00a0 \u00a0 \u00a0 \u00a0 \u00a0 \u00a0 \u00a0 \u00a0 \u00a0 \u00a0 \u00a0 \u00a0 \u00a0 \u00a0 \u00a0 \u00a0 \u00a0 \u00a0 \u00a0 \u00a0 \u00a0 tel. (81) 454 55 22 <br \/>e-mail: <a href=\"mailto:mazena.antonik@kul.pl\"><span style=\"color: #00ccff;\">marzena.antonik@kul.pl<\/span><\/a><\/p>\n<p>\u00a0<\/p>\n<p>Administratorem jest Katolicki Uniwersytet Lubelski Jana Paw\u0142a II z siedzib\u0105 w Lublinie przy Al. Rac\u0142awickich 14 (nr tel.: 81 445 41 01, adres e-mail: <a href=\"mailto:kul@kul.pl\" target=\"_blank\" rel=\"noreferrer noopener\"><span style=\"color: #00ccff;\">kul@kul.pl<\/span><\/a>). Dane kontaktowe inspektora ochrony danych \u2013\u00a0<strong>nr tel.: 81 445 32 30, adres e-mail:\u00a0<a href=\"mailto:iod@kul.pl\" target=\"_blank\" rel=\"noreferrer noopener\"><span style=\"color: #00ccff;\">iod@kul.pl<\/span><\/a><\/strong><\/p>\n<p>Dane b\u0119d\u0105 przetwarzane wy\u0142\u0105cznie w celu udzielenia odpowiedzi na przes\u0142ane zapytanie. Podstaw\u0105 przetwarzania danych jest zgoda osoby, kt\u00f3rej dane dotycz\u0105, udzielona poprzez wyra\u017ane dzia\u0142anie potwierdzaj\u0105ce (tj. przes\u0142anie wiadomo\u015bci). Pani\/Pana dane b\u0119d\u0105 przetwarzane nie d\u0142u\u017cej, ni\u017c jest to konieczne do udzielenia odpowiedzi, a po tym czasie mog\u0105 by\u0107 przetwarzane do czasu przedawnienia ewentualnych roszcze\u0144. Dane s\u0105 ujawniane wy\u0142\u0105cznie osobom upowa\u017cnionym przez administratora.\u00a0Podanie danych jest dobrowolne, niemniej konieczne do tego, \u017ceby odpowiedzie\u0107 na pytanie. Przys\u0142uguje Pani\/Panu prawo do \u017c\u0105dania dost\u0119pu do swoich danych osobowych, ich sprostowania, usuni\u0119cia lub ograniczenia przetwarzania, prawo do cofni\u0119cia zgody oraz wniesienia skargi do Prezesa Urz\u0119du Ochrony Danych Osobowych.<\/p>\n<p><br \/><br \/><div class=\"wpcf7 no-js\" id=\"wpcf7-f2306-o1\" lang=\"pl-PL\" dir=\"ltr\" data-wpcf7-id=\"2306\">\n<div class=\"screen-reader-response\">\n<p role=\"status\" aria-live=\"polite\" aria-atomic=\"true\">\n<ul><\/ul>\n<\/div>\n<form action=\"\/index.php?rest_route=%2Fwp%2Fv2%2Fpages%2F51#wpcf7-f2306-o1\" method=\"post\" class=\"wpcf7-form init\" aria-label=\"Formularz kontaktowy\" novalidate=\"novalidate\" data-status=\"init\">\n<fieldset class=\"hidden-fields-container\"><input type=\"hidden\" name=\"_wpcf7\" value=\"2306\" \/><input type=\"hidden\" name=\"_wpcf7_version\" value=\"6.1.5\" \/><input type=\"hidden\" name=\"_wpcf7_locale\" value=\"pl_PL\" \/><input type=\"hidden\" name=\"_wpcf7_unit_tag\" value=\"wpcf7-f2306-o1\" \/><input type=\"hidden\" name=\"_wpcf7_container_post\" value=\"0\" \/><input type=\"hidden\" name=\"_wpcf7_posted_data_hash\" value=\"\" \/><br \/>\n<\/fieldset>\n<p><label> Twoje imi\u0119 i nazwisko<br \/>\n<span class=\"wpcf7-form-control-wrap\" data-name=\"your-name\"><input size=\"40\" maxlength=\"400\" class=\"wpcf7-form-control wpcf7-text wpcf7-validates-as-required\" autocomplete=\"name\" aria-required=\"true\" aria-invalid=\"false\" value=\"\" type=\"text\" name=\"your-name\" \/><\/span> <\/label>\n<\/p>\n<p><label> Tw\u00f3j adres e-mail<br \/>\n<span class=\"wpcf7-form-control-wrap\" data-name=\"your-email\"><input size=\"40\" maxlength=\"400\" class=\"wpcf7-form-control wpcf7-email wpcf7-validates-as-required wpcf7-text wpcf7-validates-as-email\" autocomplete=\"email\" aria-required=\"true\" aria-invalid=\"false\" value=\"\" type=\"email\" name=\"your-email\" \/><\/span> <\/label>\n<\/p>\n<p><label> Temat<br \/>\n<span class=\"wpcf7-form-control-wrap\" data-name=\"your-subject\"><input size=\"40\" maxlength=\"400\" class=\"wpcf7-form-control wpcf7-text wpcf7-validates-as-required\" aria-required=\"true\" aria-invalid=\"false\" value=\"\" type=\"text\" name=\"your-subject\" \/><\/span> <\/label>\n<\/p>\n<p><label> Twoja wiadomo\u015bci (opcjonalne)<br \/>\n<span class=\"wpcf7-form-control-wrap\" data-name=\"your-message\"><textarea cols=\"40\" rows=\"10\" maxlength=\"2000\" class=\"wpcf7-form-control wpcf7-textarea\" aria-invalid=\"false\" name=\"your-message\"><\/textarea><\/span> <\/label>\n<\/p>\n<p><span class=\"wpcf7-form-control-wrap\" data-name=\"your-acceptance\"><span class=\"wpcf7-form-control wpcf7-acceptance\"><span class=\"wpcf7-list-item\"><input type=\"checkbox\" name=\"your-acceptance\" value=\"1\" aria-invalid=\"false\" \/><\/span><\/span><\/span> &#8221; Wyra\u017cam zgod\u0119 na przetwarzanie danych osobowych w celu odpowiedzi na mojego emaila. Wi\u0119cej informacji w <a target=\"blank\" herf=\"https:\/\/akademiki.kul.pl\/wp-admin\/post-new.php?post_type=page\">Polityce Prywatno\u015bci.<br \/>\n<input class=\"wpcf7-form-control wpcf7-submit has-spinner\" type=\"submit\" value=\"Wy\u015blij\" \/><\/a>\n<\/p>\n<p><input type='hidden' class='wpcf7-pum' value='{\"closepopup\":false,\"closedelay\":0,\"openpopup\":false,\"openpopup_id\":0}' \/><\/p>\n<div class=\"wpcf7-response-output\" aria-hidden=\"true\"><\/div>\n<\/form>\n<\/div>\n<\/div>\n<p>\n<\/p>\t\t\t\t\t\t\t\t<\/div>\n\t\t\t\t<\/div>\n\t\t\t\t\t<\/div>\n\t\t\t\t<\/div>\n\t\t\t\t<\/div>\n\t\t","protected":false},"excerpt":{"rendered":"<p>\u017be\u0144ski Dom Studencki KUL \u201eKonstantyna\u201d:\u00a0 \u00a0 \u00a0 \u00a0\u00a0 \u00a0 \u00a0 \u00a0 \u00a0 \u00a0 \u00a0 \u00a0 \u00a0 \u00a0 \u00a0 \u00a0 \u00a0 \u00a0 \u00a0 \u00a0 \u00a0 \u00a0 \u00a0 \u00a0 \u00a0 \u00a0 \u00a0&#8230;<\/p>\n","protected":false},"author":7,"featured_media":0,"parent":0,"menu_order":0,"comment_status":"closed","ping_status":"closed","template":"","meta":{"footnotes":""},"class_list":["post-51","page","type-page","status-publish","hentry"],"yoast_head":"<!-- This site is optimized with the Yoast SEO plugin v27.3 - https:\/\/yoast.com\/product\/yoast-seo-wordpress\/ -->\n<title>Kontakt - Domy Studenckie KUL<\/title>\n<meta name=\"robots\" content=\"index, follow, max-snippet:-1, max-image-preview:large, max-video-preview:-1\" \/>\n<link rel=\"canonical\" href=\"https:\/\/akademiki.kul.pl\/?page_id=51\" \/>\n<meta property=\"og:locale\" content=\"pl_PL\" \/>\n<meta property=\"og:type\" content=\"article\" \/>\n<meta property=\"og:title\" content=\"Kontakt - Domy Studenckie KUL\" \/>\n<meta property=\"og:description\" content=\"\u017be\u0144ski Dom Studencki KUL \u201eKonstantyna\u201d:\u00a0 \u00a0 \u00a0 \u00a0\u00a0 \u00a0 \u00a0 \u00a0 \u00a0 \u00a0 \u00a0 \u00a0 \u00a0 \u00a0 \u00a0 \u00a0 \u00a0 \u00a0 \u00a0 \u00a0 \u00a0 \u00a0 \u00a0 \u00a0 \u00a0 \u00a0 \u00a0...\" \/>\n<meta property=\"og:url\" content=\"https:\/\/akademiki.kul.pl\/?page_id=51\" \/>\n<meta property=\"og:site_name\" content=\"Domy Studenckie KUL\" \/>\n<meta property=\"article:publisher\" content=\"https:\/\/www.facebook.com\/mdskulkonstantynow\/\" \/>\n<meta name=\"twitter:card\" content=\"summary_large_image\" \/>\n<meta name=\"twitter:label1\" content=\"Szacowany czas czytania\" \/>\n\t<meta name=\"twitter:data1\" content=\"3 minuty\" \/>\n<script type=\"application\/ld+json\" class=\"yoast-schema-graph\">{\"@context\":\"https:\\\/\\\/schema.org\",\"@graph\":[{\"@type\":\"WebPage\",\"@id\":\"https:\\\/\\\/akademiki.kul.pl\\\/?page_id=51\",\"url\":\"https:\\\/\\\/akademiki.kul.pl\\\/?page_id=51\",\"name\":\"Kontakt - Domy Studenckie KUL\",\"isPartOf\":{\"@id\":\"https:\\\/\\\/akademiki.kul.pl\\\/#website\"},\"datePublished\":\"2026-02-18T09:56:33+00:00\",\"breadcrumb\":{\"@id\":\"https:\\\/\\\/akademiki.kul.pl\\\/?page_id=51#breadcrumb\"},\"inLanguage\":\"pl-PL\",\"potentialAction\":[{\"@type\":\"ReadAction\",\"target\":[\"https:\\\/\\\/akademiki.kul.pl\\\/?page_id=51\"]}]},{\"@type\":\"BreadcrumbList\",\"@id\":\"https:\\\/\\\/akademiki.kul.pl\\\/?page_id=51#breadcrumb\",\"itemListElement\":[{\"@type\":\"ListItem\",\"position\":1,\"name\":\"Strona g\u0142\u00f3wna\",\"item\":\"https:\\\/\\\/akademiki.kul.pl\\\/\"},{\"@type\":\"ListItem\",\"position\":2,\"name\":\"Kontakt\"}]},{\"@type\":\"WebSite\",\"@id\":\"https:\\\/\\\/akademiki.kul.pl\\\/#website\",\"url\":\"https:\\\/\\\/akademiki.kul.pl\\\/\",\"name\":\"Domy Studenckie KUL\",\"description\":\"Akademiki z pe\u0142n\u0105 KULtur\u0105\",\"publisher\":{\"@id\":\"https:\\\/\\\/akademiki.kul.pl\\\/#organization\"},\"potentialAction\":[{\"@type\":\"SearchAction\",\"target\":{\"@type\":\"EntryPoint\",\"urlTemplate\":\"https:\\\/\\\/akademiki.kul.pl\\\/?s={search_term_string}\"},\"query-input\":{\"@type\":\"PropertyValueSpecification\",\"valueRequired\":true,\"valueName\":\"search_term_string\"}}],\"inLanguage\":\"pl-PL\"},{\"@type\":\"Organization\",\"@id\":\"https:\\\/\\\/akademiki.kul.pl\\\/#organization\",\"name\":\"Domy Studenckie KUL\",\"url\":\"https:\\\/\\\/akademiki.kul.pl\\\/\",\"logo\":{\"@type\":\"ImageObject\",\"inLanguage\":\"pl-PL\",\"@id\":\"https:\\\/\\\/akademiki.kul.pl\\\/#\\\/schema\\\/logo\\\/image\\\/\",\"url\":\"https:\\\/\\\/akademiki.kul.pl\\\/wp-content\\\/uploads\\\/2023\\\/06\\\/cropped-Korys-Piotr-logo-DS_KUL.png\",\"contentUrl\":\"https:\\\/\\\/akademiki.kul.pl\\\/wp-content\\\/uploads\\\/2023\\\/06\\\/cropped-Korys-Piotr-logo-DS_KUL.png\",\"width\":7462,\"height\":1408,\"caption\":\"Domy Studenckie KUL\"},\"image\":{\"@id\":\"https:\\\/\\\/akademiki.kul.pl\\\/#\\\/schema\\\/logo\\\/image\\\/\"},\"sameAs\":[\"https:\\\/\\\/www.facebook.com\\\/mdskulkonstantynow\\\/\",\"https:\\\/\\\/www.facebook.com\\\/zdskul\\\/\"]}]}<\/script>\n<!-- \/ Yoast SEO plugin. -->","yoast_head_json":{"title":"Kontakt - Domy Studenckie KUL","robots":{"index":"index","follow":"follow","max-snippet":"max-snippet:-1","max-image-preview":"max-image-preview:large","max-video-preview":"max-video-preview:-1"},"canonical":"https:\/\/akademiki.kul.pl\/?page_id=51","og_locale":"pl_PL","og_type":"article","og_title":"Kontakt - Domy Studenckie KUL","og_description":"\u017be\u0144ski Dom Studencki KUL \u201eKonstantyna\u201d:\u00a0 \u00a0 \u00a0 \u00a0\u00a0 \u00a0 \u00a0 \u00a0 \u00a0 \u00a0 \u00a0 \u00a0 \u00a0 \u00a0 \u00a0 \u00a0 \u00a0 \u00a0 \u00a0 \u00a0 \u00a0 \u00a0 \u00a0 \u00a0 \u00a0 \u00a0 \u00a0...","og_url":"https:\/\/akademiki.kul.pl\/?page_id=51","og_site_name":"Domy Studenckie KUL","article_publisher":"https:\/\/www.facebook.com\/mdskulkonstantynow\/","twitter_card":"summary_large_image","twitter_misc":{"Szacowany czas czytania":"3 minuty"},"schema":{"@context":"https:\/\/schema.org","@graph":[{"@type":"WebPage","@id":"https:\/\/akademiki.kul.pl\/?page_id=51","url":"https:\/\/akademiki.kul.pl\/?page_id=51","name":"Kontakt - Domy Studenckie KUL","isPartOf":{"@id":"https:\/\/akademiki.kul.pl\/#website"},"datePublished":"2026-02-18T09:56:33+00:00","breadcrumb":{"@id":"https:\/\/akademiki.kul.pl\/?page_id=51#breadcrumb"},"inLanguage":"pl-PL","potentialAction":[{"@type":"ReadAction","target":["https:\/\/akademiki.kul.pl\/?page_id=51"]}]},{"@type":"BreadcrumbList","@id":"https:\/\/akademiki.kul.pl\/?page_id=51#breadcrumb","itemListElement":[{"@type":"ListItem","position":1,"name":"Strona g\u0142\u00f3wna","item":"https:\/\/akademiki.kul.pl\/"},{"@type":"ListItem","position":2,"name":"Kontakt"}]},{"@type":"WebSite","@id":"https:\/\/akademiki.kul.pl\/#website","url":"https:\/\/akademiki.kul.pl\/","name":"Domy Studenckie KUL","description":"Akademiki z pe\u0142n\u0105 KULtur\u0105","publisher":{"@id":"https:\/\/akademiki.kul.pl\/#organization"},"potentialAction":[{"@type":"SearchAction","target":{"@type":"EntryPoint","urlTemplate":"https:\/\/akademiki.kul.pl\/?s={search_term_string}"},"query-input":{"@type":"PropertyValueSpecification","valueRequired":true,"valueName":"search_term_string"}}],"inLanguage":"pl-PL"},{"@type":"Organization","@id":"https:\/\/akademiki.kul.pl\/#organization","name":"Domy Studenckie KUL","url":"https:\/\/akademiki.kul.pl\/","logo":{"@type":"ImageObject","inLanguage":"pl-PL","@id":"https:\/\/akademiki.kul.pl\/#\/schema\/logo\/image\/","url":"https:\/\/akademiki.kul.pl\/wp-content\/uploads\/2023\/06\/cropped-Korys-Piotr-logo-DS_KUL.png","contentUrl":"https:\/\/akademiki.kul.pl\/wp-content\/uploads\/2023\/06\/cropped-Korys-Piotr-logo-DS_KUL.png","width":7462,"height":1408,"caption":"Domy Studenckie KUL"},"image":{"@id":"https:\/\/akademiki.kul.pl\/#\/schema\/logo\/image\/"},"sameAs":["https:\/\/www.facebook.com\/mdskulkonstantynow\/","https:\/\/www.facebook.com\/zdskul\/"]}]}},"_links":{"self":[{"href":"https:\/\/akademiki.kul.pl\/index.php?rest_route=\/wp\/v2\/pages\/51","targetHints":{"allow":["GET"]}}],"collection":[{"href":"https:\/\/akademiki.kul.pl\/index.php?rest_route=\/wp\/v2\/pages"}],"about":[{"href":"https:\/\/akademiki.kul.pl\/index.php?rest_route=\/wp\/v2\/types\/page"}],"author":[{"embeddable":true,"href":"https:\/\/akademiki.kul.pl\/index.php?rest_route=\/wp\/v2\/users\/7"}],"replies":[{"embeddable":true,"href":"https:\/\/akademiki.kul.pl\/index.php?rest_route=%2Fwp%2Fv2%2Fcomments&post=51"}],"version-history":[{"count":166,"href":"https:\/\/akademiki.kul.pl\/index.php?rest_route=\/wp\/v2\/pages\/51\/revisions"}],"predecessor-version":[{"id":4804,"href":"https:\/\/akademiki.kul.pl\/index.php?rest_route=\/wp\/v2\/pages\/51\/revisions\/4804"}],"wp:attachment":[{"href":"https:\/\/akademiki.kul.pl\/index.php?rest_route=%2Fwp%2Fv2%2Fmedia&parent=51"}],"curies":[{"name":"wp","href":"https:\/\/api.w.org\/{rel}","templated":true}]}}