{"id":882,"date":"2022-06-07T09:38:01","date_gmt":"2022-06-07T07:38:01","guid":{"rendered":"https:\/\/akademiki.kul.pl\/?page_id=882"},"modified":"2025-06-30T09:57:08","modified_gmt":"2025-06-30T07:57:08","slug":"residence-hall-room-assignments-2022-23","status":"publish","type":"page","link":"https:\/\/akademiki.kul.pl\/?page_id=882&lang=en","title":{"rendered":"ACCOMMODATION"},"content":{"rendered":"\n<p>&nbsp;<\/p>\n\n\n\n<h1 class=\"wp-block-heading\">Application<\/h1>\n\n\n\n<p>Application for student housing for the academic year 2025\/26.<\/p>\n\n\n\n<p>1. The submission of an application involves the accurate completion and formal confirmation of the application form via the e-KUL\/e-Recruitment platform.<\/p>\n\n\n\n<ol class=\"wp-block-list\">\n<li><\/li>\n<\/ol>\n\n\n\n<p>2. The application is available under the \u2018applications\u2019 tab on your e-KUL. or e-Rekrut account (the &#8222;Accommodation&#8221; tab). The application will only be available to those who are studying or have confirmed their choice of study at KUL. The first round of applications runs until 23 July 2025.<\/p>\n\n\n\n<p>3. Accommodation in a student residence is assigned based on a student&#8217;s submitted application.<br>The application should indicate the applicant\u2019s preferred student residence:<br>&#8211; ul. Konstantyn\u00f3w 1D &#8222;Konstantyna&#8221; &#8211; Lublin (student residence hall for women)<br>&#8211; ul. Konstantyn\u00f3w 1A &#8222;Idzi&#8221; &#8211; Lublin (student residence hall for men)<br> &#8211; ul. Konstantyn\u00f3w 1B &#8222;Karol&#8221; &#8211; Lublin (student residence hall for men)<br>&#8211; ul. Nieca\u0142a 8 &#8222;Idzi&#8221; &#8211; Lublin (men&#8217;s + matrimonial residence hall)<br>&#8211; ul. Ofiar Katynia 6 &#8222;Stella&#8221; &#8211; Stalowa Wola (separate men\u2019s and women\u2019s sections)<\/p>\n\n\n\n<p>4. MINORS may apply for a place in the student residence halls on the basis of a declaration by a parent or legal guardian submitted while applying.<\/p>\n\n\n\n<p>5.&nbsp;Submitting an application consists of:<br>&#8211; correct completion and validation of the application on the e-Kul\/e-Rekrut platform)<\/p>\n\n\n\n<p>Applications can be submitted by any interested student.<\/p>\n\n\n\n<p>6. Priority for a place in a student residence hall is determined primarily by eligibility for a social grant including:<br>&#8211; distance from permanent residence;<br>&#8211; financial hardship (based on monthly income per person in the family);<br>&#8211; orphanhood;<br>&#8211; disability;<br>&#8211; single parenting;<br>&#8211; continuation of accommodation;<br>&#8211; timely payment of fees in previous years;<br>&#8211; date of application.<br>Persons wishing to take advantage of the priority rules for the allocation of a place in student residence hall are required to attach a copy of their disability certificate to their application. Other priority details must be provided in the application.<\/p>\n\n\n\n<p>Please send scans of additional documents (e.g. disability certificate) to&nbsp;<a href=\"mailto:kds%40kul.pl\">kds@kul.pl<\/a>&nbsp;with the remark \u201czalacznik&nbsp;<em>name of applicant<\/em>&#8222;.<\/p>\n\n\n\n<p>The method for calculating income can be found at&nbsp;<a href=\"http:\/\/www.kul.pl\/pomocmaterialna\">www.kul.pl\/pomocmaterialna<\/a>.<\/p>\n\n\n\n<p>7. Applications for a place in student residence hall submitted by:<\/p>\n\n\n\n<p>a. 23 July &#8211; shall be considered on 25 July at the Committee for Student Residence Affairs meeting;<\/p>\n\n\n\n<p>b.  5 August &#8211; shall be considered 7 August at the Committee for Student Residence Affairs meeting;<\/p>\n\n\n\n<p>c. 9 September &#8211; shall be considered on 11 September at the Committee for Student Residence Affairs meeting;<\/p>\n\n\n\n<p>d. 22 September &#8211; shall be considered on 24 September at the Committee for Student Residence Affairs meeting.<\/p>\n\n\n\n<p>8. Information on the granting or refusal of a place in dormitory is only given electronically by publishing it on your e-KUL account. Information can also be obtained in person in the student residence hall.<\/p>\n\n\n\n<p>9. As per the 2025\/26 Application schedule:<\/p>\n\n\n\n<p>a. At the the Committee for Student Residence Affairs meeting on July 25, 2025, the following applications will be reviewed: applications submitted by current residents, applications from students who have not previously lived in KUL student residences, applications submitted by newly admitted first-cycle (Bachelor\u2019s), long-cycle Master\u2019s, and second-cycle (Master\u2019s) students,<\/p>\n\n\n\n<p>b. At the Committee for Student Residence Affairs meeting on 7 August 2025, other applications of students recruited for second degree programs shall be considered,<\/p>\n\n\n\n<p>c. At the Committee for Student Residence Affairs meeting on 11 September 2025, applications of students from other universities and applications from outside the Catholic University of Lublin shall be considered.<\/p>\n\n\n\n<p>d. At the Committee for Student Residence Affairs meeting on September 11, 2025, applications submitted by students from other universities and individuals not affiliated with KUL will be reviewed.<\/p>\n\n\n\n<p>10. An applicant who has been granted accommodation in a student residence hall must confirm acceptance of the offer by paying a booking deposit equivalent to the monthly rent for the assigned bed within the specified timeframe:<\/p>\n\n\n\n<p>a) The booking deposit must be paid by 1 October for places granted on 24 September<strong>.<\/strong><\/p>\n\n\n\n<p>b) The booking deposit must be paid by 1 August for places granted on 25 July<strong>.<\/strong><\/p>\n\n\n\n<p>c) The booking deposit must be paid by 14 August for places granted on 7 August.<\/p>\n\n\n\n<p>d) The booking deposit must be paid by 18 September for places granted on 11 September<strong>.<\/strong><\/p>\n\n\n\n<p>The deposit serves as security for the costs of any damage caused to the student residence or non-payment of the fee for a stay in the student residence. The deposit shall be returned at the student&#8217;s request, after the student has been finally evicted from the student residence, in accordance with \u00a7 4 of the Student Residence Regulations of the Catholic University of Lublin.<br>Information on the payment amount and method will be included in your student accommodation offer. If payment is not received by the deadline, your accommodation will be forfeited.<\/p>\n\n\n\n<p>11. The accommodation plan is prepared by the Head of the Student Dormitory Section, with due consideration given, where feasible, to the preferences of current dormitory residents.<\/p>\n\n\n\n<p>12. Students from other universities and individuals who are not affiliated with KUL but wish to live in a KUL student residence should complete the fillable <a href=\"https:\/\/akademiki.kul.pl\/wp-content\/uploads\/2025\/06\/wniosek_o-miejsce-w-DS_zal_1_EN_do-uzupelnienia-2025.pdf\">PDF application form<\/a> and then send a scan of the signed printout to the email address of the relevant student dormitory.<\/p>\n\n\n\n<p>13. Students who have terminated their accommodation during the academic year in order to return the deposit should complete and return the signed application to tomasz.kolodziejczyk@kul.pl. <a href=\"https:\/\/akademiki.kul.pl\/wp-content\/uploads\/2024\/07\/skan__2024-07-18_14-46-07-963_0001.pdf\">Application for refund of deposit<\/a>.<\/p>\n\n\n\n<p>TELEPHONES FOR THE INDIVIDUAL STUDENT RESIDENCE HALLS OF KUL:<br>Reception of the Student Residence Hall for Women at Konstantyn\u00f3w 1D &#8222;Konstantyna&#8221;: 81 445 4816<br>Reception of the Student Residence Hall for Men at Konstantyn\u00f3w 1B\/A &#8222;Karol&#8221; and &#8222;Stefan&#8221;: 81 445 4730<br>Reception of the Student Residence Hall for Men at Nieca\u0142a 8 &#8222;Idzi&#8221;: 81 445 3003<br>Reception of the Student Residence Hall in Stalowa Wola at Ofiar Katynia 6 &#8222;Stella&#8221;: 81 454 5526<\/p>\n","protected":false},"excerpt":{"rendered":"<p>&nbsp; Application Application for student housing for the academic year 2025\/26. 1. The submission of an application involves the accurate completion and formal confirmation of the application form via the&#8230;<\/p>\n","protected":false},"author":1,"featured_media":0,"parent":0,"menu_order":0,"comment_status":"closed","ping_status":"closed","template":"","meta":{"footnotes":""},"class_list":["post-882","page","type-page","status-publish","hentry"],"yoast_head":"<!-- This site is optimized with the Yoast SEO plugin v27.5 - https:\/\/yoast.com\/product\/yoast-seo-wordpress\/ -->\n<title>ACCOMMODATION - Domy Studenckie KUL<\/title>\n<meta name=\"robots\" content=\"index, follow, max-snippet:-1, max-image-preview:large, max-video-preview:-1\" \/>\n<link rel=\"canonical\" href=\"https:\/\/akademiki.kul.pl\/?page_id=882&lang=en\" \/>\n<meta property=\"og:locale\" content=\"pl_PL\" \/>\n<meta property=\"og:type\" content=\"article\" \/>\n<meta property=\"og:title\" content=\"ACCOMMODATION - Domy Studenckie KUL\" \/>\n<meta property=\"og:description\" content=\"&nbsp; Application Application for student housing for the academic year 2025\/26. 1. The submission of an application involves the accurate completion and formal confirmation of the application form via the...\" \/>\n<meta property=\"og:url\" content=\"https:\/\/akademiki.kul.pl\/?page_id=882&amp;lang=en\" \/>\n<meta property=\"og:site_name\" content=\"Domy Studenckie KUL\" \/>\n<meta property=\"article:publisher\" content=\"https:\/\/www.facebook.com\/mdskulkonstantynow\/\" \/>\n<meta property=\"article:modified_time\" content=\"2025-06-30T07:57:08+00:00\" \/>\n<meta name=\"twitter:card\" content=\"summary_large_image\" \/>\n<meta name=\"twitter:label1\" content=\"Szacowany czas czytania\" \/>\n\t<meta name=\"twitter:data1\" content=\"6 minut\" \/>\n<script type=\"application\/ld+json\" class=\"yoast-schema-graph\">{\"@context\":\"https:\\\/\\\/schema.org\",\"@graph\":[{\"@type\":\"WebPage\",\"@id\":\"https:\\\/\\\/akademiki.kul.pl\\\/?page_id=882&lang=en\",\"url\":\"https:\\\/\\\/akademiki.kul.pl\\\/?page_id=882&lang=en\",\"name\":\"ACCOMMODATION - Domy Studenckie KUL\",\"isPartOf\":{\"@id\":\"https:\\\/\\\/akademiki.kul.pl\\\/#website\"},\"datePublished\":\"2022-06-07T07:38:01+00:00\",\"dateModified\":\"2025-06-30T07:57:08+00:00\",\"breadcrumb\":{\"@id\":\"https:\\\/\\\/akademiki.kul.pl\\\/?page_id=882&lang=en#breadcrumb\"},\"inLanguage\":\"pl-PL\",\"potentialAction\":[{\"@type\":\"ReadAction\",\"target\":[\"https:\\\/\\\/akademiki.kul.pl\\\/?page_id=882&lang=en\"]}]},{\"@type\":\"BreadcrumbList\",\"@id\":\"https:\\\/\\\/akademiki.kul.pl\\\/?page_id=882&lang=en#breadcrumb\",\"itemListElement\":[{\"@type\":\"ListItem\",\"position\":1,\"name\":\"Strona g\u0142\u00f3wna\",\"item\":\"https:\\\/\\\/akademiki.kul.pl\\\/\"},{\"@type\":\"ListItem\",\"position\":2,\"name\":\"ACCOMMODATION\"}]},{\"@type\":\"WebSite\",\"@id\":\"https:\\\/\\\/akademiki.kul.pl\\\/#website\",\"url\":\"https:\\\/\\\/akademiki.kul.pl\\\/\",\"name\":\"Domy Studenckie KUL\",\"description\":\"Akademiki z pe\u0142n\u0105 KULtur\u0105\",\"publisher\":{\"@id\":\"https:\\\/\\\/akademiki.kul.pl\\\/#organization\"},\"potentialAction\":[{\"@type\":\"SearchAction\",\"target\":{\"@type\":\"EntryPoint\",\"urlTemplate\":\"https:\\\/\\\/akademiki.kul.pl\\\/?s={search_term_string}\"},\"query-input\":{\"@type\":\"PropertyValueSpecification\",\"valueRequired\":true,\"valueName\":\"search_term_string\"}}],\"inLanguage\":\"pl-PL\"},{\"@type\":\"Organization\",\"@id\":\"https:\\\/\\\/akademiki.kul.pl\\\/#organization\",\"name\":\"Domy Studenckie KUL\",\"url\":\"https:\\\/\\\/akademiki.kul.pl\\\/\",\"logo\":{\"@type\":\"ImageObject\",\"inLanguage\":\"pl-PL\",\"@id\":\"https:\\\/\\\/akademiki.kul.pl\\\/#\\\/schema\\\/logo\\\/image\\\/\",\"url\":\"https:\\\/\\\/akademiki.kul.pl\\\/wp-content\\\/uploads\\\/2023\\\/06\\\/cropped-Korys-Piotr-logo-DS_KUL.png\",\"contentUrl\":\"https:\\\/\\\/akademiki.kul.pl\\\/wp-content\\\/uploads\\\/2023\\\/06\\\/cropped-Korys-Piotr-logo-DS_KUL.png\",\"width\":7462,\"height\":1408,\"caption\":\"Domy Studenckie KUL\"},\"image\":{\"@id\":\"https:\\\/\\\/akademiki.kul.pl\\\/#\\\/schema\\\/logo\\\/image\\\/\"},\"sameAs\":[\"https:\\\/\\\/www.facebook.com\\\/mdskulkonstantynow\\\/\",\"https:\\\/\\\/www.facebook.com\\\/zdskul\\\/\"]}]}<\/script>\n<!-- \/ Yoast SEO plugin. -->","yoast_head_json":{"title":"ACCOMMODATION - Domy Studenckie KUL","robots":{"index":"index","follow":"follow","max-snippet":"max-snippet:-1","max-image-preview":"max-image-preview:large","max-video-preview":"max-video-preview:-1"},"canonical":"https:\/\/akademiki.kul.pl\/?page_id=882&lang=en","og_locale":"pl_PL","og_type":"article","og_title":"ACCOMMODATION - Domy Studenckie KUL","og_description":"&nbsp; Application Application for student housing for the academic year 2025\/26. 1. The submission of an application involves the accurate completion and formal confirmation of the application form via the...","og_url":"https:\/\/akademiki.kul.pl\/?page_id=882&lang=en","og_site_name":"Domy Studenckie KUL","article_publisher":"https:\/\/www.facebook.com\/mdskulkonstantynow\/","article_modified_time":"2025-06-30T07:57:08+00:00","twitter_card":"summary_large_image","twitter_misc":{"Szacowany czas czytania":"6 minut"},"schema":{"@context":"https:\/\/schema.org","@graph":[{"@type":"WebPage","@id":"https:\/\/akademiki.kul.pl\/?page_id=882&lang=en","url":"https:\/\/akademiki.kul.pl\/?page_id=882&lang=en","name":"ACCOMMODATION - Domy Studenckie KUL","isPartOf":{"@id":"https:\/\/akademiki.kul.pl\/#website"},"datePublished":"2022-06-07T07:38:01+00:00","dateModified":"2025-06-30T07:57:08+00:00","breadcrumb":{"@id":"https:\/\/akademiki.kul.pl\/?page_id=882&lang=en#breadcrumb"},"inLanguage":"pl-PL","potentialAction":[{"@type":"ReadAction","target":["https:\/\/akademiki.kul.pl\/?page_id=882&lang=en"]}]},{"@type":"BreadcrumbList","@id":"https:\/\/akademiki.kul.pl\/?page_id=882&lang=en#breadcrumb","itemListElement":[{"@type":"ListItem","position":1,"name":"Strona g\u0142\u00f3wna","item":"https:\/\/akademiki.kul.pl\/"},{"@type":"ListItem","position":2,"name":"ACCOMMODATION"}]},{"@type":"WebSite","@id":"https:\/\/akademiki.kul.pl\/#website","url":"https:\/\/akademiki.kul.pl\/","name":"Domy Studenckie KUL","description":"Akademiki z pe\u0142n\u0105 KULtur\u0105","publisher":{"@id":"https:\/\/akademiki.kul.pl\/#organization"},"potentialAction":[{"@type":"SearchAction","target":{"@type":"EntryPoint","urlTemplate":"https:\/\/akademiki.kul.pl\/?s={search_term_string}"},"query-input":{"@type":"PropertyValueSpecification","valueRequired":true,"valueName":"search_term_string"}}],"inLanguage":"pl-PL"},{"@type":"Organization","@id":"https:\/\/akademiki.kul.pl\/#organization","name":"Domy Studenckie KUL","url":"https:\/\/akademiki.kul.pl\/","logo":{"@type":"ImageObject","inLanguage":"pl-PL","@id":"https:\/\/akademiki.kul.pl\/#\/schema\/logo\/image\/","url":"https:\/\/akademiki.kul.pl\/wp-content\/uploads\/2023\/06\/cropped-Korys-Piotr-logo-DS_KUL.png","contentUrl":"https:\/\/akademiki.kul.pl\/wp-content\/uploads\/2023\/06\/cropped-Korys-Piotr-logo-DS_KUL.png","width":7462,"height":1408,"caption":"Domy Studenckie KUL"},"image":{"@id":"https:\/\/akademiki.kul.pl\/#\/schema\/logo\/image\/"},"sameAs":["https:\/\/www.facebook.com\/mdskulkonstantynow\/","https:\/\/www.facebook.com\/zdskul\/"]}]}},"_links":{"self":[{"href":"https:\/\/akademiki.kul.pl\/index.php?rest_route=\/wp\/v2\/pages\/882","targetHints":{"allow":["GET"]}}],"collection":[{"href":"https:\/\/akademiki.kul.pl\/index.php?rest_route=\/wp\/v2\/pages"}],"about":[{"href":"https:\/\/akademiki.kul.pl\/index.php?rest_route=\/wp\/v2\/types\/page"}],"author":[{"embeddable":true,"href":"https:\/\/akademiki.kul.pl\/index.php?rest_route=\/wp\/v2\/users\/1"}],"replies":[{"embeddable":true,"href":"https:\/\/akademiki.kul.pl\/index.php?rest_route=%2Fwp%2Fv2%2Fcomments&post=882"}],"version-history":[{"count":71,"href":"https:\/\/akademiki.kul.pl\/index.php?rest_route=\/wp\/v2\/pages\/882\/revisions"}],"predecessor-version":[{"id":3939,"href":"https:\/\/akademiki.kul.pl\/index.php?rest_route=\/wp\/v2\/pages\/882\/revisions\/3939"}],"wp:attachment":[{"href":"https:\/\/akademiki.kul.pl\/index.php?rest_route=%2Fwp%2Fv2%2Fmedia&parent=882"}],"curies":[{"name":"wp","href":"https:\/\/api.w.org\/{rel}","templated":true}]}}